{"id":9964,"date":"2022-11-10T15:42:57","date_gmt":"2022-11-10T14:42:57","guid":{"rendered":"https:\/\/lineaunika.jumpgroup.it\/shop\/non%20class\u00e9\/broncholipto\/"},"modified":"2026-02-16T18:08:37","modified_gmt":"2026-02-16T17:08:37","slug":"broncholipto","status":"publish","type":"product","link":"https:\/\/unika.sitointest.it\/fr\/shop\/aliments-et-vitamines\/broncholipto\/","title":{"rendered":"Broncholipto"},"content":{"rendered":"<h4>Compl\u00e9ment alimentaire pour chevaux<\/h4>\n<p>Broncholipto est un aliment liquide compl\u00e9mentaire recommand\u00e9 pour maintenir les conditions physiologiques du syst\u00e8me respiratoire. Broncholipto contient des herbes et des extraits v\u00e9g\u00e9taux connus pour leurs propri\u00e9t\u00e9s balsamiques.<\/p>\n<h4>Quand l\u2019utiliser<\/h4>\n<p>Broncholipto peut \u00eatre utilis\u00e9 chez les chevaux qui doivent pr\u00e9server les conditions physiologiques de leur syst\u00e8me respiratoire. Id\u00e9al durant les changements de saison ou pendant les p\u00e9riodes de grand froid, lorsque le syst\u00e8me respiratoire du cheval est plus sensible.<\/p>\n<h4>Propri\u00e9t\u00e9s de ses \u00e9l\u00e9ments<\/h4>\n<p>Broncholipto contient des extraits v\u00e9g\u00e9taux d\u2019eucalyptus et de menthe ; il contient aussi de la propolis. L\u2019eucalyptus et la menthe sont connus en phytoth\u00e9rapie pour leurs bienfaits sur le syst\u00e8me respiratoire (84). La propolis a \u00e9galement des qualit\u00e9s b\u00e9n\u00e9fiques pour le syst\u00e8me respiratoire. Les publications scientifiques font \u00e9galement \u00e9tat de qualit\u00e9s antivirales et antibact\u00e9riennes (89).<\/p>\n<h4>Mode d\u2019emploi<\/h4>\n<p>Utiliser 5 cl (= 50 ml) de Broncholipto par jour (premi\u00e8re marque du doseur) bien m\u00e9lang\u00e9s \u00e0 la ration quotidienne, pendant un minimum de 25 jours cons\u00e9cutifs (recommand\u00e9).<\/p>\n<p>&nbsp;<\/p>\n<p>Poids net : 1,5 kg<\/p>\n<p><em>(Chaque organisme \u00e9tant sp\u00e9cifique, il est toujours conseill\u00e9 de tester les nouveaux aliments en les introduisant progressivement dans l\u2019alimentation du cheval pour en \u00e9valuer la tol\u00e9rance).<\/em><\/p>\n<p><em><strong>Nous proc\u00e9dons \u00e0 un examen des \u00e9tiquettes. Si vous souhaitez recevoir l&#8217;\u00e9tiquette avant la vente, nous vous demandons de nous envoyer un e-mail \u00e0 l&#8217;adresse suivante : info@lineaunika.it . Nous nous excusons pour la g\u00eane occasionn\u00e9e.<\/strong><\/em><\/p>\n","protected":false},"excerpt":{"rendered":"<p>\u2714\ufe0f Flacon avec doseur int\u00e9gr\u00e9<br \/>\n\u2714\ufe0f Produit liquide pour les chevaux qui n&#8217;aiment pas les poudres<br \/>\n\u2714\ufe0f Pour le bien-\u00eatre physiologique du syst\u00e8me respiratoire<\/p>\n","protected":false},"featured_media":20782,"template":"","meta":{"_acf_changed":false,"_joinchat":[]},"product_brand":[],"product_cat":[444],"product_tag":[536,670,682],"class_list":{"0":"post-9964","1":"product","2":"type-product","3":"status-publish","4":"has-post-thumbnail","6":"product_cat-aliments-et-vitamines","7":"product_tag-changement-de-saison","8":"product_tag-hiver","9":"product_tag-poumons","11":"first","12":"instock","13":"taxable","14":"shipping-taxable","15":"purchasable","16":"product-type-simple"},"acf":[],"_links":{"self":[{"href":"https:\/\/unika.sitointest.it\/fr\/wp-json\/wp\/v2\/product\/9964","targetHints":{"allow":["GET"]}}],"collection":[{"href":"https:\/\/unika.sitointest.it\/fr\/wp-json\/wp\/v2\/product"}],"about":[{"href":"https:\/\/unika.sitointest.it\/fr\/wp-json\/wp\/v2\/types\/product"}],"version-history":[{"count":4,"href":"https:\/\/unika.sitointest.it\/fr\/wp-json\/wp\/v2\/product\/9964\/revisions"}],"predecessor-version":[{"id":27861,"href":"https:\/\/unika.sitointest.it\/fr\/wp-json\/wp\/v2\/product\/9964\/revisions\/27861"}],"wp:featuredmedia":[{"embeddable":true,"href":"https:\/\/unika.sitointest.it\/fr\/wp-json\/wp\/v2\/media\/20782"}],"wp:attachment":[{"href":"https:\/\/unika.sitointest.it\/fr\/wp-json\/wp\/v2\/media?parent=9964"}],"wp:term":[{"taxonomy":"product_brand","embeddable":true,"href":"https:\/\/unika.sitointest.it\/fr\/wp-json\/wp\/v2\/product_brand?post=9964"},{"taxonomy":"product_cat","embeddable":true,"href":"https:\/\/unika.sitointest.it\/fr\/wp-json\/wp\/v2\/product_cat?post=9964"},{"taxonomy":"product_tag","embeddable":true,"href":"https:\/\/unika.sitointest.it\/fr\/wp-json\/wp\/v2\/product_tag?post=9964"}],"curies":[{"name":"wp","href":"https:\/\/api.w.org\/{rel}","templated":true}]}}