{"id":9916,"date":"2022-11-10T15:20:50","date_gmt":"2022-11-10T15:20:50","guid":{"rendered":"https:\/\/lineaunika.jumpgroup.it\/shop\/non%20class\u00e9\/gastro-health\/"},"modified":"2023-06-16T12:21:07","modified_gmt":"2023-06-16T12:21:07","slug":"gastro-health","status":"publish","type":"product","link":"https:\/\/unika.sitointest.it\/fr\/shop\/aliments-et-vitamines\/gastro-health\/","title":{"rendered":"Gastro Health"},"content":{"rendered":"<h4>Aliment complet pour chevaux<\/h4>\n<p>Gastro Health est un aliment complet pour tous les chevaux qui n\u00e9cessitent une alimentation de base respectueuse du bien-\u00eatre de l\u2019estomac. \u00c0 base de mati\u00e8res premi\u00e8res nobles et hautement digestibles, Gastro Health exploite \u00e9galement les propri\u00e9t\u00e9s phytoth\u00e9rapeutiques de la r\u00e9glisse pour offrir un aliment unique \u00e0 votre cheval.<\/p>\n<h4>Quand l\u2019utiliser<\/h4>\n<p>Gastro Health est un aliment complet qui peut \u00eatre utilis\u00e9 :<\/p>\n<p>&#8211; Chez les chevaux qui doivent pr\u00e9server les conditions physiologiques de l\u2019estomac<br \/>\n&#8211; Chez les chevaux souvent transport\u00e9s fragiles de l\u2019estomac<br \/>\n&#8211; Chez les chevaux dont les \u00e9motions se portent sur l\u2019estomac<\/p>\n<h4>Propri\u00e9t\u00e9s de ses \u00e9l\u00e9ments<\/h4>\n<p>La r\u00e9glisse et le charbon v\u00e9g\u00e9tal sont le secret de Gastro Health. Un produit qui exploite les qualit\u00e9s de ces \u00e9l\u00e9ments naturels pour aider le cheval \u00e0 maintenir les conditions physiologiques de l\u2019estomac.<\/p>\n<h4>Mode d\u2019emploi<\/h4>\n<p>Utiliser de 2 \u00e0 4 kg de Gastro Health par cheval et par jour.<br \/>\nLes rations alimentaires d\u00e9pendent de nombreux facteurs (\u00e2ge de l\u2019animal, activit\u00e9 sportive effectu\u00e9e, race, etc.).<br \/>\nC\u2019est pourquoi, nous vous invitons \u00e0 nous contacter pour conna\u00eetre la ration quotidienne \u00e0 utiliser pour votre cheval.<\/p>\n<h4>D\u00e9couvrez tous les avantages et la gestion des exp\u00e9ditions de nos aliments, cliquez sur ce <a href=\"https:\/\/media.lineaunika.it\/unika\/uploads\/2023\/06\/ALIMENTS-UNIKA-FR.pdf\">lien<\/a>!<\/h4>\n<p><em>(Chaque organisme \u00e9tant sp\u00e9cifique, il est toujours conseill\u00e9 de tester les nouveaux aliments en les introduisant progressivement dans l\u2019alimentation du cheval pour en \u00e9valuer la tol\u00e9rance).<\/em><\/p>\n<p><em><strong>Nous proc\u00e9dons \u00e0 un examen des \u00e9tiquettes. Si vous souhaitez recevoir l&#8217;\u00e9tiquette avant la vente, nous vous demandons de nous envoyer un e-mail \u00e0 l&#8217;adresse suivante : info@lineaunika.it . Nous nous excusons pour la g\u00eane occasionn\u00e9e.<\/strong><\/em><\/p>\n","protected":false},"excerpt":{"rendered":"<p>\u2714\ufe0f Granul\u00e9s de 4 mm pour une mastication facile<br \/>\n\u2714\ufe0f Convient \u00e9galement aux chevaux chauds<br \/>\n\u2714\ufe0f Favorise le bien-\u00eatre de l\u2019estomac<\/p>\n","protected":false},"featured_media":21278,"template":"","meta":{"_acf_changed":false,"_joinchat":[]},"product_brand":[],"product_cat":[444],"product_tag":[744,578,492,594,598,610],"class_list":{"0":"post-9916","1":"product","2":"type-product","3":"status-publish","4":"has-post-thumbnail","6":"product_cat-aliments-et-vitamines","7":"product_tag-alimente","8":"product_tag-anxiete-et-stress","9":"product_tag-estomac-et-intestin","10":"product_tag-gastrite-fr","11":"product_tag-indice-glycemique-bas","12":"product_tag-pas-de-mais-et-de-cereales","13":"product_shipping_class-mangimi","15":"first","16":"instock","17":"taxable","18":"shipping-taxable","19":"purchasable","20":"product-type-variable"},"acf":[],"_links":{"self":[{"href":"https:\/\/unika.sitointest.it\/fr\/wp-json\/wp\/v2\/product\/9916","targetHints":{"allow":["GET"]}}],"collection":[{"href":"https:\/\/unika.sitointest.it\/fr\/wp-json\/wp\/v2\/product"}],"about":[{"href":"https:\/\/unika.sitointest.it\/fr\/wp-json\/wp\/v2\/types\/product"}],"version-history":[{"count":3,"href":"https:\/\/unika.sitointest.it\/fr\/wp-json\/wp\/v2\/product\/9916\/revisions"}],"predecessor-version":[{"id":15590,"href":"https:\/\/unika.sitointest.it\/fr\/wp-json\/wp\/v2\/product\/9916\/revisions\/15590"}],"wp:featuredmedia":[{"embeddable":true,"href":"https:\/\/unika.sitointest.it\/fr\/wp-json\/wp\/v2\/media\/21278"}],"wp:attachment":[{"href":"https:\/\/unika.sitointest.it\/fr\/wp-json\/wp\/v2\/media?parent=9916"}],"wp:term":[{"taxonomy":"product_brand","embeddable":true,"href":"https:\/\/unika.sitointest.it\/fr\/wp-json\/wp\/v2\/product_brand?post=9916"},{"taxonomy":"product_cat","embeddable":true,"href":"https:\/\/unika.sitointest.it\/fr\/wp-json\/wp\/v2\/product_cat?post=9916"},{"taxonomy":"product_tag","embeddable":true,"href":"https:\/\/unika.sitointest.it\/fr\/wp-json\/wp\/v2\/product_tag?post=9916"}],"curies":[{"name":"wp","href":"https:\/\/api.w.org\/{rel}","templated":true}]}}