{"id":9888,"date":"2022-11-10T14:32:06","date_gmt":"2022-11-10T13:32:06","guid":{"rendered":"https:\/\/lineaunika.jumpgroup.it\/shop\/non%20class\u00e9\/unika-yeast\/"},"modified":"2026-02-16T18:09:28","modified_gmt":"2026-02-16T17:09:28","slug":"unika-yeast","status":"publish","type":"product","link":"https:\/\/unika.sitointest.it\/fr\/shop\/aliments-et-vitamines\/unika-yeast\/","title":{"rendered":"Unika Yeast"},"content":{"rendered":"<h4>Compl\u00e9ment alimentaire pour chevaux<\/h4>\n<p>Unika Yeast est un compl\u00e9ment alimentaire pour chevaux qui n\u00e9cessitent un plus grand apport de levures nobles dans leur alimentation quotidienne. Unika Yeast procure, non seulement tous les avantages de la levure, mais compl\u00e8te aussi l\u2019alimentation du cheval avec des vitamines et des acides amin\u00e9s essentiels.<\/p>\n<h4>Quand l\u2019utiliser<\/h4>\n<p>Unika Yeast est un compl\u00e9ment alimentaire qui peut \u00eatre utilis\u00e9 :<\/p>\n<p>&#8211; Pour compl\u00e9ter l\u2019alimentation du cheval en vitamines du groupe B<br \/>\n&#8211; Pour augmenter la part de prot\u00e9ines dans l\u2019alimentation quotidienne du cheval<\/p>\n<h4>Mode d\u2019emploi<\/h4>\n<p>M\u00e9langer de 50 \u00e0 60 g d\u2019Unika Yeast par jour \u00e0 la ration quotidienne.<\/p>\n<p>&nbsp;<\/p>\n<p>Poids net : 1 kg<\/p>\n<p><em>(Chaque organisme \u00e9tant sp\u00e9cifique, il est toujours conseill\u00e9 de tester les nouveaux aliments en les introduisant progressivement dans l\u2019alimentation du cheval pour en \u00e9valuer la tol\u00e9rance).<\/em><\/p>\n<p><em><strong>Nous proc\u00e9dons \u00e0 un examen des \u00e9tiquettes. Si vous souhaitez recevoir l&#8217;\u00e9tiquette avant la vente, nous vous demandons de nous envoyer un e-mail \u00e0 l&#8217;adresse suivante : info@lineaunika.it . Nous nous excusons pour la g\u00eane occasionn\u00e9e.<\/strong><\/em><\/p>\n","protected":false},"excerpt":{"rendered":"<p>\u2714\ufe0f Tasse \u00e0 mesurer pratique \u00e0 l&#8217;int\u00e9rieur de l&#8217;emballage<br \/>\n\u2714\ufe0f Il soutient le bien-\u00eatre de l&#8217;intestin<br \/>\n\u2714\ufe0f Avec pr\u00e9biotiques et vitamines<\/p>\n","protected":false},"featured_media":21565,"template":"","meta":{"_acf_changed":false,"_joinchat":[]},"product_brand":[],"product_cat":[444],"product_tag":[492],"class_list":{"0":"post-9888","1":"product","2":"type-product","3":"status-publish","4":"has-post-thumbnail","6":"product_cat-aliments-et-vitamines","7":"product_tag-estomac-et-intestin","9":"first","10":"instock","11":"taxable","12":"shipping-taxable","13":"purchasable","14":"product-type-simple"},"acf":[],"_links":{"self":[{"href":"https:\/\/unika.sitointest.it\/fr\/wp-json\/wp\/v2\/product\/9888","targetHints":{"allow":["GET"]}}],"collection":[{"href":"https:\/\/unika.sitointest.it\/fr\/wp-json\/wp\/v2\/product"}],"about":[{"href":"https:\/\/unika.sitointest.it\/fr\/wp-json\/wp\/v2\/types\/product"}],"version-history":[{"count":4,"href":"https:\/\/unika.sitointest.it\/fr\/wp-json\/wp\/v2\/product\/9888\/revisions"}],"predecessor-version":[{"id":27906,"href":"https:\/\/unika.sitointest.it\/fr\/wp-json\/wp\/v2\/product\/9888\/revisions\/27906"}],"wp:featuredmedia":[{"embeddable":true,"href":"https:\/\/unika.sitointest.it\/fr\/wp-json\/wp\/v2\/media\/21565"}],"wp:attachment":[{"href":"https:\/\/unika.sitointest.it\/fr\/wp-json\/wp\/v2\/media?parent=9888"}],"wp:term":[{"taxonomy":"product_brand","embeddable":true,"href":"https:\/\/unika.sitointest.it\/fr\/wp-json\/wp\/v2\/product_brand?post=9888"},{"taxonomy":"product_cat","embeddable":true,"href":"https:\/\/unika.sitointest.it\/fr\/wp-json\/wp\/v2\/product_cat?post=9888"},{"taxonomy":"product_tag","embeddable":true,"href":"https:\/\/unika.sitointest.it\/fr\/wp-json\/wp\/v2\/product_tag?post=9888"}],"curies":[{"name":"wp","href":"https:\/\/api.w.org\/{rel}","templated":true}]}}