{"id":9859,"date":"2022-11-10T13:57:11","date_gmt":"2022-11-10T13:57:11","guid":{"rendered":"https:\/\/lineaunika.jumpgroup.it\/shop\/non%20class\u00e9\/unika-mash\/"},"modified":"2023-06-16T12:29:08","modified_gmt":"2023-06-16T12:29:08","slug":"unika-mash","status":"publish","type":"product","link":"https:\/\/unika.sitointest.it\/fr\/shop\/aliments-et-vitamines\/unika-mash\/","title":{"rendered":"Unika Mash"},"content":{"rendered":"<h4>Mash pour chevaux<\/h4>\n<p>Unika Mash est un mash pr\u00e9cuit complet et nourrissant qui r\u00e9pond \u00e0 diff\u00e9rents besoins : il peut \u00eatre utilis\u00e9 comme un mash normal pour compl\u00e9ter l\u2019alimentation hebdomadaire du cheval, mais aussi comme un aliment complet pour les chevaux intol\u00e9rants aux c\u00e9r\u00e9ales.<\/p>\n<h4>Quand l\u2019utiliser<\/h4>\n<p>Unika Mash peut \u00eatre utilis\u00e9 :<\/p>\n<p>&#8211; dans l\u2019alimentation des chevaux hospitalis\u00e9s apr\u00e8s une intervention chirurgicale et en convalescence qui n\u00e9cessitent une alimentation nourrissante mais extr\u00eamement l\u00e9g\u00e8re et digeste, dans ce cas, c\u2019est un pr\u00e9cieux alli\u00e9;<br \/>\n&#8211; lors de longs voyages et d\u00e9placements pour favoriser le transit intestinal<br \/>\n&#8211; comme repas tr\u00e8s calorique malgr\u00e9 l\u2019absence de c\u00e9r\u00e9ales et donc d\u2019amidon.<\/p>\n<h4>Propri\u00e9t\u00e9s de ses \u00e9l\u00e9ments<\/h4>\n<p>Unika Mash contient des nutriments uniques : balle de riz, son de bl\u00e9, pulpe de betterave, tourteau de soja, farine de lin, huile de soja et l\u00e9cithines brutes. Soigneusement s\u00e9lectionn\u00e9es avec une formulation bien proportionn\u00e9e, ces mati\u00e8res premi\u00e8res constituent le c\u0153ur technologique d\u2019Unika Mash, une bouillie pr\u00e9cuite unique en son genre.<\/p>\n<h4>Mode d\u2019emploi<\/h4>\n<p>M\u00e9langer 1,5 l d\u2019eau pour 1 kg d\u2019Unika Mash, laisser agir pendant 15 minutes. Unika Mash est pr\u00eat \u00e0 \u00eatre consomm\u00e9 par le cheval. La quantit\u00e9 de produit \u00e0 utiliser quotidiennement varie de 2 \u00e0 4 kg.<\/p>\n<p>Les rations alimentaires d\u00e9pendent de nombreux facteurs (\u00e2ge de l\u2019animal, activit\u00e9 sportive effectu\u00e9e, race, etc.).<br \/>\nC\u2019est pourquoi, nous vous invitons \u00e0 nous contacter pour conna\u00eetre la ration quotidienne \u00e0 utiliser pour votre cheval.<\/p>\n<h4>D\u00e9couvrez tous les avantages et la gestion des exp\u00e9ditions de nos aliments, cliquez sur ce <a href=\"https:\/\/media.lineaunika.it\/unika\/uploads\/2023\/06\/ALIMENTS-UNIKA-FR.pdf\">lien<\/a>!<\/h4>\n<p>&nbsp;<\/p>\n<p><em>(Chaque organisme \u00e9tant sp\u00e9cifique, il est toujours conseill\u00e9 de tester les nouveaux aliments en les introduisant progressivement dans l\u2019alimentation du cheval pour en \u00e9valuer la tol\u00e9rance).<\/em><\/p>\n<p><em><strong>Nous proc\u00e9dons \u00e0 un examen des \u00e9tiquettes. Si vous souhaitez recevoir l&#8217;\u00e9tiquette avant la vente, nous vous demandons de nous envoyer un e-mail \u00e0 l&#8217;adresse suivante : info@lineaunika.it . Nous nous excusons pour la g\u00eane occasionn\u00e9e.<\/strong><\/em><\/p>\n","protected":false},"excerpt":{"rendered":"<p>\u2714\ufe0f P\u00e2tes pr\u00e9cuites, pr\u00eates en quelques minutes<br \/>\n\u2714\ufe0f Excellent comme aliment de voyage et pour les chevaux ayant des besoins nutritionnels particuliers \u00e0 la suite de maladies et\/ou de p\u00e9riodes d\u2019hospitalisation<br \/>\n\u2714\ufe0f Con\u00e7u pour garantir des normes nutritionnelles \u00e9lev\u00e9es<\/p>\n","protected":false},"featured_media":21298,"template":"","meta":{"_acf_changed":false,"_joinchat":[]},"product_brand":[],"product_cat":[444],"product_tag":[602,492,560,606,552],"class_list":{"0":"post-9859","1":"product","2":"type-product","3":"status-publish","4":"has-post-thumbnail","6":"product_cat-aliments-et-vitamines","7":"product_tag-chevaux-intolerants-aux-cereales","8":"product_tag-estomac-et-intestin","9":"product_tag-hospitalisation-et-post-interventions","10":"product_tag-mash-fr","11":"product_tag-voyages","12":"product_shipping_class-mangimi","14":"first","15":"instock","16":"taxable","17":"shipping-taxable","18":"purchasable","19":"product-type-variable"},"acf":[],"_links":{"self":[{"href":"https:\/\/unika.sitointest.it\/fr\/wp-json\/wp\/v2\/product\/9859","targetHints":{"allow":["GET"]}}],"collection":[{"href":"https:\/\/unika.sitointest.it\/fr\/wp-json\/wp\/v2\/product"}],"about":[{"href":"https:\/\/unika.sitointest.it\/fr\/wp-json\/wp\/v2\/types\/product"}],"version-history":[{"count":3,"href":"https:\/\/unika.sitointest.it\/fr\/wp-json\/wp\/v2\/product\/9859\/revisions"}],"predecessor-version":[{"id":15594,"href":"https:\/\/unika.sitointest.it\/fr\/wp-json\/wp\/v2\/product\/9859\/revisions\/15594"}],"wp:featuredmedia":[{"embeddable":true,"href":"https:\/\/unika.sitointest.it\/fr\/wp-json\/wp\/v2\/media\/21298"}],"wp:attachment":[{"href":"https:\/\/unika.sitointest.it\/fr\/wp-json\/wp\/v2\/media?parent=9859"}],"wp:term":[{"taxonomy":"product_brand","embeddable":true,"href":"https:\/\/unika.sitointest.it\/fr\/wp-json\/wp\/v2\/product_brand?post=9859"},{"taxonomy":"product_cat","embeddable":true,"href":"https:\/\/unika.sitointest.it\/fr\/wp-json\/wp\/v2\/product_cat?post=9859"},{"taxonomy":"product_tag","embeddable":true,"href":"https:\/\/unika.sitointest.it\/fr\/wp-json\/wp\/v2\/product_tag?post=9859"}],"curies":[{"name":"wp","href":"https:\/\/api.w.org\/{rel}","templated":true}]}}