{"id":9816,"date":"2022-11-10T13:40:14","date_gmt":"2022-11-10T12:40:14","guid":{"rendered":"https:\/\/lineaunika.jumpgroup.it\/shop\/non%20class\u00e9\/unika-intolerance\/"},"modified":"2023-06-16T12:38:30","modified_gmt":"2023-06-16T12:38:30","slug":"unika-intolerance","status":"publish","type":"product","link":"https:\/\/unika.sitointest.it\/fr\/shop\/aliments-et-vitamines\/unika-intolerance\/","title":{"rendered":"Unika Intolerance"},"content":{"rendered":"<p>Unika Intolerance est un aliment complet pour chevaux intol\u00e9rants aux c\u00e9r\u00e9ales. Il ne contient pas de c\u00e9r\u00e9ales \u00e0 forte teneur en amidon comme le ma\u00efs ou l\u2019orge. Unika Intolerance apporte des niveaux importants de lipides ajout\u00e9s, gr\u00e2ce \u00e0 l\u2019huile de soja brute non d\u00e9lecitinate.<\/p>\n<h4>Quand l\u2019utiliser<\/h4>\n<p>Unika Intolerance est un aliment complet id\u00e9al pour :<\/p>\n<p>&#8211; chevaux intol\u00e9rants aux c\u00e9r\u00e9ales<br \/>\n&#8211; chevaux souffrant de maladies pour lesquelles un r\u00e9gime riche en amidon n\u2019est pas recommand\u00e9<br \/>\n&#8211; chevaux qui se nourrissent pour la premi\u00e8re fois<br \/>\n&#8211; chevaux hospitalis\u00e9s apr\u00e8s une intervention chirurgicale et en convalescence qui n\u00e9cessitent une alimentation nourrissante mais extr\u00eamement l\u00e9g\u00e8re et digeste<br \/>\n&#8211; chevaux intol\u00e9rants aux sucres<br \/>\n&#8211; chevaux atteints de fourbure<br \/>\n&#8211; chevaux atteints de la maladie de Cushing<br \/>\n&#8211; chevaux atteints de myosite<\/p>\n<h4>Propri\u00e9t\u00e9s de ses \u00e9l\u00e9ments<\/h4>\n<p>Unika Intolerance contient des mati\u00e8res premi\u00e8res de haute qualit\u00e9 telles que le son de bl\u00e9, la balle de riz, la luzerne, l\u2019huile de soja, le tourteau de soja, la pulpe de betterave, la farine de lin et les l\u00e9cithines brutes. Ces mati\u00e8res premi\u00e8res en justes proportions constituent un choix alimentaire correct et font d\u2019Unika Intolerance un aliment \u00e9quilibr\u00e9.<\/p>\n<h4>Mode d\u2019emploi<\/h4>\n<p>Utiliser de 2 \u00e0 3,5 kg d\u2019Unika Intolerance par jour et par cheval.<\/p>\n<p>Les rations alimentaires d\u00e9pendent de nombreux facteurs (\u00e2ge de l\u2019animal, activit\u00e9 sportive effectu\u00e9e, race, etc.).<br \/>\nC\u2019est pourquoi, nous vous invitons \u00e0 nous contacter pour conna\u00eetre la ration quotidienne \u00e0 utiliser pour votre cheval.<\/p>\n<h4>D\u00e9couvrez tous les avantages et la gestion des exp\u00e9ditions de nos aliments, cliquez sur ce <a href=\"https:\/\/media.lineaunika.it\/unika\/uploads\/2023\/06\/ALIMENTS-UNIKA-FR.pdf\">lien<\/a>!<\/h4>\n<p>&nbsp;<\/p>\n<p><em>(Chaque organisme \u00e9tant sp\u00e9cifique, il est toujours conseill\u00e9 de tester les nouveaux aliments en les introduisant progressivement dans l\u2019alimentation du cheval pour en \u00e9valuer la tol\u00e9rance).<\/em><\/p>\n<p><em><strong>Nous proc\u00e9dons \u00e0 un examen des \u00e9tiquettes. Si vous souhaitez recevoir l&#8217;\u00e9tiquette avant la vente, nous vous demandons de nous envoyer un e-mail \u00e0 l&#8217;adresse suivante : info@lineaunika.it . Nous nous excusons pour la g\u00eane occasionn\u00e9e.<\/strong><\/em><\/p>\n","protected":false},"excerpt":{"rendered":"<p>\u2714\ufe0f Granul\u00e9s de 4mm pour une mastication facile<br \/>\n\u2714\ufe0f sp\u00e9cialement con\u00e7u pour les chevaux intol\u00e9rants aux c\u00e9r\u00e9ales ou ayant des besoins nutritionnels particuliers \u00e0 la suite de maladies<br \/>\n\u2714\ufe0f Con\u00e7u pour garantir des normes nutritionnelles \u00e9lev\u00e9es<\/p>\n","protected":false},"featured_media":21294,"template":"","meta":{"_acf_changed":false,"_joinchat":[]},"product_brand":[],"product_cat":[444],"product_tag":[496,744,602,492,614,598,610],"class_list":{"0":"post-9816","1":"product","2":"type-product","3":"status-publish","4":"has-post-thumbnail","6":"product_cat-aliments-et-vitamines","7":"product_tag-acide-lactique","8":"product_tag-alimente","9":"product_tag-chevaux-intolerants-aux-cereales","10":"product_tag-estomac-et-intestin","11":"product_tag-fourbure","12":"product_tag-indice-glycemique-bas","13":"product_tag-pas-de-mais-et-de-cereales","14":"product_shipping_class-mangimi","16":"first","17":"instock","18":"taxable","19":"shipping-taxable","20":"purchasable","21":"product-type-variable"},"acf":[],"_links":{"self":[{"href":"https:\/\/unika.sitointest.it\/fr\/wp-json\/wp\/v2\/product\/9816","targetHints":{"allow":["GET"]}}],"collection":[{"href":"https:\/\/unika.sitointest.it\/fr\/wp-json\/wp\/v2\/product"}],"about":[{"href":"https:\/\/unika.sitointest.it\/fr\/wp-json\/wp\/v2\/types\/product"}],"version-history":[{"count":3,"href":"https:\/\/unika.sitointest.it\/fr\/wp-json\/wp\/v2\/product\/9816\/revisions"}],"predecessor-version":[{"id":15599,"href":"https:\/\/unika.sitointest.it\/fr\/wp-json\/wp\/v2\/product\/9816\/revisions\/15599"}],"wp:featuredmedia":[{"embeddable":true,"href":"https:\/\/unika.sitointest.it\/fr\/wp-json\/wp\/v2\/media\/21294"}],"wp:attachment":[{"href":"https:\/\/unika.sitointest.it\/fr\/wp-json\/wp\/v2\/media?parent=9816"}],"wp:term":[{"taxonomy":"product_brand","embeddable":true,"href":"https:\/\/unika.sitointest.it\/fr\/wp-json\/wp\/v2\/product_brand?post=9816"},{"taxonomy":"product_cat","embeddable":true,"href":"https:\/\/unika.sitointest.it\/fr\/wp-json\/wp\/v2\/product_cat?post=9816"},{"taxonomy":"product_tag","embeddable":true,"href":"https:\/\/unika.sitointest.it\/fr\/wp-json\/wp\/v2\/product_tag?post=9816"}],"curies":[{"name":"wp","href":"https:\/\/api.w.org\/{rel}","templated":true}]}}