{"id":9768,"date":"2022-11-10T11:52:36","date_gmt":"2022-11-10T10:52:36","guid":{"rendered":"https:\/\/lineaunika.jumpgroup.it\/shop\/non%20class\u00e9\/unika-balls-crib-biting\/"},"modified":"2026-02-16T18:09:22","modified_gmt":"2026-02-16T17:09:22","slug":"unika-balls-crib-biting","status":"publish","type":"product","link":"https:\/\/unika.sitointest.it\/fr\/shop\/aliments-et-vitamines\/unika-balls-crib-biting\/","title":{"rendered":"Unika Balls Crib Biting"},"content":{"rendered":"<h4>Compl\u00e9ment alimentaire pour chevaux<\/h4>\n<p>Unika Balls : amusement et sant\u00e9 pour vos chevaux.<br \/>\nUnika a mis au point un produit totalement nouveau qui bouleverse et r\u00e9nove le concept du compl\u00e9ment alimentaire : il s\u2019agit des Unika Balls, qui repr\u00e9sentent bien plus qu\u2019un simple passe-temps pour les chevaux. Unika Balls se pr\u00e9sente sous la forme d\u2019une sph\u00e8re avec une corde en fibres naturelles qui peut \u00eatre suspendue dans le box ou la remorque pour que le cheval puisse y acc\u00e9der tout au long de la journ\u00e9e. Sa fonction n\u2019est pas seulement de divertir le cheval, mais aussi d\u2019ajouter des substances importantes telles que des plantes officinales, des \u00e9lectrolytes, des vitamines, des min\u00e9raux et autres substances, \u00e0 son alimentation quotidienne d\u2019une mani\u00e8re totalement in\u00e9dite. Nous sommes plut\u00f4t habitu\u00e9s aux aliments compl\u00e9mentaires sous forme de poudre ou de liquide que l\u2019on ajoute \u00e0 la ration quotidienne dans la mangeoire, mais Unika Balls chamboule compl\u00e8tement ce concept, du fait qu\u2019elle est suspendue !<\/p>\n<p><strong>Unika Balls \u2013 Crib Biting :<\/strong> contient des substances v\u00e9g\u00e9tales qui am\u00e9liorent le syst\u00e8me naturel de salivation, en augmentant la quantit\u00e9 de salive physiologique. L\u2019alcalinit\u00e9 de la salive, lorsqu\u2019elle atteint l\u2019estomac, aide le cheval de mani\u00e8re naturelle et physiologique \u00e0 lutter contre le syst\u00e8me gastrique fortement acide, en lui procurant une sensation de bien-\u00eatre. En am\u00e9liorant le bien-\u00eatre naturel de l\u2019estomac, le cheval pouvant satisfaire ses envies obtiendra une am\u00e9lioration du poids vif, une meilleure brillance du pelage, une am\u00e9lioration de son aspect visuel et de sa sant\u00e9 en g\u00e9n\u00e9ral.<\/p>\n<p>Unika Balls pr\u00e9sentent \u00e9galement d\u2019autres caract\u00e9ristiques importantes : elles sont artisanales, fabriqu\u00e9es en Italie, compos\u00e9es \u00e0 93 % d\u2019ingr\u00e9dients v\u00e9g\u00e9taux, garanties sans c\u00e9r\u00e9ales, ni sucres, et riches en mati\u00e8res premi\u00e8res nobles comme le soja et le riz. C\u2019est pr\u00e9cis\u00e9ment la raison pour laquelle elles conviennent \u00e9galement aux chevaux intol\u00e9rants aux c\u00e9r\u00e9ales ou suivant un r\u00e9gime \u00e0 faible indice glyc\u00e9mique et aux chevaux de comp\u00e9tition qui fournissent un effort musculaire important et pour lesquels l\u2019apport en sucres est fortement d\u00e9conseill\u00e9 car il favoriserait la production d\u2019acide lactique.<\/p>\n<p>&nbsp;<\/p>\n<p>Poids net : 5,15 kg<\/p>\n<p><em>(Chaque organisme \u00e9tant sp\u00e9cifique, il est toujours conseill\u00e9 de tester les nouveaux aliments en les introduisant progressivement dans l\u2019alimentation du cheval pour en \u00e9valuer la tol\u00e9rance).<\/em><\/p>\n<p><em><strong>Nous proc\u00e9dons \u00e0 un examen des \u00e9tiquettes. Si vous souhaitez recevoir l&#8217;\u00e9tiquette avant la vente, nous vous demandons de nous envoyer un e-mail \u00e0 l&#8217;adresse suivante : info@lineaunika.it . Nous nous excusons pour la g\u00eane occasionn\u00e9e.<\/strong><\/em><\/p>\n","protected":false},"excerpt":{"rendered":"<p>\u2714\ufe0f Divertissement id\u00e9al pour les chevaux \u00e0 tendance maigre et aux comportements r\u00e9p\u00e9titifs<br \/>\n\u2714\ufe0f Sans sucres ajout\u00e9s ni colorants<br \/>\n\u2714\ufe0f Au charbon et \u00e0 la r\u00e9glisse<\/p>\n","protected":false},"featured_media":9764,"template":"","meta":{"_acf_changed":false,"_joinchat":[]},"product_brand":[],"product_cat":[444],"product_tag":[578,468,464,492,594,460,586,552],"class_list":{"0":"post-9768","1":"product","2":"type-product","3":"status-publish","4":"has-post-thumbnail","6":"product_cat-aliments-et-vitamines","7":"product_tag-anxiete-et-stress","8":"product_tag-dressage-fr","9":"product_tag-endurance-fr","10":"product_tag-estomac-et-intestin","11":"product_tag-gastrite-fr","12":"product_tag-saut-dobstacles","13":"product_tag-unika-balls-fr","14":"product_tag-voyages","16":"first","17":"instock","18":"taxable","19":"shipping-taxable","20":"purchasable","21":"product-type-simple"},"acf":[],"_links":{"self":[{"href":"https:\/\/unika.sitointest.it\/fr\/wp-json\/wp\/v2\/product\/9768","targetHints":{"allow":["GET"]}}],"collection":[{"href":"https:\/\/unika.sitointest.it\/fr\/wp-json\/wp\/v2\/product"}],"about":[{"href":"https:\/\/unika.sitointest.it\/fr\/wp-json\/wp\/v2\/types\/product"}],"version-history":[{"count":5,"href":"https:\/\/unika.sitointest.it\/fr\/wp-json\/wp\/v2\/product\/9768\/revisions"}],"predecessor-version":[{"id":27899,"href":"https:\/\/unika.sitointest.it\/fr\/wp-json\/wp\/v2\/product\/9768\/revisions\/27899"}],"wp:featuredmedia":[{"embeddable":true,"href":"https:\/\/unika.sitointest.it\/fr\/wp-json\/wp\/v2\/media\/9764"}],"wp:attachment":[{"href":"https:\/\/unika.sitointest.it\/fr\/wp-json\/wp\/v2\/media?parent=9768"}],"wp:term":[{"taxonomy":"product_brand","embeddable":true,"href":"https:\/\/unika.sitointest.it\/fr\/wp-json\/wp\/v2\/product_brand?post=9768"},{"taxonomy":"product_cat","embeddable":true,"href":"https:\/\/unika.sitointest.it\/fr\/wp-json\/wp\/v2\/product_cat?post=9768"},{"taxonomy":"product_tag","embeddable":true,"href":"https:\/\/unika.sitointest.it\/fr\/wp-json\/wp\/v2\/product_tag?post=9768"}],"curies":[{"name":"wp","href":"https:\/\/api.w.org\/{rel}","templated":true}]}}