{"id":9749,"date":"2022-11-10T11:39:24","date_gmt":"2022-11-10T11:39:24","guid":{"rendered":"https:\/\/lineaunika.jumpgroup.it\/shop\/non%20class\u00e9\/pro-b-flora\/"},"modified":"2026-02-16T18:09:15","modified_gmt":"2026-02-16T17:09:15","slug":"pro-b-flora","status":"publish","type":"product","link":"https:\/\/unika.sitointest.it\/fr\/shop\/aliments-et-vitamines\/pro-b-flora\/","title":{"rendered":"Pro-B Flora"},"content":{"rendered":"<h4>Compl\u00e9ment alimentaire destin\u00e9 \u00e0 des fins nutritionnelles sp\u00e9ciales \u2013 Compensation des troubles digestifs chroniques du gros intestin.<\/h4>\n<p>Pro-B Flora est un compl\u00e9ment alimentaire destin\u00e9 \u00e0 des fins nutritionnelles sp\u00e9ciales pour compenser les troubles digestifs chroniques du gros intestin. Pro-B Flora participe au maintien des conditions physiologiques de l\u2019intestin du cheval. Pro-B Flora contient des \u00e9l\u00e9ments importants pour l\u2019intestin du cheval, tels que des levures, des pr\u00e9biotiques et des probiotiques, comme l\u2019inuline et les parois cellulaires des levures.<\/p>\n<h4>Quand l\u2019utiliser<\/h4>\n<p>Pro-B Flora est un compl\u00e9ment alimentaire qui peut \u00eatre utilis\u00e9 :<\/p>\n<p>&#8211; Avant, pendant et apr\u00e8s l\u2019utilisation de th\u00e9rapies m\u00e9dicamenteuses<br \/>\n&#8211; En cas de diarrh\u00e9e prolong\u00e9e<br \/>\n&#8211; Chez les chevaux dont le stress se porte sur l\u2019intestin<br \/>\n&#8211; Apr\u00e8s une p\u00e9riode de convalescence<br \/>\n&#8211; Lors des changements de saison<\/p>\n<h4>Mode d\u2019emploi<\/h4>\n<p>Utiliser de 40 \u00e0 50 g de Pro-B Flora par jour, bien m\u00e9lang\u00e9s \u00e0 la ration quotidienne.<\/p>\n<p>P\u00e9riode d\u2019utilisation recommand\u00e9e : \u00e0 partir de 3 mois jusqu\u2019\u00e0 la disparition du probl\u00e8me. Nous vous conseillons de surveiller la diarrh\u00e9e. Pro-B Flora est un compl\u00e9ment alimentaire \u00e0 utiliser en cas de signes ext\u00e9rieurs de d\u00e9s\u00e9quilibre de la flore intestinale, tels que le poil terne ou dru, le bruxisme, l\u2019abdomen enfl\u00e9, les selles malodorantes, les flatulences, l\u2019apathie au travail.<\/p>\n<p>Misurette :<br \/>\nrase : 25 g<\/p>\n<p><em>(Chaque organisme \u00e9tant sp\u00e9cifique, il est toujours conseill\u00e9 de tester les nouveaux aliments en les introduisant progressivement dans l\u2019alimentation du cheval pour en \u00e9valuer la tol\u00e9rance).<\/em><\/p>\n<p><em><strong>Nous proc\u00e9dons \u00e0 un examen des \u00e9tiquettes. Si vous souhaitez recevoir l&#8217;\u00e9tiquette avant la vente, nous vous demandons de nous envoyer un e-mail \u00e0 l&#8217;adresse suivante : info@lineaunika.it . Nous nous excusons pour la g\u00eane occasionn\u00e9e.<\/strong><\/em><\/p>\n","protected":false},"excerpt":{"rendered":"<p>\u2714\ufe0f Tasse \u00e0 mesurer pratique \u00e0 l&#8217;int\u00e9rieur de l&#8217;emballage<br \/>\n\u2714\ufe0f Favorise le bien-\u00eatre de l&#8217;intestin<br \/>\n\u2714\ufe0f Avec probiotiques et pr\u00e9biotiques<\/p>\n","protected":false},"featured_media":21512,"template":"","meta":{"_acf_changed":false,"_joinchat":[]},"product_brand":[],"product_cat":[444],"product_tag":[578,536,590,492,560],"class_list":{"0":"post-9749","1":"product","2":"type-product","3":"status-publish","4":"has-post-thumbnail","6":"product_cat-aliments-et-vitamines","7":"product_tag-anxiete-et-stress","8":"product_tag-changement-de-saison","9":"product_tag-diarrhee","10":"product_tag-estomac-et-intestin","11":"product_tag-hospitalisation-et-post-interventions","13":"first","14":"instock","15":"taxable","16":"shipping-taxable","17":"purchasable","18":"product-type-variable"},"acf":[],"_links":{"self":[{"href":"https:\/\/unika.sitointest.it\/fr\/wp-json\/wp\/v2\/product\/9749","targetHints":{"allow":["GET"]}}],"collection":[{"href":"https:\/\/unika.sitointest.it\/fr\/wp-json\/wp\/v2\/product"}],"about":[{"href":"https:\/\/unika.sitointest.it\/fr\/wp-json\/wp\/v2\/types\/product"}],"version-history":[{"count":3,"href":"https:\/\/unika.sitointest.it\/fr\/wp-json\/wp\/v2\/product\/9749\/revisions"}],"predecessor-version":[{"id":15785,"href":"https:\/\/unika.sitointest.it\/fr\/wp-json\/wp\/v2\/product\/9749\/revisions\/15785"}],"wp:featuredmedia":[{"embeddable":true,"href":"https:\/\/unika.sitointest.it\/fr\/wp-json\/wp\/v2\/media\/21512"}],"wp:attachment":[{"href":"https:\/\/unika.sitointest.it\/fr\/wp-json\/wp\/v2\/media?parent=9749"}],"wp:term":[{"taxonomy":"product_brand","embeddable":true,"href":"https:\/\/unika.sitointest.it\/fr\/wp-json\/wp\/v2\/product_brand?post=9749"},{"taxonomy":"product_cat","embeddable":true,"href":"https:\/\/unika.sitointest.it\/fr\/wp-json\/wp\/v2\/product_cat?post=9749"},{"taxonomy":"product_tag","embeddable":true,"href":"https:\/\/unika.sitointest.it\/fr\/wp-json\/wp\/v2\/product_tag?post=9749"}],"curies":[{"name":"wp","href":"https:\/\/api.w.org\/{rel}","templated":true}]}}