{"id":9721,"date":"2022-11-10T11:12:04","date_gmt":"2022-11-10T10:12:04","guid":{"rendered":"https:\/\/lineaunika.jumpgroup.it\/shop\/non%20class\u00e9\/gastrosan\/"},"modified":"2026-02-16T18:09:00","modified_gmt":"2026-02-16T17:09:00","slug":"gastrosan","status":"publish","type":"product","link":"https:\/\/unika.sitointest.it\/fr\/shop\/aliments-et-vitamines\/gastrosan\/","title":{"rendered":"Gastrosan"},"content":{"rendered":"<h4>Compl\u00e9ment alimentaire pour chevaux<\/h4>\n<p>Gastrosan est un compl\u00e9ment alimentaire qui participe au maintien des conditions naturelles de l\u2019estomac du cheval.<\/p>\n<h4>Quand l\u2019utiliser<\/h4>\n<p>Gastrosan est un compl\u00e9ment alimentaire qui peut \u00eatre utilis\u00e9 :<\/p>\n<p>&#8211; Chez les chevaux qui doivent pr\u00e9server les conditions physiologiques de l\u2019estomac<br \/>\n&#8211; Chez les chevaux qui doivent faire un changement brusque d\u2019alimentation<br \/>\n&#8211; Chez les chevaux qui sont beaucoup transport\u00e9s<br \/>\n&#8211; Chez les chevaux dont les \u00e9motions se portent sur l\u2019estomac<\/p>\n<h4>Propri\u00e9t\u00e9s de ses \u00e9lements<\/h4>\n<p>La reglisse est connue dans la litt\u00e9rature scientifique comme une plante officinale aux propri\u00e9t\u00e9s b\u00e9n\u00e9fiques au niveau gastrique. Le charbon v\u00e9g\u00e9tal est connu dans la m\u00e9decine populaire d\u00e8s l\u2019antiquit\u00e9 comme un \u00e9l\u00e9ment utile pour maintenir le bien-\u00eatre du trait gastro-intestinale.<\/p>\n<h4>Mode d\u2019emploi<\/h4>\n<p>Administrer de 80 \u00e0 100 g de Gastrosan par jour, bien m\u00e9lang\u00e9s \u00e0 la ration alimentaire. Utiliser Gastrosan pendant 30 jours cons\u00e9cutifs.<\/p>\n<p>Misurette:<\/p>\n<p>\u2013 rase : 100 g<\/p>\n<p><em>(Chaque organisme \u00e9tant sp\u00e9cifique, il est toujours conseill\u00e9 de tester les nouveaux aliments en les introduisant progressivement dans l\u2019alimentation du cheval pour en \u00e9valuer la tol\u00e9rance).<\/em><\/p>\n<p><em><strong>Nous proc\u00e9dons \u00e0 un examen des \u00e9tiquettes. Si vous souhaitez recevoir l&#8217;\u00e9tiquette avant la vente, nous vous demandons de nous envoyer un e-mail \u00e0 l&#8217;adresse suivante : info@lineaunika.it . Nous nous excusons pour la g\u00eane occasionn\u00e9e.<\/strong><\/em><\/p>\n","protected":false},"excerpt":{"rendered":"<p>\u2714\ufe0f Tasse \u00e0 mesurer pratique \u00e0 l&#8217;int\u00e9rieur de l&#8217;emballage<br \/>\n\u2714\ufe0f Il soutient le bien-\u00eatre naturel de l&#8217;estomac<br \/>\n\u2714\ufe0f Indiqu\u00e9 chez les chevaux pr\u00e9sentant une sensibilit\u00e9 gastrique particuli\u00e8re<\/p>\n","protected":false},"featured_media":21431,"template":"","meta":{"_acf_changed":false,"_joinchat":[]},"product_brand":[],"product_cat":[444],"product_tag":[578,476,468,464,472,492,594,512],"class_list":{"0":"post-9721","1":"product","2":"type-product","3":"status-publish","4":"has-post-thumbnail","6":"product_cat-aliments-et-vitamines","7":"product_tag-anxiete-et-stress","8":"product_tag-cheval-de-course","9":"product_tag-dressage-fr","10":"product_tag-endurance-fr","11":"product_tag-equitation-western","12":"product_tag-estomac-et-intestin","13":"product_tag-gastrite-fr","14":"product_tag-trekking-fr","16":"first","17":"instock","18":"taxable","19":"shipping-taxable","20":"purchasable","21":"product-type-variable"},"acf":[],"_links":{"self":[{"href":"https:\/\/unika.sitointest.it\/fr\/wp-json\/wp\/v2\/product\/9721","targetHints":{"allow":["GET"]}}],"collection":[{"href":"https:\/\/unika.sitointest.it\/fr\/wp-json\/wp\/v2\/product"}],"about":[{"href":"https:\/\/unika.sitointest.it\/fr\/wp-json\/wp\/v2\/types\/product"}],"version-history":[{"count":3,"href":"https:\/\/unika.sitointest.it\/fr\/wp-json\/wp\/v2\/product\/9721\/revisions"}],"predecessor-version":[{"id":15789,"href":"https:\/\/unika.sitointest.it\/fr\/wp-json\/wp\/v2\/product\/9721\/revisions\/15789"}],"wp:featuredmedia":[{"embeddable":true,"href":"https:\/\/unika.sitointest.it\/fr\/wp-json\/wp\/v2\/media\/21431"}],"wp:attachment":[{"href":"https:\/\/unika.sitointest.it\/fr\/wp-json\/wp\/v2\/media?parent=9721"}],"wp:term":[{"taxonomy":"product_brand","embeddable":true,"href":"https:\/\/unika.sitointest.it\/fr\/wp-json\/wp\/v2\/product_brand?post=9721"},{"taxonomy":"product_cat","embeddable":true,"href":"https:\/\/unika.sitointest.it\/fr\/wp-json\/wp\/v2\/product_cat?post=9721"},{"taxonomy":"product_tag","embeddable":true,"href":"https:\/\/unika.sitointest.it\/fr\/wp-json\/wp\/v2\/product_tag?post=9721"}],"curies":[{"name":"wp","href":"https:\/\/api.w.org\/{rel}","templated":true}]}}