{"id":9698,"date":"2022-11-09T15:43:10","date_gmt":"2022-11-09T14:43:10","guid":{"rendered":"https:\/\/lineaunika.jumpgroup.it\/shop\/non%20class\u00e9\/gastrok\/"},"modified":"2026-02-16T18:08:59","modified_gmt":"2026-02-16T17:08:59","slug":"gastrok","status":"publish","type":"product","link":"https:\/\/unika.sitointest.it\/fr\/shop\/aliments-et-vitamines\/gastrok\/","title":{"rendered":"Gastrok"},"content":{"rendered":"<h4>Compl\u00e9ment alimentaire pour chevaux<\/h4>\n<p>Gastrok est un compl\u00e9ment alimentaire en forme de seringue \u00e0 base de charbon de bois et d\u2019extraits de r\u00e9glisse. Gastrok peut \u00eatre utilis\u00e9 durant le transport des chevaux pour prot\u00e9ger l\u2019estomac de l\u2019animal. Gastrok peut \u00eatre b\u00e9n\u00e9fique pour le bien-\u00eatre de l\u2019estomac du cheval.<\/p>\n<h4>Quand l\u2019utiliser<\/h4>\n<p>Gastrok peut \u00eatre utilis\u00e9 :<\/p>\n<p>&#8211; pour le bien-\u00eatre des conditions physiologiques de l\u2019estomac<br \/>\n&#8211; en cas de gaz abdominaux<br \/>\n&#8211; en cas de manque d\u2019app\u00e9tit du cheval<br \/>\n&#8211; avant le transport, pour maintenir l\u2019estomac actif pendant qu\u2019il dig\u00e8re un gel \u00e0 base de r\u00e9glisse<br \/>\n&#8211; si le cheval a un pelage terne et dru<br \/>\n&#8211; si le cheval suit une di\u00e8te alimentaire riche en amidon<\/p>\n<h4>Propri\u00e9t\u00e9s de ses \u00e9l\u00e9ments<\/h4>\n<p>Le charbon v\u00e9g\u00e9tal est utilis\u00e9 depuis toujours pour r\u00e9duire les gaz intestinaux et les probl\u00e8mes inh\u00e9rents (49). L\u2019extrait de r\u00e9glisse, d\u00e9j\u00e0 connu dans la pharmacop\u00e9e de la Gr\u00e8ce Antique pour ses bienfaits pour la sant\u00e9, est cit\u00e9 dans les publications phytoth\u00e9rapiques pour ses effets positifs sur les probl\u00e8mes de digestion (50,51)<\/p>\n<h4>Mode d\u2019emploi<\/h4>\n<p>Utiliser une seringue de Gastrok par jour pendant 12 \u00e0 15 jours cons\u00e9cutifs.<br \/>\nAvant un long voyage, utiliser une seringue de Gastrok par jour, 5 jours avant le d\u00e9part et pendant jours.<br \/>\nAvant de partir en voyage, utiliser une seringue de Gastrok 2 heures avant le d\u00e9part.<\/p>\n<p>&nbsp;<\/p>\n<p>Poids net : 110 g<\/p>\n<p><em>(Chaque organisme \u00e9tant sp\u00e9cifique, il est toujours conseill\u00e9 de tester les nouveaux aliments en les introduisant progressivement dans l\u2019alimentation du cheval pour en \u00e9valuer la tol\u00e9rance).<\/em><\/p>\n<p><em><strong>Nous proc\u00e9dons \u00e0 un examen des \u00e9tiquettes. Si vous souhaitez recevoir l&#8217;\u00e9tiquette avant la vente, nous vous demandons de nous envoyer un e-mail \u00e0 l&#8217;adresse suivante : info@lineaunika.it . Nous nous excusons pour la g\u00eane occasionn\u00e9e.<\/strong><\/em><\/p>\n","protected":false},"excerpt":{"rendered":"<p>\u2714\ufe0f Seringue monodose pr\u00eate \u00e0 l&#8217;emploi<br \/>\n\u2714\ufe0f Soutient la sant\u00e9 de l&#8217;estomac<br \/>\n\u2714\ufe0f Id\u00e9al pendant le transport<\/p>\n","protected":false},"featured_media":21592,"template":"","meta":{"_acf_changed":false,"_joinchat":[]},"product_brand":[],"product_cat":[444],"product_tag":[578,468,464,492,594,460,552],"class_list":{"0":"post-9698","1":"product","2":"type-product","3":"status-publish","4":"has-post-thumbnail","6":"product_cat-aliments-et-vitamines","7":"product_tag-anxiete-et-stress","8":"product_tag-dressage-fr","9":"product_tag-endurance-fr","10":"product_tag-estomac-et-intestin","11":"product_tag-gastrite-fr","12":"product_tag-saut-dobstacles","13":"product_tag-voyages","15":"first","16":"instock","17":"taxable","18":"shipping-taxable","19":"purchasable","20":"product-type-simple"},"acf":[],"_links":{"self":[{"href":"https:\/\/unika.sitointest.it\/fr\/wp-json\/wp\/v2\/product\/9698","targetHints":{"allow":["GET"]}}],"collection":[{"href":"https:\/\/unika.sitointest.it\/fr\/wp-json\/wp\/v2\/product"}],"about":[{"href":"https:\/\/unika.sitointest.it\/fr\/wp-json\/wp\/v2\/types\/product"}],"version-history":[{"count":4,"href":"https:\/\/unika.sitointest.it\/fr\/wp-json\/wp\/v2\/product\/9698\/revisions"}],"predecessor-version":[{"id":27879,"href":"https:\/\/unika.sitointest.it\/fr\/wp-json\/wp\/v2\/product\/9698\/revisions\/27879"}],"wp:featuredmedia":[{"embeddable":true,"href":"https:\/\/unika.sitointest.it\/fr\/wp-json\/wp\/v2\/media\/21592"}],"wp:attachment":[{"href":"https:\/\/unika.sitointest.it\/fr\/wp-json\/wp\/v2\/media?parent=9698"}],"wp:term":[{"taxonomy":"product_brand","embeddable":true,"href":"https:\/\/unika.sitointest.it\/fr\/wp-json\/wp\/v2\/product_brand?post=9698"},{"taxonomy":"product_cat","embeddable":true,"href":"https:\/\/unika.sitointest.it\/fr\/wp-json\/wp\/v2\/product_cat?post=9698"},{"taxonomy":"product_tag","embeddable":true,"href":"https:\/\/unika.sitointest.it\/fr\/wp-json\/wp\/v2\/product_tag?post=9698"}],"curies":[{"name":"wp","href":"https:\/\/api.w.org\/{rel}","templated":true}]}}