{"id":9679,"date":"2022-11-09T15:19:45","date_gmt":"2022-11-09T15:19:45","guid":{"rendered":"https:\/\/lineaunika.jumpgroup.it\/shop\/non%20class\u00e9\/gastro-pellet\/"},"modified":"2026-02-16T18:09:00","modified_gmt":"2026-02-16T17:09:00","slug":"gastro-pellet","status":"publish","type":"product","link":"https:\/\/unika.sitointest.it\/fr\/shop\/aliments-et-vitamines\/gastro-pellet\/","title":{"rendered":"Gastro Pellet"},"content":{"rendered":"<h4>Compl\u00e9ment alimentaire pour chevaux<\/h4>\n<p>Gastro Pellet est un compl\u00e9ment alimentaire sous la forme de granul\u00e9s, id\u00e9al pour le bien-\u00eatre et la sant\u00e9 de l\u2019appareil digestif du cheval. \u00c0 base de charbon v\u00e9g\u00e9tal de grande qualit\u00e9, de graines de lin extrud\u00e9es et de r\u00e9glisse, Gastro Pellet aide le cheval \u00e0 conserver son appareil digestif en bonne sant\u00e9.<\/p>\n<h4>Quand l\u2019utiliser<\/h4>\n<p>Gastro Pellet est un compl\u00e9ment alimentaire qui peut \u00eatre utilis\u00e9 :<\/p>\n<p>&#8211; Chez les chevaux qui doivent pr\u00e9server les conditions physiologiques de l\u2019estomac<br \/>\n&#8211; Chez les chevaux qui doivent effectuer un changement brusque d\u2019alimentation<br \/>\n&#8211; Chez les chevaux continuellement transport\u00e9s d\u2019un lieu \u00e0 un autre<br \/>\n&#8211; Chez les chevaux dont les \u00e9motions se portent sur l\u2019estomac<\/p>\n<h4>Propri\u00e9t\u00e9s de ses \u00e9l\u00e9ments<\/h4>\n<p>La r\u00e9glisse, le charbon v\u00e9g\u00e9tal, le lithotamne et les graines de lin sont le secret de Gastro Pellet. Un produit qui utilise les qualit\u00e9s contenues dans ces \u00e9l\u00e9ments naturels pour aider le cheval \u00e0 pr\u00e9server les conditions physiologiques de l\u2019estomac.<\/p>\n<h4>Mode d\u2019emploi<\/h4>\n<p>Utiliser 100 g de Gastro Pellet par jour, en veillant \u00e0 ce que les granul\u00e9s soient consomm\u00e9s le plus possible en dehors des repas principaux. Si n\u00e9cessaire, la dose quotidienne peut \u00eatre augment\u00e9e \u00e0 200 g par jour. Il est recommand\u00e9 d\u2019utiliser Gastro Pellet pendant une p\u00e9riode d\u2019un minimum de 30 jours cons\u00e9cutifs.&#8221;<\/p>\n<p><em>(Chaque organisme \u00e9tant sp\u00e9cifique, il est toujours conseill\u00e9 de tester les nouveaux aliments en les introduisant progressivement dans l\u2019alimentation du cheval pour en \u00e9valuer la tol\u00e9rance).<\/em><\/p>\n<p><em><strong>Nous proc\u00e9dons \u00e0 un examen des \u00e9tiquettes. Si vous souhaitez recevoir l&#8217;\u00e9tiquette avant la vente, nous vous demandons de nous envoyer un e-mail \u00e0 l&#8217;adresse suivante : info@lineaunika.it . Nous nous excusons pour la g\u00eane occasionn\u00e9e.<\/strong><\/em><\/p>\n","protected":false},"excerpt":{"rendered":"<p>\u2714\ufe0f Tasse \u00e0 mesurer pratique \u00e0 l&#8217;int\u00e9rieur de l&#8217;emballage<br \/>\n\u2714\ufe0f Produit \u00e0 granul\u00e9s pour chevaux qui n&#8217;aiment pas la poussi\u00e8re<br \/>\n\u2714\ufe0f Soutient la sant\u00e9 de l&#8217;estomac<\/p>\n","protected":false},"featured_media":31199,"template":"","meta":{"_acf_changed":false,"_joinchat":[]},"product_brand":[],"product_cat":[444],"product_tag":[578,476,468,464,492,594,460],"class_list":{"0":"post-9679","1":"product","2":"type-product","3":"status-publish","4":"has-post-thumbnail","6":"product_cat-aliments-et-vitamines","7":"product_tag-anxiete-et-stress","8":"product_tag-cheval-de-course","9":"product_tag-dressage-fr","10":"product_tag-endurance-fr","11":"product_tag-estomac-et-intestin","12":"product_tag-gastrite-fr","13":"product_tag-saut-dobstacles","15":"first","16":"instock","17":"taxable","18":"shipping-taxable","19":"purchasable","20":"product-type-variable"},"acf":[],"_links":{"self":[{"href":"https:\/\/unika.sitointest.it\/fr\/wp-json\/wp\/v2\/product\/9679","targetHints":{"allow":["GET"]}}],"collection":[{"href":"https:\/\/unika.sitointest.it\/fr\/wp-json\/wp\/v2\/product"}],"about":[{"href":"https:\/\/unika.sitointest.it\/fr\/wp-json\/wp\/v2\/types\/product"}],"version-history":[{"count":3,"href":"https:\/\/unika.sitointest.it\/fr\/wp-json\/wp\/v2\/product\/9679\/revisions"}],"predecessor-version":[{"id":15797,"href":"https:\/\/unika.sitointest.it\/fr\/wp-json\/wp\/v2\/product\/9679\/revisions\/15797"}],"wp:featuredmedia":[{"embeddable":true,"href":"https:\/\/unika.sitointest.it\/fr\/wp-json\/wp\/v2\/media\/31199"}],"wp:attachment":[{"href":"https:\/\/unika.sitointest.it\/fr\/wp-json\/wp\/v2\/media?parent=9679"}],"wp:term":[{"taxonomy":"product_brand","embeddable":true,"href":"https:\/\/unika.sitointest.it\/fr\/wp-json\/wp\/v2\/product_brand?post=9679"},{"taxonomy":"product_cat","embeddable":true,"href":"https:\/\/unika.sitointest.it\/fr\/wp-json\/wp\/v2\/product_cat?post=9679"},{"taxonomy":"product_tag","embeddable":true,"href":"https:\/\/unika.sitointest.it\/fr\/wp-json\/wp\/v2\/product_tag?post=9679"}],"curies":[{"name":"wp","href":"https:\/\/api.w.org\/{rel}","templated":true}]}}