{"id":9652,"date":"2022-11-09T15:09:34","date_gmt":"2022-11-09T14:09:34","guid":{"rendered":"https:\/\/lineaunika.jumpgroup.it\/shop\/non%20class\u00e9\/enterowell\/"},"modified":"2026-02-16T18:08:51","modified_gmt":"2026-02-16T17:08:51","slug":"enterowell","status":"publish","type":"product","link":"https:\/\/unika.sitointest.it\/fr\/shop\/aliments-et-vitamines\/enterowell\/","title":{"rendered":"Enterowell"},"content":{"rendered":"<h4>Compl\u00e9ment alimentaire pour chevaux<\/h4>\n<p>Enterowell est un compl\u00e9ment alimentaire qui se pr\u00e9sente sous forme de seringue pour le bien-\u00eatre intestinal.<\/p>\n<h4>Propri\u00e9t\u00e9s de ses \u00e9l\u00e9ments<\/h4>\n<p>Enterowell est fabriqu\u00e9 \u00e0 partir de sources v\u00e9g\u00e9tales nobles utilis\u00e9es depuis l\u2019Antiquit\u00e9 en m\u00e9decine populaire pour \u00e9vacuer les organismes intestinaux. L\u2019ail, les graines de courge et le thym sont les \u00e9l\u00e9ments v\u00e9g\u00e9taux qui composent la formulation d\u2019Enterowell.<\/p>\n<h4>Mode d\u2019emploi<\/h4>\n<p>Utiliser 1 seringue pleine d\u2019Enterowell, de pr\u00e9f\u00e9rence avant le premier repas du matin. Attendre au moins une heure avant de nourrir le cheval.<br \/>\nPour les chevaux : 1 seringue enti\u00e8re.<br \/>\nPour les poneys : 1 seringue enti\u00e8re.<br \/>\nUtiliser Enterowell 4 fois par an.<\/p>\n<p>&nbsp;<\/p>\n<p>Poids net : 100 g<\/p>\n<p><em>(Chaque organisme \u00e9tant sp\u00e9cifique, il est toujours conseill\u00e9 de tester les nouveaux aliments en les introduisant progressivement dans l\u2019alimentation du cheval pour en \u00e9valuer la tol\u00e9rance).<\/em><\/p>\n<p><em><strong>Nous proc\u00e9dons \u00e0 un examen des \u00e9tiquettes. Si vous souhaitez recevoir l&#8217;\u00e9tiquette avant la vente, nous vous demandons de nous envoyer un e-mail \u00e0 l&#8217;adresse suivante : info@lineaunika.it . Nous nous excusons pour la g\u00eane occasionn\u00e9e.<\/strong><\/em><\/p>\n","protected":false},"excerpt":{"rendered":"<p>\u2714\ufe0f Seringue monodose pr\u00eate \u00e0 l&#8217;emploi<br \/>\n\u2714\ufe0f Contribue \u00e0 la sant\u00e9 intestinale<br \/>\n\u2714\ufe0f Indiqu\u00e9 dans les changements de saison<br \/>\n\u2714\ufe0f 100% naturel<\/p>\n","protected":false},"featured_media":21584,"template":"","meta":{"_acf_changed":false,"_joinchat":[]},"product_brand":[],"product_cat":[444],"product_tag":[492],"class_list":{"0":"post-9652","1":"product","2":"type-product","3":"status-publish","4":"has-post-thumbnail","6":"product_cat-aliments-et-vitamines","7":"product_tag-estomac-et-intestin","9":"first","10":"instock","11":"taxable","12":"shipping-taxable","13":"purchasable","14":"product-type-simple"},"acf":[],"_links":{"self":[{"href":"https:\/\/unika.sitointest.it\/fr\/wp-json\/wp\/v2\/product\/9652","targetHints":{"allow":["GET"]}}],"collection":[{"href":"https:\/\/unika.sitointest.it\/fr\/wp-json\/wp\/v2\/product"}],"about":[{"href":"https:\/\/unika.sitointest.it\/fr\/wp-json\/wp\/v2\/types\/product"}],"version-history":[{"count":6,"href":"https:\/\/unika.sitointest.it\/fr\/wp-json\/wp\/v2\/product\/9652\/revisions"}],"predecessor-version":[{"id":30434,"href":"https:\/\/unika.sitointest.it\/fr\/wp-json\/wp\/v2\/product\/9652\/revisions\/30434"}],"wp:featuredmedia":[{"embeddable":true,"href":"https:\/\/unika.sitointest.it\/fr\/wp-json\/wp\/v2\/media\/21584"}],"wp:attachment":[{"href":"https:\/\/unika.sitointest.it\/fr\/wp-json\/wp\/v2\/media?parent=9652"}],"wp:term":[{"taxonomy":"product_brand","embeddable":true,"href":"https:\/\/unika.sitointest.it\/fr\/wp-json\/wp\/v2\/product_brand?post=9652"},{"taxonomy":"product_cat","embeddable":true,"href":"https:\/\/unika.sitointest.it\/fr\/wp-json\/wp\/v2\/product_cat?post=9652"},{"taxonomy":"product_tag","embeddable":true,"href":"https:\/\/unika.sitointest.it\/fr\/wp-json\/wp\/v2\/product_tag?post=9652"}],"curies":[{"name":"wp","href":"https:\/\/api.w.org\/{rel}","templated":true}]}}