{"id":9635,"date":"2022-11-09T15:00:58","date_gmt":"2022-11-09T14:00:58","guid":{"rendered":"https:\/\/lineaunika.jumpgroup.it\/shop\/non%20class\u00e9\/barleyton\/"},"modified":"2023-06-20T10:31:25","modified_gmt":"2023-06-20T10:31:25","slug":"barleyton","status":"publish","type":"product","link":"https:\/\/unika.sitointest.it\/fr\/shop\/aliments-et-vitamines\/barleyton\/","title":{"rendered":"Barleyton"},"content":{"rendered":"<h4>Compl\u00e9ment alimentaire pour chevaux<\/h4>\n<p>Barleyton est un compl\u00e9ment alimentaire pour chevaux utilis\u00e9 pour maintenir les conditions physiologiques de l\u2019intestin.<\/p>\n<h4>Quand l\u2019utiliser<\/h4>\n<p>Barleyton peut \u00eatre utilis\u00e9 pour le maintien des conditions physiologiques et naturelles de l\u2019intestin. En cas de transit intestinal acc\u00e9l\u00e9r\u00e9, Barleyton peut aider l\u2019animal.<\/p>\n<h4>Propri\u00e9t\u00e9s de ses \u00e9l\u00e9ments<\/h4>\n<p>Barleyton est constitu\u00e9 d\u2019un m\u00e9lange de c\u00e9r\u00e9ales torr\u00e9fi\u00e9es qui, au cours d\u2019un processus enti\u00e8rement physiologique, absorbent davantage de liquides intestinaux dans l\u2019intestin.<\/p>\n<h4>Mode d\u2019emploi<\/h4>\n<p>&#8211; Pour les poulains : ajouter une demi-mesure de Barleyton (correspondant \u00e0 55-60 g) \u00e0 la ration alimentaire pendant un minimum de 30 jours cons\u00e9cutifs.<br \/>\n&#8211; Pour les chevaux adultes : utiliser une mesure rase (correspondant \u00e0 100-110 g) par jour, bien m\u00e9lang\u00e9e \u00e0 la ration alimentaire, pendant un minimum de 30 jours cons\u00e9cutifs.<\/p>\n<p>Mesurette:<br \/>\n\u2013 rase: 100 g<\/p>\n<p><em>(Chaque organisme \u00e9tant sp\u00e9cifique, il est toujours conseill\u00e9 de tester les nouveaux aliments en les introduisant progressivement dans l\u2019alimentation du cheval pour en \u00e9valuer la tol\u00e9rance).<\/em><\/p>\n<p><em><strong>Nous proc\u00e9dons \u00e0 un examen des \u00e9tiquettes. Si vous souhaitez recevoir l&#8217;\u00e9tiquette avant la vente, nous vous demandons de nous envoyer un e-mail \u00e0 l&#8217;adresse suivante : info@lineaunika.it . Nous nous excusons pour la g\u00eane occasionn\u00e9e.<\/strong><\/em><\/p>\n","protected":false},"excerpt":{"rendered":"<p>\u2714\ufe0f Tasse \u00e0 mesurer pratique \u00e0 l&#8217;int\u00e9rieur de l&#8217;emballage<br \/>\n\u2714\ufe0f Formul\u00e9 avec des grains torr\u00e9fi\u00e9s<br \/>\n\u2714\ufe0f Utile en cas de selles mal form\u00e9es<\/p>\n","protected":false},"featured_media":20962,"template":"","meta":{"_acf_changed":false,"_joinchat":[]},"product_brand":[],"product_cat":[444],"product_tag":[590,492],"class_list":{"0":"post-9635","1":"product","2":"type-product","3":"status-publish","4":"has-post-thumbnail","6":"product_cat-aliments-et-vitamines","7":"product_tag-diarrhee","8":"product_tag-estomac-et-intestin","10":"first","11":"instock","12":"taxable","13":"shipping-taxable","14":"purchasable","15":"product-type-variable"},"acf":[],"_links":{"self":[{"href":"https:\/\/unika.sitointest.it\/fr\/wp-json\/wp\/v2\/product\/9635","targetHints":{"allow":["GET"]}}],"collection":[{"href":"https:\/\/unika.sitointest.it\/fr\/wp-json\/wp\/v2\/product"}],"about":[{"href":"https:\/\/unika.sitointest.it\/fr\/wp-json\/wp\/v2\/types\/product"}],"version-history":[{"count":2,"href":"https:\/\/unika.sitointest.it\/fr\/wp-json\/wp\/v2\/product\/9635\/revisions"}],"predecessor-version":[{"id":15805,"href":"https:\/\/unika.sitointest.it\/fr\/wp-json\/wp\/v2\/product\/9635\/revisions\/15805"}],"wp:featuredmedia":[{"embeddable":true,"href":"https:\/\/unika.sitointest.it\/fr\/wp-json\/wp\/v2\/media\/20962"}],"wp:attachment":[{"href":"https:\/\/unika.sitointest.it\/fr\/wp-json\/wp\/v2\/media?parent=9635"}],"wp:term":[{"taxonomy":"product_brand","embeddable":true,"href":"https:\/\/unika.sitointest.it\/fr\/wp-json\/wp\/v2\/product_brand?post=9635"},{"taxonomy":"product_cat","embeddable":true,"href":"https:\/\/unika.sitointest.it\/fr\/wp-json\/wp\/v2\/product_cat?post=9635"},{"taxonomy":"product_tag","embeddable":true,"href":"https:\/\/unika.sitointest.it\/fr\/wp-json\/wp\/v2\/product_tag?post=9635"}],"curies":[{"name":"wp","href":"https:\/\/api.w.org\/{rel}","templated":true}]}}