{"id":9597,"date":"2022-11-09T14:51:22","date_gmt":"2022-11-09T13:51:22","guid":{"rendered":"https:\/\/lineaunika.jumpgroup.it\/shop\/non%20class\u00e9\/unika-relax\/"},"modified":"2023-06-16T12:46:23","modified_gmt":"2023-06-16T12:46:23","slug":"unika-relax","status":"publish","type":"product","link":"https:\/\/unika.sitointest.it\/fr\/shop\/aliments-et-vitamines\/unika-relax\/","title":{"rendered":"Unika Relax"},"content":{"rendered":"<p>Unika Relax ne contient pas de c\u00e9r\u00e9ales (sources possibles d\u2019excitation et de nervosit\u00e9 chez l\u2019animal) et a \u00e9t\u00e9 formul\u00e9 selon la technologie B.I.G (= faible index glyc\u00e9mique).<\/p>\n<h4>Quand l\u2019utiliser<\/h4>\n<p>Unika Relax est un aliment complet id\u00e9al pour :<br \/>\n\u2013 les chevaux chauds<br \/>\n\u2013 les chevaux de sport n\u00e9cessitant un comportement \u00e9quilibr\u00e9 \u00e0 l\u2019entra\u00eenement et en comp\u00e9tition<br \/>\n\u2013 les chevaux qui deviennent nerveux et chauds sous un r\u00e9gime \u00e0 base de c\u00e9r\u00e9ales<\/p>\n<h4>Propri\u00e9t\u00e9s de ses \u00e9l\u00e9ments<\/h4>\n<p>Gr\u00e2ce \u00e0 l\u2019ajout de magn\u00e9sium et de passiflore, Unika Relax est un aliment complet id\u00e9al pour les jeunes chevaux chauds et nerveux. Le magn\u00e9sium aide les individus \u00e0 \u00eatre physiologiquement sereins, plus attentifs et moins irritables, ce qui est n\u00e9cessaire chez les jeunes chevaux qui d\u00e9butent en comp\u00e9tition. L\u2019extrait sec de passiflore est bien connu en phytoth\u00e9rapie pour ses propri\u00e9t\u00e9s calmantes.<\/p>\n<h4>Mode d\u2019emploi<\/h4>\n<p>Utiliser de 3 \u00e0 6 kg par jour et par cheval, en fonction de la qualit\u00e9 du fourrage distribu\u00e9 et du type d\u2019entra\u00eenement et d\u2019activit\u00e9 physique pratiqu\u00e9s.<\/p>\n<p>Les rations alimentaires d\u00e9pendent de nombreux facteurs (\u00e2ge de l\u2019animal, activit\u00e9 sportive effectu\u00e9e, race, etc.).<br \/>\nC\u2019est pourquoi, nous vous invitons \u00e0 nous contacter pour conna\u00eetre la ration quotidienne \u00e0 utiliser pour votre cheval.<\/p>\n<p>Date de p\u00e9remption valable pour les produits conserv\u00e9s dans un endroit frais et sec \u00e0 l\u2019abri du soleil. Laisser de l\u2019eau \u00e0 disposition du cheval pour qu\u2019il puisse boire.<\/p>\n<p>&#8211; Chevaux de saut d\u2019obstacles et de dressage (moins de 600 kg, poids vif) 3,5 \u00e0 5 kg par jour<br \/>\n&#8211; Chevaux de dressage de plus de 600 kg, poids vif 3,5 \u00e0 6 kg par jour<br \/>\n&#8211; Chevaux d\u2019endurance 3 \u00e0 4 kg par jour<\/p>\n<h4>D\u00e9couvrez tous les avantages et la gestion des exp\u00e9ditions de nos aliments, cliquez sur ce <a href=\"https:\/\/media.lineaunika.it\/unika\/uploads\/2023\/06\/ALIMENTS-UNIKA-FR.pdf\">lien<\/a>!<\/h4>\n<p><em>(Chaque organisme \u00e9tant sp\u00e9cifique, il est toujours conseill\u00e9 de tester les nouveaux aliments en les introduisant progressivement dans l\u2019alimentation du cheval pour en \u00e9valuer la tol\u00e9rance).<\/em><\/p>\n<p><em><strong>Nous proc\u00e9dons \u00e0 un examen des \u00e9tiquettes. Si vous souhaitez recevoir l&#8217;\u00e9tiquette avant la vente, nous vous demandons de nous envoyer un e-mail \u00e0 l&#8217;adresse suivante : info@lineaunika.it . Nous nous excusons pour la g\u00eane occasionn\u00e9e.<\/strong><\/em><\/p>\n","protected":false},"excerpt":{"rendered":"<p>\u2714\ufe0f Granul\u00e9s de 4mm pour une mastication facile<br \/>\n\u2714\ufe0f Id\u00e9al pour les chevaux chauds et nerveux<br \/>\n\u2714\ufe0fEnrichi en magn\u00e9sium et passiflore<\/p>\n","protected":false},"featured_media":21290,"template":"","meta":{"_acf_changed":false,"_joinchat":[]},"product_brand":[],"product_cat":[444],"product_tag":[744,578,468,464,504,610,582,460],"class_list":{"0":"post-9597","1":"product","2":"type-product","3":"status-publish","4":"has-post-thumbnail","6":"product_cat-aliments-et-vitamines","7":"product_tag-alimente","8":"product_tag-anxiete-et-stress","9":"product_tag-dressage-fr","10":"product_tag-endurance-fr","11":"product_tag-juments-et-poulains","12":"product_tag-pas-de-mais-et-de-cereales","13":"product_tag-relaxer","14":"product_tag-saut-dobstacles","15":"product_shipping_class-mangimi","17":"first","18":"instock","19":"taxable","20":"shipping-taxable","21":"purchasable","22":"product-type-variable"},"acf":[],"_links":{"self":[{"href":"https:\/\/unika.sitointest.it\/fr\/wp-json\/wp\/v2\/product\/9597","targetHints":{"allow":["GET"]}}],"collection":[{"href":"https:\/\/unika.sitointest.it\/fr\/wp-json\/wp\/v2\/product"}],"about":[{"href":"https:\/\/unika.sitointest.it\/fr\/wp-json\/wp\/v2\/types\/product"}],"version-history":[{"count":2,"href":"https:\/\/unika.sitointest.it\/fr\/wp-json\/wp\/v2\/product\/9597\/revisions"}],"predecessor-version":[{"id":15604,"href":"https:\/\/unika.sitointest.it\/fr\/wp-json\/wp\/v2\/product\/9597\/revisions\/15604"}],"wp:featuredmedia":[{"embeddable":true,"href":"https:\/\/unika.sitointest.it\/fr\/wp-json\/wp\/v2\/media\/21290"}],"wp:attachment":[{"href":"https:\/\/unika.sitointest.it\/fr\/wp-json\/wp\/v2\/media?parent=9597"}],"wp:term":[{"taxonomy":"product_brand","embeddable":true,"href":"https:\/\/unika.sitointest.it\/fr\/wp-json\/wp\/v2\/product_brand?post=9597"},{"taxonomy":"product_cat","embeddable":true,"href":"https:\/\/unika.sitointest.it\/fr\/wp-json\/wp\/v2\/product_cat?post=9597"},{"taxonomy":"product_tag","embeddable":true,"href":"https:\/\/unika.sitointest.it\/fr\/wp-json\/wp\/v2\/product_tag?post=9597"}],"curies":[{"name":"wp","href":"https:\/\/api.w.org\/{rel}","templated":true}]}}