{"id":9547,"date":"2022-11-09T14:14:44","date_gmt":"2022-11-09T13:14:44","guid":{"rendered":"https:\/\/lineaunika.jumpgroup.it\/shop\/non%20class\u00e9\/relax-pro\/"},"modified":"2026-02-16T18:09:19","modified_gmt":"2026-02-16T17:09:19","slug":"relax-pro","status":"publish","type":"product","link":"https:\/\/unika.sitointest.it\/fr\/shop\/aliments-et-vitamines\/relax-pro\/","title":{"rendered":"Relax Pro"},"content":{"rendered":"<h4>Compl\u00e9ment alimentaire pour chevaux<\/h4>\n<p>Relax Pro est un compl\u00e9ment alimentaire qui participe au maintien des conditions naturelles de relaxation du cheval. Relax Pro contient du tryptophane et de la passiflore, \u00e9l\u00e9ments utiles \u00e0 la relaxation du cheval.<\/p>\n<h4>Quand l\u2019utiliser<\/h4>\n<p>Relax Pro est un compl\u00e9ment alimentaire qui peut \u00eatre utilis\u00e9 :<\/p>\n<p>&#8211; Chez les jeunes chevaux<br \/>\n&#8211; Chez les chevaux qui sont nerveux en pratiquant une activit\u00e9 sportive<br \/>\n&#8211; Chez les chevaux nerveux \u00e0 l\u2019entra\u00eenement<br \/>\n&#8211; Chez les chevaux nerveux en comp\u00e9tition (dans ce cas, Prequalm peut \u00eatre associ\u00e9 avec Relax Pro)<\/p>\n<h4>Mode d\u2019emploi<\/h4>\n<p>M\u00e9langer de 30 \u00e0 50 g de Relax Pro par jour \u00e0 la ration quotidienne pendant un minimum de 7 \u00e0 10 jours cons\u00e9cutifs avant une comp\u00e9tition importante.<\/p>\n<p><em>(Chaque organisme \u00e9tant sp\u00e9cifique, il est toujours conseill\u00e9 de tester les nouveaux aliments en les introduisant progressivement dans l\u2019alimentation du cheval pour en \u00e9valuer la tol\u00e9rance).<\/em><\/p>\n<p><em><strong>Nous proc\u00e9dons \u00e0 un examen des \u00e9tiquettes. Si vous souhaitez recevoir l&#8217;\u00e9tiquette avant la vente, nous vous demandons de nous envoyer un e-mail \u00e0 l&#8217;adresse suivante : info@lineaunika.it . Nous nous excusons pour la g\u00eane occasionn\u00e9e.<\/strong><\/em><\/p>\n","protected":false},"excerpt":{"rendered":"<p>\u2714\ufe0f Favorise la tranquillit\u00e9 naturelle et la concentration du cheval<br \/>\n\u2714\ufe0f Tasse \u00e0 mesurer pratique \u00e0 l&#8217;int\u00e9rieur de l&#8217;emballage<br \/>\n\u2714\ufe0f A base de tryptophane et de passiflore<\/p>\n","protected":false},"featured_media":21532,"template":"","meta":{"_acf_changed":false,"_joinchat":[]},"product_brand":[],"product_cat":[444],"product_tag":[578,488,582],"class_list":{"0":"post-9547","1":"product","2":"type-product","3":"status-publish","4":"has-post-thumbnail","6":"product_cat-aliments-et-vitamines","7":"product_tag-anxiete-et-stress","8":"product_tag-pas-de-dopage","9":"product_tag-relaxer","11":"first","12":"instock","13":"taxable","14":"shipping-taxable","15":"purchasable","16":"product-type-variable"},"acf":[],"_links":{"self":[{"href":"https:\/\/unika.sitointest.it\/fr\/wp-json\/wp\/v2\/product\/9547","targetHints":{"allow":["GET"]}}],"collection":[{"href":"https:\/\/unika.sitointest.it\/fr\/wp-json\/wp\/v2\/product"}],"about":[{"href":"https:\/\/unika.sitointest.it\/fr\/wp-json\/wp\/v2\/types\/product"}],"version-history":[{"count":2,"href":"https:\/\/unika.sitointest.it\/fr\/wp-json\/wp\/v2\/product\/9547\/revisions"}],"predecessor-version":[{"id":15813,"href":"https:\/\/unika.sitointest.it\/fr\/wp-json\/wp\/v2\/product\/9547\/revisions\/15813"}],"wp:featuredmedia":[{"embeddable":true,"href":"https:\/\/unika.sitointest.it\/fr\/wp-json\/wp\/v2\/media\/21532"}],"wp:attachment":[{"href":"https:\/\/unika.sitointest.it\/fr\/wp-json\/wp\/v2\/media?parent=9547"}],"wp:term":[{"taxonomy":"product_brand","embeddable":true,"href":"https:\/\/unika.sitointest.it\/fr\/wp-json\/wp\/v2\/product_brand?post=9547"},{"taxonomy":"product_cat","embeddable":true,"href":"https:\/\/unika.sitointest.it\/fr\/wp-json\/wp\/v2\/product_cat?post=9547"},{"taxonomy":"product_tag","embeddable":true,"href":"https:\/\/unika.sitointest.it\/fr\/wp-json\/wp\/v2\/product_tag?post=9547"}],"curies":[{"name":"wp","href":"https:\/\/api.w.org\/{rel}","templated":true}]}}