{"id":9524,"date":"2022-11-09T13:44:51","date_gmt":"2022-11-09T12:44:51","guid":{"rendered":"https:\/\/lineaunika.jumpgroup.it\/shop\/non%20class\u00e9\/prequalm\/"},"modified":"2026-02-16T18:09:12","modified_gmt":"2026-02-16T17:09:12","slug":"prequalm","status":"publish","type":"product","link":"https:\/\/unika.sitointest.it\/fr\/shop\/aliments-et-vitamines\/prequalm\/","title":{"rendered":"Prequalm"},"content":{"rendered":"<h4>Compl\u00e9ment alimentaire pour chevaux<\/h4>\n<p>Prequalm est un compl\u00e9ment alimentaire en forme de seringue en gel-p\u00e2te utilis\u00e9 lors des comp\u00e9titions sportives pour pr\u00e9server la relaxation du cheval.<\/p>\n<h4>Quand l\u2019utiliser<\/h4>\n<p>Prequalm est un compl\u00e9ment alimentaire id\u00e9al pour que le cheval athl\u00e8te reste serein durant la comp\u00e9tition. Prequalm peut favoriser la concentration du cheval en comp\u00e9tition. Il est id\u00e9al chez les jeunes chevaux, qui sont souvent tr\u00e8s nerveux et anxieux pendant les comp\u00e9titions.<\/p>\n<h4>Propri\u00e9t\u00e9s de ses \u00e9l\u00e9ments<\/h4>\n<p>Prequalm contient du L-tryptophane, un acide amin\u00e9 qui se transforme en s\u00e9rotonine dans l\u2019organisme \u00e9galement appel\u00e9e \u00ab hormone de la bonne humeur \u00bb. Le L-tryptophane est \u00e9galement le pr\u00e9curseur de la m\u00e9latonine, substance qui r\u00e9git la relation entre le sommeil et la veille en g\u00e9n\u00e9rant la s\u00e9r\u00e9nit\u00e9. Le tryptophane est un acide amin\u00e9 essentiel, ce qui signifie que l\u2019organisme est incapable de le synth\u00e9tiser par lui-m\u00eame. Il ne peut donc \u00eatre apport\u00e9 que par l\u2019alimentation et une suppl\u00e9mentation correctes, comme cela se fait depuis de nombreuses ann\u00e9es chez l\u2019homme et, en particulier, chez les enfants (44).<\/p>\n<h4>Mode d\u2019emploi<\/h4>\n<p>&#8211; Utiliser la totalit\u00e9 de la seringue de Prequalm au moins 3 heures avant une comp\u00e9tition.<br \/>\n&#8211; Utiliser 1 seringue de Prequalm 2 heures avant un voyage si le cheval n\u2019aime pas \u00eatre transport\u00e9 ou voyager.<br \/>\nLa quantit\u00e9 pour un poney est toujours d\u20191 seringue enti\u00e8re.<\/p>\n<p>&nbsp;<\/p>\n<p>Poids net : 100 g<\/p>\n<p><em>(Chaque organisme \u00e9tant sp\u00e9cifique, il est toujours conseill\u00e9 de tester les nouveaux aliments en les introduisant progressivement dans l\u2019alimentation du cheval pour en \u00e9valuer la tol\u00e9rance).<\/em><\/p>\n<p><em><strong>N<\/strong><strong>ous proc\u00e9dons \u00e0 un examen des \u00e9tiquettes. Si vous souhaitez recevoir l&#8217;\u00e9tiquette avant la vente, nous vous demandons de nous envoyer un e-mail \u00e0 l&#8217;adresse suivante : info@lineaunika.it . Nous nous excusons pour la g\u00eane occasionn\u00e9e.<\/strong><\/em><\/p>\n","protected":false},"excerpt":{"rendered":"<p>\u2714\ufe0f Seringue monodose pr\u00eate \u00e0 l&#8217;emploi<br \/>\n\u2714\ufe0f Convient \u00e0 toutes les disciplines<br \/>\n\u2714\ufe0f Favorise la tranquillit\u00e9 naturelle et la concentration du cheval<\/p>\n","protected":false},"featured_media":21608,"template":"","meta":{"_acf_changed":false,"_joinchat":[]},"product_brand":[],"product_cat":[444],"product_tag":[578,488,582],"class_list":{"0":"post-9524","1":"product","2":"type-product","3":"status-publish","4":"has-post-thumbnail","6":"product_cat-aliments-et-vitamines","7":"product_tag-anxiete-et-stress","8":"product_tag-pas-de-dopage","9":"product_tag-relaxer","11":"first","12":"instock","13":"taxable","14":"shipping-taxable","15":"purchasable","16":"product-type-simple"},"acf":[],"_links":{"self":[{"href":"https:\/\/unika.sitointest.it\/fr\/wp-json\/wp\/v2\/product\/9524","targetHints":{"allow":["GET"]}}],"collection":[{"href":"https:\/\/unika.sitointest.it\/fr\/wp-json\/wp\/v2\/product"}],"about":[{"href":"https:\/\/unika.sitointest.it\/fr\/wp-json\/wp\/v2\/types\/product"}],"version-history":[{"count":4,"href":"https:\/\/unika.sitointest.it\/fr\/wp-json\/wp\/v2\/product\/9524\/revisions"}],"predecessor-version":[{"id":27892,"href":"https:\/\/unika.sitointest.it\/fr\/wp-json\/wp\/v2\/product\/9524\/revisions\/27892"}],"wp:featuredmedia":[{"embeddable":true,"href":"https:\/\/unika.sitointest.it\/fr\/wp-json\/wp\/v2\/media\/21608"}],"wp:attachment":[{"href":"https:\/\/unika.sitointest.it\/fr\/wp-json\/wp\/v2\/media?parent=9524"}],"wp:term":[{"taxonomy":"product_brand","embeddable":true,"href":"https:\/\/unika.sitointest.it\/fr\/wp-json\/wp\/v2\/product_brand?post=9524"},{"taxonomy":"product_cat","embeddable":true,"href":"https:\/\/unika.sitointest.it\/fr\/wp-json\/wp\/v2\/product_cat?post=9524"},{"taxonomy":"product_tag","embeddable":true,"href":"https:\/\/unika.sitointest.it\/fr\/wp-json\/wp\/v2\/product_tag?post=9524"}],"curies":[{"name":"wp","href":"https:\/\/api.w.org\/{rel}","templated":true}]}}