{"id":9509,"date":"2022-11-09T13:32:01","date_gmt":"2022-11-09T12:32:01","guid":{"rendered":"https:\/\/lineaunika.jumpgroup.it\/shop\/non%20class\u00e9\/mares-care\/"},"modified":"2026-02-16T18:09:06","modified_gmt":"2026-02-16T17:09:06","slug":"mares-care","status":"publish","type":"product","link":"https:\/\/unika.sitointest.it\/fr\/shop\/aliments-et-vitamines\/mares-care\/","title":{"rendered":"Mares Care"},"content":{"rendered":"<h4>Aliment compl\u00e9mentaire pour chevaux<\/h4>\n<p>Mares Care est un compl\u00e9ment alimentaire pour les juments, id\u00e9al pour favoriser le bien-\u00eatre naturel du cycle hormonal.<\/p>\n<h4>Quand l\u2019utiliser<\/h4>\n<p>Mares Care est id\u00e9al chez les :<\/p>\n<p>juments ayant des cycles hormonaux d\u00e9s\u00e9quilibr\u00e9s<\/p>\n<h4>Propri\u00e9t\u00e9s de ses \u00e9l\u00e9ments<\/h4>\n<p>Mares Care exploite les propri\u00e9t\u00e9s du gattilier (Vitex agnus-castus) pour procurer \u00e0 la jument tranquillit\u00e9 d\u2019esprit et s\u00e9r\u00e9nit\u00e9.<\/p>\n<h4>Mode d\u2019emploi<\/h4>\n<p>Utiliser de 50 \u00e0 80 g de Mares Care par jour, bien m\u00e9lang\u00e9s \u00e0 la ration quotidienne. Il est recommand\u00e9 de prendre Mares Care au moins pendant 15 jours cons\u00e9cutifs.<\/p>\n<p>&nbsp;<\/p>\n<p>Poids net : 5 kg<\/p>\n<p><em>(Chaque organisme \u00e9tant sp\u00e9cifique, il est toujours conseill\u00e9 de tester les nouveaux aliments en les introduisant progressivement dans l\u2019alimentation du cheval pour en \u00e9valuer la tol\u00e9rance).<\/em><\/p>\n<p><em><strong>Nous proc\u00e9dons \u00e0 un examen des \u00e9tiquettes. Si vous souhaitez recevoir l&#8217;\u00e9tiquette avant la vente, nous vous demandons de nous envoyer un e-mail \u00e0 l&#8217;adresse suivante : info@lineaunika.it . Nous nous excusons pour la g\u00eane occasionn\u00e9e.<\/strong><\/em><\/p>\n","protected":false},"excerpt":{"rendered":"<p>\u2714\ufe0f Granul\u00e9s de 4 mm pour une mastication facile<br \/>\n\u2714\ufe0f Id\u00e9al pour les juments en chaleur<br \/>\n\u2714\ufe0f \u00c0 haute teneur en gattilier<\/p>\n","protected":false},"featured_media":25670,"template":"","meta":{"_acf_changed":false,"_joinchat":[]},"product_brand":[],"product_cat":[444],"product_tag":[578,476,468,464,472,504,582,460],"class_list":{"0":"post-9509","1":"product","2":"type-product","3":"status-publish","4":"has-post-thumbnail","6":"product_cat-aliments-et-vitamines","7":"product_tag-anxiete-et-stress","8":"product_tag-cheval-de-course","9":"product_tag-dressage-fr","10":"product_tag-endurance-fr","11":"product_tag-equitation-western","12":"product_tag-juments-et-poulains","13":"product_tag-relaxer","14":"product_tag-saut-dobstacles","16":"first","17":"instock","18":"taxable","19":"shipping-taxable","20":"purchasable","21":"product-type-simple"},"acf":[],"_links":{"self":[{"href":"https:\/\/unika.sitointest.it\/fr\/wp-json\/wp\/v2\/product\/9509","targetHints":{"allow":["GET"]}}],"collection":[{"href":"https:\/\/unika.sitointest.it\/fr\/wp-json\/wp\/v2\/product"}],"about":[{"href":"https:\/\/unika.sitointest.it\/fr\/wp-json\/wp\/v2\/types\/product"}],"version-history":[{"count":5,"href":"https:\/\/unika.sitointest.it\/fr\/wp-json\/wp\/v2\/product\/9509\/revisions"}],"predecessor-version":[{"id":27887,"href":"https:\/\/unika.sitointest.it\/fr\/wp-json\/wp\/v2\/product\/9509\/revisions\/27887"}],"wp:featuredmedia":[{"embeddable":true,"href":"https:\/\/unika.sitointest.it\/fr\/wp-json\/wp\/v2\/media\/25670"}],"wp:attachment":[{"href":"https:\/\/unika.sitointest.it\/fr\/wp-json\/wp\/v2\/media?parent=9509"}],"wp:term":[{"taxonomy":"product_brand","embeddable":true,"href":"https:\/\/unika.sitointest.it\/fr\/wp-json\/wp\/v2\/product_brand?post=9509"},{"taxonomy":"product_cat","embeddable":true,"href":"https:\/\/unika.sitointest.it\/fr\/wp-json\/wp\/v2\/product_cat?post=9509"},{"taxonomy":"product_tag","embeddable":true,"href":"https:\/\/unika.sitointest.it\/fr\/wp-json\/wp\/v2\/product_tag?post=9509"}],"curies":[{"name":"wp","href":"https:\/\/api.w.org\/{rel}","templated":true}]}}