{"id":9492,"date":"2022-11-09T13:23:00","date_gmt":"2022-11-09T12:23:00","guid":{"rendered":"https:\/\/lineaunika.jumpgroup.it\/shop\/non%20class\u00e9\/calm-mg\/"},"modified":"2026-02-16T18:08:39","modified_gmt":"2026-02-16T17:08:39","slug":"calm-mg","status":"publish","type":"product","link":"https:\/\/unika.sitointest.it\/fr\/shop\/aliments-et-vitamines\/calm-mg\/","title":{"rendered":"Calm Mg"},"content":{"rendered":"<h4>Compl\u00e9ment alimentaire pour chevaux<\/h4>\n<p>Calm Mg est un compl\u00e9ment alimentaire liquide \u00e0 base de magn\u00e9sium. Calm Mg participe au bien-\u00eatre mental du cheval en optimisant les niveaux de magn\u00e9sium dans l\u2019organisme, et donc les niveaux de stress et de peur.<\/p>\n<h4>Quand l\u2019utiliser<\/h4>\n<p>Calm Mg est un compl\u00e9ment alimentaire liquide qui procure aux chevaux des sources de magn\u00e9sium hautement disponibles. Il peut \u00eatre utile aux jeunes qui ont des difficult\u00e9s \u00e0 faire face aux premi\u00e8res p\u00e9riodes de comp\u00e9tition, notamment les comp\u00e9titions en salle. Il peut \u00e9galement \u00eatre utile chez les chevaux adultes qui, en raison de faibles niveaux de magn\u00e9sium dans l\u2019organisme, peuvent \u00eatre plus nerveux et difficiles \u00e0 g\u00e9rer.<\/p>\n<h4>Propri\u00e9t\u00e9s de ses \u00e9l\u00e9ments<\/h4>\n<p>Participant \u00e0 plus de 300 r\u00e9actions m\u00e9taboliques diff\u00e9rentes, le magn\u00e9sium est un min\u00e9ral tr\u00e8s important dans le domaine de la nutrition (45). La production d\u2019\u00e9nergie dans les cellules, la synth\u00e8se des acides nucl\u00e9iques, la contraction musculaire et la conduction nerveuse d\u00e9pendent de la pr\u00e9sence de magn\u00e9sium. Cependant, tous les sels de magn\u00e9sium pr\u00e9sents dans la nature n\u2019ont pas la m\u00eame biodisponibilit\u00e9 pour l\u2019organisme. Voil\u00e0 pourquoi, Linea Unika a choisi trois mati\u00e8res premi\u00e8res \u00e0 tr\u00e8s haute biodisponibilit\u00e9 en magn\u00e9sium le citrate de magn\u00e9sium, l\u2019aspartate de magn\u00e9sium et le chlorure de magn\u00e9sium. Ces sels sont enti\u00e8rement solubles dans l\u2019eau et donc plus facilement absorb\u00e9s par l\u2019organisme que les sels peu ou non solubles, comme l\u2019oxyde de magn\u00e9sium. Le magn\u00e9sium est, en effet, absorb\u00e9 dans l\u2019intestin gr\u00eale et le c\u00f4lon : l\u2019efficacit\u00e9 de son absorption d\u00e9pend donc de la solubilit\u00e9 de son sel dans les liquides intestinaux. Des \u00e9tudes sur l\u2019homme ont montr\u00e9 que le magn\u00e9sium est capable d\u2019exercer des effets neuroprotecteurs (45) et qu\u2019il est utilis\u00e9 dans la production d\u2019ATP, le carburant de l\u2019organisme. On peut donc dire que le magn\u00e9sium a un effet \u00e9nergisant.<\/p>\n<h4>Mode d\u2019emploi<\/h4>\n<p>Utiliser de 50 \u00e0 100 g de Calm Mg par jour, bien incorpor\u00e9s \u00e0 l\u2019alimentation quotidienne (une tasse \u00e0 caf\u00e9 en contient environ 70 g). Le produit a la consistance d\u2019un sirop et il est tr\u00e8s app\u00e9tissant pour le cheval. La dur\u00e9e d\u2019utilisation recommand\u00e9e est de 30\/40 jours cons\u00e9cutifs au minimum. Il est conseill\u00e9 de ne pas d\u00e9passer la dose quotidienne indiqu\u00e9e de Calm Mg, car les sels de magn\u00e9sium ont un l\u00e9ger effet laxatif.<\/p>\n<p><em>(Chaque organisme \u00e9tant sp\u00e9cifique, il est toujours conseill\u00e9 de tester les nouveaux aliments en les introduisant progressivement dans l\u2019alimentation du cheval pour en \u00e9valuer la tol\u00e9rance).<\/em><\/p>\n<p><em><strong>Nous proc\u00e9dons \u00e0 un examen des \u00e9tiquettes. Si vous souhaitez recevoir l&#8217;\u00e9tiquette avant la vente, nous vous demandons de nous envoyer un e-mail \u00e0 l&#8217;adresse suivante : info@lineaunika.it . Nous nous excusons pour la g\u00eane occasionn\u00e9e.<\/strong><\/em><\/p>\n","protected":false},"excerpt":{"rendered":"<p>\u2714\ufe0f Produit liquide pour les chevaux qui n&#8217;aiment pas les poudres<br \/>\n\u2714\ufe0f Id\u00e9al pour optimiser les niveaux de magn\u00e9sium dans le corps<br \/>\n\u2714\ufe0f Id\u00e9al pour les jeunes chevaux<\/p>\n","protected":false},"featured_media":21352,"template":"","meta":{"_acf_changed":false,"_joinchat":[]},"product_brand":[],"product_cat":[444],"product_tag":[578,476,468,464,472,504,582,460],"class_list":{"0":"post-9492","1":"product","2":"type-product","3":"status-publish","4":"has-post-thumbnail","6":"product_cat-aliments-et-vitamines","7":"product_tag-anxiete-et-stress","8":"product_tag-cheval-de-course","9":"product_tag-dressage-fr","10":"product_tag-endurance-fr","11":"product_tag-equitation-western","12":"product_tag-juments-et-poulains","13":"product_tag-relaxer","14":"product_tag-saut-dobstacles","16":"first","17":"instock","18":"taxable","19":"shipping-taxable","20":"purchasable","21":"product-type-variable"},"acf":[],"_links":{"self":[{"href":"https:\/\/unika.sitointest.it\/fr\/wp-json\/wp\/v2\/product\/9492","targetHints":{"allow":["GET"]}}],"collection":[{"href":"https:\/\/unika.sitointest.it\/fr\/wp-json\/wp\/v2\/product"}],"about":[{"href":"https:\/\/unika.sitointest.it\/fr\/wp-json\/wp\/v2\/types\/product"}],"version-history":[{"count":3,"href":"https:\/\/unika.sitointest.it\/fr\/wp-json\/wp\/v2\/product\/9492\/revisions"}],"predecessor-version":[{"id":15827,"href":"https:\/\/unika.sitointest.it\/fr\/wp-json\/wp\/v2\/product\/9492\/revisions\/15827"}],"wp:featuredmedia":[{"embeddable":true,"href":"https:\/\/unika.sitointest.it\/fr\/wp-json\/wp\/v2\/media\/21352"}],"wp:attachment":[{"href":"https:\/\/unika.sitointest.it\/fr\/wp-json\/wp\/v2\/media?parent=9492"}],"wp:term":[{"taxonomy":"product_brand","embeddable":true,"href":"https:\/\/unika.sitointest.it\/fr\/wp-json\/wp\/v2\/product_brand?post=9492"},{"taxonomy":"product_cat","embeddable":true,"href":"https:\/\/unika.sitointest.it\/fr\/wp-json\/wp\/v2\/product_cat?post=9492"},{"taxonomy":"product_tag","embeddable":true,"href":"https:\/\/unika.sitointest.it\/fr\/wp-json\/wp\/v2\/product_tag?post=9492"}],"curies":[{"name":"wp","href":"https:\/\/api.w.org\/{rel}","templated":true}]}}