{"id":9471,"date":"2022-11-09T13:14:09","date_gmt":"2022-11-09T12:14:09","guid":{"rendered":"https:\/\/lineaunika.jumpgroup.it\/shop\/non%20class\u00e9\/topic-noder\/"},"modified":"2026-02-16T18:09:22","modified_gmt":"2026-02-16T17:09:22","slug":"topic-noder","status":"publish","type":"product","link":"https:\/\/unika.sitointest.it\/fr\/shop\/hygiene-et-soins-des-chevaux\/topic-noder\/","title":{"rendered":"Topic Noder"},"content":{"rendered":"<h4>Produit destin\u00e9 \u00e0 un usage externe uniquement<\/h4>\n<p>Topic Noder est un spray \u00e0 usage externe pour le pelage du cheval. Topic Noder contient des substances qui facilitent son maintien sur le pelage.<\/p>\n<h4>Mode d\u2019emploi<\/h4>\n<p>Utiliser Topic Noder 2 ou 3 fois par semaine, en portant toujours des gants en latex. Vaporiser Topic Noder sur les zones o\u00f9 le cheval se gratte, en veillant \u00e0 ne pas le vaporiser sur les zones sensibles comme les muqueuses et les yeux.<\/p>\n<p>&nbsp;<\/p>\n<p>Poids net : 500 ml<\/p>\n<p><em>(Chaque organisme \u00e9tant sp\u00e9cifique, il est toujours conseill\u00e9 de tester les nouveaux aliments en les introduisant progressivement dans l\u2019alimentation du cheval pour en \u00e9valuer la tol\u00e9rance).<\/em><\/p>\n<p><em><strong>Nous proc\u00e9dons \u00e0 un examen des \u00e9tiquettes. Si vous souhaitez recevoir l&#8217;\u00e9tiquette avant la vente, nous vous demandons de nous envoyer un e-mail \u00e0 l&#8217;adresse suivante : info@lineaunika.it . Nous nous excusons pour la g\u00eane occasionn\u00e9e.<\/strong><\/em><\/p>\n","protected":false},"excerpt":{"rendered":"<p>\u2714\ufe0f Avec vaporisateur pratique<br \/>\n\u2714\ufe0f Longue tenue sur le manteau<br \/>\n\u2714\ufe0f Indiqu\u00e9 pour gratter les chevaux<\/p>\n","protected":false},"featured_media":25650,"template":"","meta":{"_acf_changed":false,"_joinchat":[]},"product_brand":[],"product_cat":[450],"product_tag":[570,548,574,564],"class_list":{"0":"post-9471","1":"product","2":"type-product","3":"status-publish","4":"has-post-thumbnail","6":"product_cat-hygiene-et-soins-des-chevaux","7":"product_tag-dermatite-fr","8":"product_tag-ete","9":"product_tag-insectes","10":"product_tag-manteau-et-peau","12":"first","13":"instock","14":"taxable","15":"shipping-taxable","16":"purchasable","17":"product-type-simple"},"acf":[],"_links":{"self":[{"href":"https:\/\/unika.sitointest.it\/fr\/wp-json\/wp\/v2\/product\/9471","targetHints":{"allow":["GET"]}}],"collection":[{"href":"https:\/\/unika.sitointest.it\/fr\/wp-json\/wp\/v2\/product"}],"about":[{"href":"https:\/\/unika.sitointest.it\/fr\/wp-json\/wp\/v2\/types\/product"}],"version-history":[{"count":4,"href":"https:\/\/unika.sitointest.it\/fr\/wp-json\/wp\/v2\/product\/9471\/revisions"}],"predecessor-version":[{"id":27898,"href":"https:\/\/unika.sitointest.it\/fr\/wp-json\/wp\/v2\/product\/9471\/revisions\/27898"}],"wp:featuredmedia":[{"embeddable":true,"href":"https:\/\/unika.sitointest.it\/fr\/wp-json\/wp\/v2\/media\/25650"}],"wp:attachment":[{"href":"https:\/\/unika.sitointest.it\/fr\/wp-json\/wp\/v2\/media?parent=9471"}],"wp:term":[{"taxonomy":"product_brand","embeddable":true,"href":"https:\/\/unika.sitointest.it\/fr\/wp-json\/wp\/v2\/product_brand?post=9471"},{"taxonomy":"product_cat","embeddable":true,"href":"https:\/\/unika.sitointest.it\/fr\/wp-json\/wp\/v2\/product_cat?post=9471"},{"taxonomy":"product_tag","embeddable":true,"href":"https:\/\/unika.sitointest.it\/fr\/wp-json\/wp\/v2\/product_tag?post=9471"}],"curies":[{"name":"wp","href":"https:\/\/api.w.org\/{rel}","templated":true}]}}