{"id":9453,"date":"2022-11-09T11:46:58","date_gmt":"2022-11-09T11:46:58","guid":{"rendered":"https:\/\/lineaunika.jumpgroup.it\/shop\/non%20class\u00e9\/unika-garlic-powder\/"},"modified":"2023-06-20T12:20:37","modified_gmt":"2023-06-20T12:20:37","slug":"unika-garlic-powder","status":"publish","type":"product","link":"https:\/\/unika.sitointest.it\/fr\/shop\/aliments-et-vitamines\/unika-garlic-powder\/","title":{"rendered":"Unika Garlic Powder"},"content":{"rendered":"<h4>Aliment simple pour chevaux<\/h4>\n<p>Unika Garlic Powder est un aliment simple pour chevaux \u00e0 base d\u2019ail en poudre compos\u00e9 d\u2019ail s\u00e9ch\u00e9 de premi\u00e8re qualit\u00e9, id\u00e9al pour l\u2019alimentation du cheval<\/p>\n<h4>Mode d\u2019emploi<\/h4>\n<p>Ajouter de 50 \u00e0 60 g d\u2019Unika Garlic Powder par jour \u00e0 la ration quotidienne.<\/p>\n<p><em>(Chaque organisme \u00e9tant sp\u00e9cifique, il est toujours conseill\u00e9 de tester les nouveaux aliments en les introduisant progressivement dans l\u2019alimentation du cheval pour en \u00e9valuer la tol\u00e9rance).<\/em><\/p>\n<h4><em><strong>Nous proc\u00e9dons \u00e0 un examen des \u00e9tiquettes. Si vous souhaitez recevoir l&#8217;\u00e9tiquette avant la vente, nous vous demandons de nous envoyer un e-mail \u00e0 l&#8217;adresse suivante : info@lineaunika.it . Nous nous excusons pour la g\u00eane occasionn\u00e9e.<\/strong><\/em><\/h4>\n","protected":false},"excerpt":{"rendered":"<p>\u2714\ufe0f Tasse \u00e0 mesurer pratique \u00e0 l&#8217;int\u00e9rieur de l&#8217;emballage<br \/>\n\u2714\ufe0f Id\u00e9al au printemps et en \u00e9t\u00e9<br \/>\n\u2714\ufe0f Pour les chevaux sensibles aux piq\u00fbres d&#8217;insectes<br \/>\n\u2714\ufe0f Il soutient le bien-\u00eatre naturel dans les intestins<\/p>\n","protected":false},"featured_media":21570,"template":"","meta":{"_acf_changed":false,"_joinchat":[]},"product_brand":[],"product_cat":[444],"product_tag":[564],"class_list":{"0":"post-9453","1":"product","2":"type-product","3":"status-publish","4":"has-post-thumbnail","6":"product_cat-aliments-et-vitamines","7":"product_tag-manteau-et-peau","9":"first","10":"instock","11":"taxable","12":"shipping-taxable","13":"purchasable","14":"product-type-variable"},"acf":[],"_links":{"self":[{"href":"https:\/\/unika.sitointest.it\/fr\/wp-json\/wp\/v2\/product\/9453","targetHints":{"allow":["GET"]}}],"collection":[{"href":"https:\/\/unika.sitointest.it\/fr\/wp-json\/wp\/v2\/product"}],"about":[{"href":"https:\/\/unika.sitointest.it\/fr\/wp-json\/wp\/v2\/types\/product"}],"version-history":[{"count":3,"href":"https:\/\/unika.sitointest.it\/fr\/wp-json\/wp\/v2\/product\/9453\/revisions"}],"predecessor-version":[{"id":15835,"href":"https:\/\/unika.sitointest.it\/fr\/wp-json\/wp\/v2\/product\/9453\/revisions\/15835"}],"wp:featuredmedia":[{"embeddable":true,"href":"https:\/\/unika.sitointest.it\/fr\/wp-json\/wp\/v2\/media\/21570"}],"wp:attachment":[{"href":"https:\/\/unika.sitointest.it\/fr\/wp-json\/wp\/v2\/media?parent=9453"}],"wp:term":[{"taxonomy":"product_brand","embeddable":true,"href":"https:\/\/unika.sitointest.it\/fr\/wp-json\/wp\/v2\/product_brand?post=9453"},{"taxonomy":"product_cat","embeddable":true,"href":"https:\/\/unika.sitointest.it\/fr\/wp-json\/wp\/v2\/product_cat?post=9453"},{"taxonomy":"product_tag","embeddable":true,"href":"https:\/\/unika.sitointest.it\/fr\/wp-json\/wp\/v2\/product_tag?post=9453"}],"curies":[{"name":"wp","href":"https:\/\/api.w.org\/{rel}","templated":true}]}}