{"id":9414,"date":"2022-11-09T11:26:26","date_gmt":"2022-11-09T11:26:26","guid":{"rendered":"https:\/\/lineaunika.jumpgroup.it\/shop\/non%20class\u00e9\/olio-vit\/"},"modified":"2026-02-16T18:09:13","modified_gmt":"2026-02-16T17:09:13","slug":"olio-vit","status":"publish","type":"product","link":"https:\/\/unika.sitointest.it\/fr\/shop\/aliments-et-vitamines\/olio-vit\/","title":{"rendered":"Olio Vit"},"content":{"rendered":"<h4>Compl\u00e9ment alimentaire pour chevaux<\/h4>\n<p>Olio Vit est un compl\u00e9ment alimentaire liquide \u00e0 base d\u2019huiles v\u00e9g\u00e9tales et animales et un apport de vitamine A, vitamine D3 et vitamine E. Le secret d\u2019Olio Vit r\u00e9side dans la qualit\u00e9 des huiles choisies.<\/p>\n<h4>Quand l\u2019utiliser<\/h4>\n<p>Olio Vit est un compl\u00e9ment alimentaire liquide id\u00e9al pour procurer aux chevaux des sources importantes de gras nobles et de vitamines. Olio Vit peut \u00eatre utile :<\/p>\n<p>&#8211; pour augmenter l\u2019apport en mati\u00e8res grasses dans l\u2019alimentation quotidienne du cheval<br \/>\n&#8211; pour augmenter les vitamines dans l\u2019alimentation quotidienne du cheval<br \/>\n&#8211; pour les chevaux maigres ayant du mal \u00e0 prendre du poids<br \/>\n&#8211; en p\u00e9riode de convalescence pour reprendre du poids<br \/>\n&#8211; pendant les saisons d\u2019hiver pour augmenter la graisse corporelle du cheval<br \/>\n&#8211; pour am\u00e9liorer la beaut\u00e9 du pelage et de la crini\u00e8re.<\/p>\n<h4>Propri\u00e9t\u00e9s de ses \u00e9l\u00e9ments<\/h4>\n<p>La formulation d\u2019Olio Vit est \u00e0 base d\u2019huile de soja non d\u00e9l\u00e9cithin\u00e9e, avec un apport d\u2019huile de foie de morue (huile de poisson). L\u2019huile de soja contient d\u2019importantes fractions de l\u00e9cithine, une substance grasse qui a de nombreux effets b\u00e9n\u00e9fiques sur l\u2019organisme. C\u2019est une source de phosphates de calcium et de phosphatidyls\u00e9rine, substance tr\u00e8s active dans le cerveau. L\u2019huile de foie de morue fournit une quantit\u00e9 importante d\u2019acides gras om\u00e9ga-3 \u00e0 longue cha\u00eene, comme le DHA et l\u2019EPA.<\/p>\n<h4>Mode d\u2019emploi<\/h4>\n<p>Utiliser de 50 \u00e0 100 ml d\u2019Olio Vit par jour, bien m\u00e9lang\u00e9s \u00e0 la ration alimentaire. Utiliser la plus petite quantit\u00e9, les premiers jours. Ne pas d\u00e9passer les 150 ml par jour.&#8221;<\/p>\n<p><em>(Chaque organisme \u00e9tant sp\u00e9cifique, il est toujours conseill\u00e9 de tester les nouveaux aliments en les introduisant progressivement dans l\u2019alimentation du cheval pour en \u00e9valuer la tol\u00e9rance).<\/em><\/p>\n<p><em><strong>Nous proc\u00e9dons \u00e0 un examen des \u00e9tiquettes. Si vous souhaitez recevoir l&#8217;\u00e9tiquette avant la vente, nous vous demandons de nous envoyer un e-mail \u00e0 l&#8217;adresse suivante : info@lineaunika.it . Nous nous excusons pour la g\u00eane occasionn\u00e9e.<\/strong><\/em><\/p>\n","protected":false},"excerpt":{"rendered":"<p>\u2714\ufe0f \u00c0 base d&#8217;huiles de haute qualit\u00e9<br \/>\n\u2714\ufe0f Ajout\u00e9 de vitamines<br \/>\n\u2714\ufe0f Utile pour les chevaux maigres, \u00e2g\u00e9s et convalescents<\/p>\n","protected":false},"featured_media":21384,"template":"","meta":{"_acf_changed":false,"_joinchat":[]},"product_brand":[],"product_cat":[444],"product_tag":[500,508,564],"class_list":{"0":"post-9414","1":"product","2":"type-product","3":"status-publish","4":"has-post-thumbnail","6":"product_cat-aliments-et-vitamines","7":"product_tag-cheval-maigre","8":"product_tag-chevaux-ages","9":"product_tag-manteau-et-peau","11":"first","12":"instock","13":"taxable","14":"shipping-taxable","15":"purchasable","16":"product-type-variable"},"acf":[],"_links":{"self":[{"href":"https:\/\/unika.sitointest.it\/fr\/wp-json\/wp\/v2\/product\/9414","targetHints":{"allow":["GET"]}}],"collection":[{"href":"https:\/\/unika.sitointest.it\/fr\/wp-json\/wp\/v2\/product"}],"about":[{"href":"https:\/\/unika.sitointest.it\/fr\/wp-json\/wp\/v2\/types\/product"}],"version-history":[{"count":3,"href":"https:\/\/unika.sitointest.it\/fr\/wp-json\/wp\/v2\/product\/9414\/revisions"}],"predecessor-version":[{"id":15844,"href":"https:\/\/unika.sitointest.it\/fr\/wp-json\/wp\/v2\/product\/9414\/revisions\/15844"}],"wp:featuredmedia":[{"embeddable":true,"href":"https:\/\/unika.sitointest.it\/fr\/wp-json\/wp\/v2\/media\/21384"}],"wp:attachment":[{"href":"https:\/\/unika.sitointest.it\/fr\/wp-json\/wp\/v2\/media?parent=9414"}],"wp:term":[{"taxonomy":"product_brand","embeddable":true,"href":"https:\/\/unika.sitointest.it\/fr\/wp-json\/wp\/v2\/product_brand?post=9414"},{"taxonomy":"product_cat","embeddable":true,"href":"https:\/\/unika.sitointest.it\/fr\/wp-json\/wp\/v2\/product_cat?post=9414"},{"taxonomy":"product_tag","embeddable":true,"href":"https:\/\/unika.sitointest.it\/fr\/wp-json\/wp\/v2\/product_tag?post=9414"}],"curies":[{"name":"wp","href":"https:\/\/api.w.org\/{rel}","templated":true}]}}