{"id":9379,"date":"2022-11-09T11:09:16","date_gmt":"2022-11-09T11:09:16","guid":{"rendered":"https:\/\/lineaunika.jumpgroup.it\/shop\/non%20class\u00e9\/unika-sport\/"},"modified":"2023-06-16T12:52:18","modified_gmt":"2023-06-16T12:52:18","slug":"unika-sport","status":"publish","type":"product","link":"https:\/\/unika.sitointest.it\/fr\/shop\/aliments-et-vitamines\/unika-sport\/","title":{"rendered":"Unika Sport"},"content":{"rendered":"<h4>Aliment complet pour chevaux<\/h4>\n<p>Unika Sport r\u00e9pond aux besoins \u00e9nerg\u00e9tiques des chevaux participant \u00e0 de tr\u00e8s nombreuses comp\u00e9titions dont l\u2019activit\u00e9 est intense. La teneur optimale en prot\u00e9ines et la source noble des prot\u00e9ines fournies garantissent au cheval de comp\u00e9tition le maintien et la nutrition de ses masses musculaires. Unika Sport ne cr\u00e9e pas de pics glyc\u00e9miques (responsables de la nervosit\u00e9 du cheval r\u00e9sultant d\u2019une alimentation d\u00e9s\u00e9quilibr\u00e9e) et n\u2019\u00e9nerve pas le cheval. Compos\u00e9 de vitamines et d\u2019antioxydants essentiels, Unika Sport aide le syst\u00e8me musculaire du cheval athl\u00e8te \u00e0 se maintenir en forme et pr\u00eat pour la comp\u00e9tition.<\/p>\n<p>Id\u00e9al pour les chevaux de comp\u00e9tition et les chevaux devant participer \u00e0 des cycles de comp\u00e9tition intensifs.<\/p>\n<h4>Quand l\u2019utiliser<\/h4>\n<p>Unika Sport est id\u00e9al pour :<br \/>\n&#8211; les chevaux en comp\u00e9tition<br \/>\n&#8211; les chevaux n\u00e9cessitant un compl\u00e9ment en prot\u00e9ines tr\u00e8s digestes dans leur r\u00e9gime alimentaire<br \/>\n&#8211; les chevaux devant \u00eatre pr\u00e9par\u00e9s \u00e0 la comp\u00e9tition<br \/>\n&#8211; les chevaux n\u00e9cessitant une alimentation \u00e0 faible indice glyc\u00e9mique<br \/>\n&#8211; les chevaux intol\u00e9rants aux flocons de c\u00e9r\u00e9ales<br \/>\n&#8211; les chevaux intol\u00e9rants au ma\u00efs<\/p>\n<h4>Propri\u00e9t\u00e9s de ses \u00e9l\u00e9ments<\/h4>\n<p>Unika Sport, gr\u00e2ce \u00e0 sa formulation \u00e9quilibr\u00e9e, est en mesure de fournir au cheval des \u00e9l\u00e9ments tr\u00e8s digestes et assimilables par l\u2019organisme. La s\u00e9lection de nos fournisseurs nous a conduit \u00e0 tracer les meilleures mati\u00e8res premi\u00e8res sur le march\u00e9, en garantissant la production d\u2019aliments \u00e9quilibr\u00e9s, efficaces et performants.<\/p>\n<h4>Mode d\u2019emploi<\/h4>\n<p>Utiliser de 2,5 \u00e0 5 kg d\u2019Unika Sport par jour et par cheval. Les rations alimentaires d\u00e9pendent de nombreux facteurs (\u00e2ge de l\u2019animal, activit\u00e9 sportive effectu\u00e9e, race, etc.). C\u2019est pourquoi, nous vous invitons \u00e0 nous contacter pour conna\u00eetre la ration quotidienne \u00e0 utiliser pour votre cheval.<\/p>\n<h4>D\u00e9couvrez tous les avantages et la gestion des exp\u00e9ditions de nos aliments, cliquez sur ce <a href=\"https:\/\/media.lineaunika.it\/unika\/uploads\/2023\/06\/ALIMENTS-UNIKA-FR.pdf\">lien<\/a>!<\/h4>\n<p>&nbsp;<\/p>\n<p><em>(Chaque organisme \u00e9tant sp\u00e9cifique, il est toujours conseill\u00e9 de tester les nouveaux aliments en les introduisant progressivement dans l\u2019alimentation du cheval pour en \u00e9valuer la tol\u00e9rance).<\/em><\/p>\n<p><em><strong>Nous proc\u00e9dons \u00e0 un examen des \u00e9tiquettes. Si vous souhaitez recevoir l&#8217;\u00e9tiquette avant la vente, nous vous demandons de nous envoyer un e-mail \u00e0 l&#8217;adresse suivante : info@lineaunika.it . Nous nous excusons pour la g\u00eane occasionn\u00e9e.<\/strong><\/em><\/p>\n","protected":false},"excerpt":{"rendered":"<p>\u2714\ufe0f Granul\u00e9s de 4 mm pour une mastication facile<br \/>\n\u2714\ufe0f Convient \u00e9galement aux chevaux chauds<br \/>\n\u2714\ufe0f Teneur \u00e9lev\u00e9e en prot\u00e9ines<\/p>\n","protected":false},"featured_media":21286,"template":"","meta":{"_acf_changed":false,"_joinchat":[]},"product_brand":[],"product_cat":[444],"product_tag":[744,476,468,464,472,598,484,610,460],"class_list":{"0":"post-9379","1":"product","2":"type-product","3":"status-publish","4":"has-post-thumbnail","6":"product_cat-aliments-et-vitamines","7":"product_tag-alimente","8":"product_tag-cheval-de-course","9":"product_tag-dressage-fr","10":"product_tag-endurance-fr","11":"product_tag-equitation-western","12":"product_tag-indice-glycemique-bas","13":"product_tag-muscles-fr","14":"product_tag-pas-de-mais-et-de-cereales","15":"product_tag-saut-dobstacles","16":"product_shipping_class-mangimi","18":"first","19":"instock","20":"taxable","21":"shipping-taxable","22":"purchasable","23":"product-type-variable"},"acf":[],"_links":{"self":[{"href":"https:\/\/unika.sitointest.it\/fr\/wp-json\/wp\/v2\/product\/9379","targetHints":{"allow":["GET"]}}],"collection":[{"href":"https:\/\/unika.sitointest.it\/fr\/wp-json\/wp\/v2\/product"}],"about":[{"href":"https:\/\/unika.sitointest.it\/fr\/wp-json\/wp\/v2\/types\/product"}],"version-history":[{"count":3,"href":"https:\/\/unika.sitointest.it\/fr\/wp-json\/wp\/v2\/product\/9379\/revisions"}],"predecessor-version":[{"id":15609,"href":"https:\/\/unika.sitointest.it\/fr\/wp-json\/wp\/v2\/product\/9379\/revisions\/15609"}],"wp:featuredmedia":[{"embeddable":true,"href":"https:\/\/unika.sitointest.it\/fr\/wp-json\/wp\/v2\/media\/21286"}],"wp:attachment":[{"href":"https:\/\/unika.sitointest.it\/fr\/wp-json\/wp\/v2\/media?parent=9379"}],"wp:term":[{"taxonomy":"product_brand","embeddable":true,"href":"https:\/\/unika.sitointest.it\/fr\/wp-json\/wp\/v2\/product_brand?post=9379"},{"taxonomy":"product_cat","embeddable":true,"href":"https:\/\/unika.sitointest.it\/fr\/wp-json\/wp\/v2\/product_cat?post=9379"},{"taxonomy":"product_tag","embeddable":true,"href":"https:\/\/unika.sitointest.it\/fr\/wp-json\/wp\/v2\/product_tag?post=9379"}],"curies":[{"name":"wp","href":"https:\/\/api.w.org\/{rel}","templated":true}]}}