{"id":9329,"date":"2022-11-08T15:16:37","date_gmt":"2022-11-08T14:16:37","guid":{"rendered":"https:\/\/lineaunika.jumpgroup.it\/shop\/non%20class\u00e9\/rice-force\/"},"modified":"2025-09-26T14:14:42","modified_gmt":"2025-09-26T13:14:42","slug":"rice-force","status":"publish","type":"product","link":"https:\/\/unika.sitointest.it\/fr\/shop\/aliments-et-vitamines\/rice-force\/","title":{"rendered":"Rice Force"},"content":{"rendered":"<p>Rice Force est un compl\u00e9ment alimentaire pour chevaux sous forme de granul\u00e9s \u00e0 base de balle de riz stabilis\u00e9e qui exploite toutes les propri\u00e9t\u00e9s nutritionnelles de la balle de riz pour fournir au cheval athl\u00e8te un soutien \u00e9nerg\u00e9tique unique en son genre. Rice Force est un noyau de prot\u00e9ines et de graisses visant \u00e0 corriger le r\u00e9gime du cheval en apportant des prot\u00e9ines et des graisses suppl\u00e9mentaires au r\u00e9gime de base du cheval.<\/p>\n<h4>Quand l\u2019utiliser<\/h4>\n<p>Rice Force est un compl\u00e9ment alimentaire id\u00e9al pour :<\/p>\n<p>&#8211; faire un apport en prot\u00e9ines et en graisses \u00e0 l\u2019alimentation du cheval<br \/>\n&#8211; renforcer l\u2019alimentation des chevaux de sport<br \/>\n&#8211; le maintien naturel de la masse musculaire m\u00eame apr\u00e8s des entra\u00eenements intensifs<br \/>\n&#8211; renforcer les entra\u00eenements intensifs des chevaux d\u2019endurance<br \/>\n&#8211; am\u00e9liorer la brillance des cheveux<br \/>\n&#8211; apporter des graisses nobles hautement digestibles et assimilables<\/p>\n<h4>Propri\u00e9t\u00e9s de ses \u00e9l\u00e9ments<\/h4>\n<p>Rice Force contient une mati\u00e8re premi\u00e8re pr\u00e9cieuse : la balle de riz. En fait, la balle de riz est tr\u00e8s riche en graisses, en vitamines du groupe B et E et constitue la principale source solide de gamma-oryzanol connue \u00e0 ce jour.<br \/>\nLe gamma-oryzanol est un phytost\u00e9rol d\u00e9riv\u00e9 de l\u2019huile de la balle de riz (ou du son de riz) qui agit naturellement sur tout l\u2019organisme.<\/p>\n<h4>Mode d\u2019emploi<\/h4>\n<p>Rice Force a un double usage, selon le besoin. Il peut \u00eatre utilis\u00e9 comme aliment complet et aliment compl\u00e9mentaire.<br \/>\n&#8211; En cas d\u2019utilisation en compl\u00e9ment alimentaire : de 800 g \u00e0 2 kg\/jour<\/p>\n<p>&#8211; En cas d\u2019utilisation en aliment complet : de 2,5 kg \u00e0 4 kg\/ jour<\/p>\n<p>Les rations alimentaires d\u00e9pendent de nombreux facteurs (\u00e2ge de l\u2019animal, activit\u00e9 sportive effectu\u00e9e, race, etc.).<br \/>\nC\u2019est pourquoi, nous vous invitons \u00e0 nous contacter pour conna\u00eetre la ration quotidienne \u00e0 utiliser pour votre cheval.<\/p>\n<h4>D\u00e9couvrez tous les avantages et la gestion des exp\u00e9ditions de nos aliments, cliquez sur ce <a href=\"https:\/\/media.lineaunika.it\/unika\/uploads\/2023\/06\/ALIMENTS-UNIKA-FR.pdf\">lien<\/a>!<\/h4>\n<p>&nbsp;<\/p>\n<p><em>(Chaque organisme \u00e9tant sp\u00e9cifique, il est toujours conseill\u00e9 de tester les nouveaux aliments en les introduisant progressivement dans l\u2019alimentation du cheval pour en \u00e9valuer la tol\u00e9rance).<\/em><\/p>\n<p><em><strong>Nous proc\u00e9dons \u00e0 un examen des \u00e9tiquettes. Si vous souhaitez recevoir l&#8217;\u00e9tiquette avant la vente, nous vous demandons de nous envoyer un e-mail \u00e0 l&#8217;adresse suivante : info@lineaunika.it . Nous nous excusons pour la g\u00eane occasionn\u00e9e.<\/strong><\/em><\/p>\n","protected":false},"excerpt":{"rendered":"<p>\u2714\ufe0f Granul\u00e9s de 4mm pour une mastication facile<br \/>\n\u2714\ufe0f Granul\u00e9s de riz \u00e0 haute teneur en mati\u00e8res grasses et en prot\u00e9ines<br \/>\n\u2714\ufe0f Id\u00e9al pour les chevaux de sport et les chevaux intol\u00e9rants aux c\u00e9r\u00e9ales<\/p>\n","protected":false},"featured_media":21306,"template":"","meta":{"_acf_changed":false,"_joinchat":[]},"product_brand":[],"product_cat":[444],"product_tag":[744,476,500,468,464,480,472,504,484],"class_list":{"0":"post-9329","1":"product","2":"type-product","3":"status-publish","4":"has-post-thumbnail","6":"product_cat-aliments-et-vitamines","7":"product_tag-alimente","8":"product_tag-cheval-de-course","9":"product_tag-cheval-maigre","10":"product_tag-dressage-fr","11":"product_tag-endurance-fr","12":"product_tag-energie","13":"product_tag-equitation-western","14":"product_tag-juments-et-poulains","15":"product_tag-muscles-fr","16":"product_shipping_class-mangimi","18":"first","19":"instock","20":"taxable","21":"shipping-taxable","22":"purchasable","23":"product-type-variable"},"acf":[],"_links":{"self":[{"href":"https:\/\/unika.sitointest.it\/fr\/wp-json\/wp\/v2\/product\/9329","targetHints":{"allow":["GET"]}}],"collection":[{"href":"https:\/\/unika.sitointest.it\/fr\/wp-json\/wp\/v2\/product"}],"about":[{"href":"https:\/\/unika.sitointest.it\/fr\/wp-json\/wp\/v2\/types\/product"}],"version-history":[{"count":3,"href":"https:\/\/unika.sitointest.it\/fr\/wp-json\/wp\/v2\/product\/9329\/revisions"}],"predecessor-version":[{"id":9347,"href":"https:\/\/unika.sitointest.it\/fr\/wp-json\/wp\/v2\/product\/9329\/revisions\/9347"}],"wp:featuredmedia":[{"embeddable":true,"href":"https:\/\/unika.sitointest.it\/fr\/wp-json\/wp\/v2\/media\/21306"}],"wp:attachment":[{"href":"https:\/\/unika.sitointest.it\/fr\/wp-json\/wp\/v2\/media?parent=9329"}],"wp:term":[{"taxonomy":"product_brand","embeddable":true,"href":"https:\/\/unika.sitointest.it\/fr\/wp-json\/wp\/v2\/product_brand?post=9329"},{"taxonomy":"product_cat","embeddable":true,"href":"https:\/\/unika.sitointest.it\/fr\/wp-json\/wp\/v2\/product_cat?post=9329"},{"taxonomy":"product_tag","embeddable":true,"href":"https:\/\/unika.sitointest.it\/fr\/wp-json\/wp\/v2\/product_tag?post=9329"}],"curies":[{"name":"wp","href":"https:\/\/api.w.org\/{rel}","templated":true}]}}