{"id":9238,"date":"2022-11-08T14:30:42","date_gmt":"2022-11-08T13:30:42","guid":{"rendered":"https:\/\/lineaunika.jumpgroup.it\/shop\/non%20class\u00e9\/racing-feed\/"},"modified":"2023-06-16T13:09:02","modified_gmt":"2023-06-16T13:09:02","slug":"racing-feed","status":"publish","type":"product","link":"https:\/\/unika.sitointest.it\/fr\/shop\/aliments-et-vitamines\/racing-feed\/","title":{"rendered":"Racing Feed"},"content":{"rendered":"<p>Racing Feed est un noyau prot\u00e9ique compos\u00e9 de prot\u00e9ines nobles : graines de soja enti\u00e8res, prot\u00e9ines de lactos\u00e9rum et acides amin\u00e9s essentiels. Un noyau essentiel pour de nombreuses situations et besoins nutritionnels diff\u00e9rents. Racing Feed est un noyau prot\u00e9ique indispensable \u00e0 votre \u00e9curie.<br \/>\nRacing Feed est recommand\u00e9 pour corriger l\u2019alimentation des chevaux nourris uniquement de c\u00e9r\u00e9ales, car il apporte \u00e9galement des min\u00e9raux, des oligo-\u00e9l\u00e9ments et des vitamines importants.<\/p>\n<h4>Quand l\u2019utiliser<\/h4>\n<p>Racing Feed est un noyau prot\u00e9ique id\u00e9al pour :<\/p>\n<p>un apport suppl\u00e9mentaire de prot\u00e9ines \u00e0 la ration alimentaire<br \/>\nles chevaux de comp\u00e9tition ayant des besoins \u00e9lev\u00e9s en prot\u00e9ines<br \/>\nles chevaux n\u00e9cessitant des prot\u00e9ines de haute qualit\u00e9<br \/>\nles juments en p\u00e9riode de gestation<br \/>\nles poulains en phase de sevrage<br \/>\nles chevaux nourris uniquement au foin, afin d\u2019apporter des min\u00e9raux, oligo-\u00e9l\u00e9ments et vitamines essentiels<br \/>\nles chevaux nourris avec diff\u00e9rentes mati\u00e8res premi\u00e8res ou des m\u00e9langes de c\u00e9r\u00e9ales<br \/>\nles chevaux \u00e2g\u00e9s qui ont tendance \u00e0 \u00eatre maigres<br \/>\nles chevaux en phase de r\u00e9cup\u00e9ration apr\u00e8s la comp\u00e9tition<br \/>\nles chevaux qui ont du mal \u00e0 maintenir un poids corporel correct<\/p>\n<h4>Propri\u00e9t\u00e9s de ses \u00e9l\u00e9ments<\/h4>\n<p>La s\u00e9lection de nos fournisseurs nous a conduit \u00e0 tracer les meilleures mati\u00e8res premi\u00e8res sur le march\u00e9, en garantissant la production d\u2019aliments \u00e9quilibr\u00e9s, efficaces et performants.<\/p>\n<h4>Mode d\u2019emploi<\/h4>\n<p>Utiliser de 500 \u00e0 800 g de Racing Feed par jour, avec un maximum de 1 200 g\/ jour chez les juments en p\u00e9riode de lactation.<br \/>\nLes rations alimentaires d\u00e9pendent de nombreux facteurs (\u00e2ge de l\u2019animal, activit\u00e9 sportive effectu\u00e9e, race, etc.).<br \/>\nC\u2019est pourquoi, nous vous invitons \u00e0 nous contacter pour conna\u00eetre la ration quotidienne \u00e0 utiliser pour votre cheval.<\/p>\n<h4>D\u00e9couvrez tous les avantages et la gestion des exp\u00e9ditions de nos aliments, cliquez sur ce <a href=\"https:\/\/media.lineaunika.it\/unika\/uploads\/2023\/06\/ALIMENTS-UNIKA-FR.pdf\">lien<\/a>!<\/h4>\n<p>&nbsp;<\/p>\n<p><em>(Chaque organisme \u00e9tant sp\u00e9cifique, il est toujours conseill\u00e9 de tester les nouveaux aliments en les introduisant progressivement dans l\u2019alimentation du cheval pour en \u00e9valuer la tol\u00e9rance).<\/em><\/p>\n<p><em><strong>Nous proc\u00e9dons \u00e0 un examen des \u00e9tiquettes. Si vous souhaitez recevoir l&#8217;\u00e9tiquette avant la vente, nous vous demandons de nous envoyer un e-mail \u00e0 l&#8217;adresse suivante : info@lineaunika.it . Nous nous excusons pour la g\u00eane occasionn\u00e9e.<\/strong><\/em><\/p>\n","protected":false},"excerpt":{"rendered":"<p>\u2714\ufe0f Granul\u00e9s de 4mm pour une mastication facile<br \/>\n\u2714\ufe0f Teneur \u00e9lev\u00e9e en prot\u00e9ines<br \/>\n\u2714\ufe0f Id\u00e9al pour les chevaux de sport, les chevaux \u00e2g\u00e9s, les poulains et les juments<\/p>\n","protected":false},"featured_media":21273,"template":"","meta":{"_acf_changed":false,"_joinchat":[]},"product_brand":[],"product_cat":[444],"product_tag":[744,500,508,468,464,480,472,504,484,610,460],"class_list":{"0":"post-9238","1":"product","2":"type-product","3":"status-publish","4":"has-post-thumbnail","6":"product_cat-aliments-et-vitamines","7":"product_tag-alimente","8":"product_tag-cheval-maigre","9":"product_tag-chevaux-ages","10":"product_tag-dressage-fr","11":"product_tag-endurance-fr","12":"product_tag-energie","13":"product_tag-equitation-western","14":"product_tag-juments-et-poulains","15":"product_tag-muscles-fr","16":"product_tag-pas-de-mais-et-de-cereales","17":"product_tag-saut-dobstacles","18":"product_shipping_class-mangimi","20":"first","21":"instock","22":"taxable","23":"shipping-taxable","24":"purchasable","25":"product-type-variable"},"acf":[],"_links":{"self":[{"href":"https:\/\/unika.sitointest.it\/fr\/wp-json\/wp\/v2\/product\/9238","targetHints":{"allow":["GET"]}}],"collection":[{"href":"https:\/\/unika.sitointest.it\/fr\/wp-json\/wp\/v2\/product"}],"about":[{"href":"https:\/\/unika.sitointest.it\/fr\/wp-json\/wp\/v2\/types\/product"}],"version-history":[{"count":3,"href":"https:\/\/unika.sitointest.it\/fr\/wp-json\/wp\/v2\/product\/9238\/revisions"}],"predecessor-version":[{"id":15617,"href":"https:\/\/unika.sitointest.it\/fr\/wp-json\/wp\/v2\/product\/9238\/revisions\/15617"}],"wp:featuredmedia":[{"embeddable":true,"href":"https:\/\/unika.sitointest.it\/fr\/wp-json\/wp\/v2\/media\/21273"}],"wp:attachment":[{"href":"https:\/\/unika.sitointest.it\/fr\/wp-json\/wp\/v2\/media?parent=9238"}],"wp:term":[{"taxonomy":"product_brand","embeddable":true,"href":"https:\/\/unika.sitointest.it\/fr\/wp-json\/wp\/v2\/product_brand?post=9238"},{"taxonomy":"product_cat","embeddable":true,"href":"https:\/\/unika.sitointest.it\/fr\/wp-json\/wp\/v2\/product_cat?post=9238"},{"taxonomy":"product_tag","embeddable":true,"href":"https:\/\/unika.sitointest.it\/fr\/wp-json\/wp\/v2\/product_tag?post=9238"}],"curies":[{"name":"wp","href":"https:\/\/api.w.org\/{rel}","templated":true}]}}