{"id":8508,"date":"2022-11-02T15:53:43","date_gmt":"2022-11-02T14:53:43","guid":{"rendered":"https:\/\/lineaunika.jumpgroup.it\/shop\/non%20class\u00e9\/noder\/"},"modified":"2026-02-16T18:09:10","modified_gmt":"2026-02-16T17:09:10","slug":"noder","status":"publish","type":"product","link":"https:\/\/unika.sitointest.it\/fr\/shop\/aliments-et-vitamines\/noder\/","title":{"rendered":"Noder"},"content":{"rendered":"<h4>Compl\u00e9ment alimentaire pour chevaux<\/h4>\n<p>Noder est un compl\u00e9ment alimentaire qui participe au maintien des conditions physiologiques de la robe du cheval au printemps et en \u00e9t\u00e9.<\/p>\n<h4>Quand l\u2019utiliser<\/h4>\n<p>Noder est un compl\u00e9ment alimentaire qui peut \u00eatre utilis\u00e9 :<\/p>\n<p>&#8211; Chez les chevaux extr\u00eamement sensibles aux culico\u00efdes<br \/>\n&#8211; Les chevaux qui se grattent au printemps et en \u00e9t\u00e9 et qui pr\u00e9sentent une desquamation dans les poils, la crini\u00e8re et le pelage<\/p>\n<h4>Mode d\u2019emploi<\/h4>\n<p>Utiliser 100 g de Noder par jour, bien m\u00e9lang\u00e9s \u00e0 la ration alimentaire. Si n\u00e9cessaire, nous vous recommandons d\u2019augmenter la quantit\u00e9 \u00e0 200 g par jour pendant un minimum de 10-15 jours. Apr\u00e8s, vous pourrez revenir \u00e0 la quantit\u00e9 de base. Recommand\u00e9 entre le mois de mars et septembre.<\/p>\n<p><strong>Misurette :<\/strong><\/p>\n<p>\u2013 pleine : 200 g<\/p>\n<p><em>(Chaque organisme \u00e9tant sp\u00e9cifique, il est toujours conseill\u00e9 de tester les nouveaux aliments en les introduisant progressivement dans l\u2019alimentation du cheval pour en \u00e9valuer la tol\u00e9rance).<\/em><\/p>\n<p><em><strong>Nous proc\u00e9dons \u00e0 un examen des \u00e9tiquettes. Si vous souhaitez recevoir l&#8217;\u00e9tiquette avant la vente, nous vous demandons de nous envoyer un e-mail \u00e0 l&#8217;adresse suivante : info@lineaunika.it . Nous nous excusons pour la g\u00eane occasionn\u00e9e.<\/strong><\/em><\/p>\n","protected":false},"excerpt":{"rendered":"<p>\u2714\ufe0f Tasse \u00e0 mesurer pratique \u00e0 l&#8217;int\u00e9rieur de l&#8217;emballage<br \/>\n\u2714\ufe0f Pour les chevaux sensibles aux piq\u00fbres d&#8217;insectes (culicoides)<\/p>\n","protected":false},"featured_media":25642,"template":"","meta":{"_acf_changed":false,"_joinchat":[]},"product_brand":[],"product_cat":[444],"product_tag":[570,548,574,564],"class_list":{"0":"post-8508","1":"product","2":"type-product","3":"status-publish","4":"has-post-thumbnail","6":"product_cat-aliments-et-vitamines","7":"product_tag-dermatite-fr","8":"product_tag-ete","9":"product_tag-insectes","10":"product_tag-manteau-et-peau","12":"first","13":"instock","14":"taxable","15":"shipping-taxable","16":"purchasable","17":"product-type-variable"},"acf":[],"_links":{"self":[{"href":"https:\/\/unika.sitointest.it\/fr\/wp-json\/wp\/v2\/product\/8508","targetHints":{"allow":["GET"]}}],"collection":[{"href":"https:\/\/unika.sitointest.it\/fr\/wp-json\/wp\/v2\/product"}],"about":[{"href":"https:\/\/unika.sitointest.it\/fr\/wp-json\/wp\/v2\/types\/product"}],"version-history":[{"count":4,"href":"https:\/\/unika.sitointest.it\/fr\/wp-json\/wp\/v2\/product\/8508\/revisions"}],"predecessor-version":[{"id":15849,"href":"https:\/\/unika.sitointest.it\/fr\/wp-json\/wp\/v2\/product\/8508\/revisions\/15849"}],"wp:featuredmedia":[{"embeddable":true,"href":"https:\/\/unika.sitointest.it\/fr\/wp-json\/wp\/v2\/media\/25642"}],"wp:attachment":[{"href":"https:\/\/unika.sitointest.it\/fr\/wp-json\/wp\/v2\/media?parent=8508"}],"wp:term":[{"taxonomy":"product_brand","embeddable":true,"href":"https:\/\/unika.sitointest.it\/fr\/wp-json\/wp\/v2\/product_brand?post=8508"},{"taxonomy":"product_cat","embeddable":true,"href":"https:\/\/unika.sitointest.it\/fr\/wp-json\/wp\/v2\/product_cat?post=8508"},{"taxonomy":"product_tag","embeddable":true,"href":"https:\/\/unika.sitointest.it\/fr\/wp-json\/wp\/v2\/product_tag?post=8508"}],"curies":[{"name":"wp","href":"https:\/\/api.w.org\/{rel}","templated":true}]}}