{"id":8485,"date":"2022-11-02T15:36:35","date_gmt":"2022-11-02T14:36:35","guid":{"rendered":"https:\/\/lineaunika.jumpgroup.it\/shop\/non%20class\u00e9\/phytal-dren\/"},"modified":"2025-06-04T13:25:28","modified_gmt":"2025-06-04T12:25:28","slug":"phytal-dren","status":"publish","type":"product","link":"https:\/\/unika.sitointest.it\/fr\/shop\/aliments-et-vitamines\/phytal-dren\/","title":{"rendered":"Phytal Dren"},"content":{"rendered":"<h4>Compl\u00e9ment alimentaire pour chevaux<\/h4>\n<p>Phytal Dren est un compl\u00e9ment alimentaire liquide \u00e0 base d\u2019extraits v\u00e9g\u00e9taux qui agissent sur l\u2019\u00e9limination des liquides.<\/p>\n<h4>Propri\u00e9t\u00e9s de ses \u00e9l\u00e9ments<\/h4>\n<p>L\u2019artichaut (Cynara scolymus), l\u00e9gume bien connu sur nos tables, est appr\u00e9ci\u00e9 pour son effet b\u00e9n\u00e9fique sur le foie, car il am\u00e9liore la digestion, purifie le sang et combat la r\u00e9tention d\u2019eau (88).<\/p>\n<h4>Mode d\u2019emploi<\/h4>\n<p>Utiliser de 5 \u00e0 6 cl (= 50-60 ml) de Phytal Dren par jour, bien m\u00e9lang\u00e9 \u00e0 la ration alimentaire, pendant une p\u00e9riode de 20-25 jours cons\u00e9cutifs. Mesurer la quantit\u00e9 quotidienne \u00e0 l\u2019aide de la mesurette.<\/p>\n<p>&nbsp;<\/p>\n<p>Poids net : 1,5 kg<\/p>\n<p><em>(Chaque organisme \u00e9tant sp\u00e9cifique, il est toujours conseill\u00e9 de tester les nouveaux aliments en les introduisant progressivement dans l\u2019alimentation du cheval pour en \u00e9valuer la tol\u00e9rance).<\/em><\/p>\n<p><em><strong>Nous proc\u00e9dons \u00e0 un examen des \u00e9tiquettes. Si vous souhaitez recevoir l&#8217;\u00e9tiquette avant la vente, nous vous demandons de nous envoyer un e-mail \u00e0 l&#8217;adresse suivante : info@lineaunika.it . Nous nous excusons pour la g\u00eane occasionn\u00e9e.<\/strong><\/em><\/p>\n","protected":false},"excerpt":{"rendered":"<p>\u2714\ufe0f Flacon avec doseur int\u00e9gr\u00e9<br \/>\n\u2714\ufe0f Produit liquide pour les chevaux qui ne mangent pas de poudres<br \/>\n\u2714\ufe0f A l&#8217;extrait d&#8217;artichaut, pour favoriser le drainage naturel des liquides<\/p>\n","protected":false},"featured_media":21392,"template":"","meta":{"_acf_changed":false,"_joinchat":[]},"product_brand":[],"product_cat":[444],"product_tag":[556,618,560],"class_list":{"0":"post-8485","1":"product","2":"type-product","3":"status-publish","4":"has-post-thumbnail","6":"product_cat-aliments-et-vitamines","7":"product_tag-depuratifs","8":"product_tag-foie-et-reins","9":"product_tag-hospitalisation-et-post-interventions","11":"first","12":"instock","13":"taxable","14":"shipping-taxable","15":"purchasable","16":"product-type-simple"},"acf":[],"_links":{"self":[{"href":"https:\/\/unika.sitointest.it\/fr\/wp-json\/wp\/v2\/product\/8485","targetHints":{"allow":["GET"]}}],"collection":[{"href":"https:\/\/unika.sitointest.it\/fr\/wp-json\/wp\/v2\/product"}],"about":[{"href":"https:\/\/unika.sitointest.it\/fr\/wp-json\/wp\/v2\/types\/product"}],"version-history":[{"count":4,"href":"https:\/\/unika.sitointest.it\/fr\/wp-json\/wp\/v2\/product\/8485\/revisions"}],"predecessor-version":[{"id":27891,"href":"https:\/\/unika.sitointest.it\/fr\/wp-json\/wp\/v2\/product\/8485\/revisions\/27891"}],"wp:featuredmedia":[{"embeddable":true,"href":"https:\/\/unika.sitointest.it\/fr\/wp-json\/wp\/v2\/media\/21392"}],"wp:attachment":[{"href":"https:\/\/unika.sitointest.it\/fr\/wp-json\/wp\/v2\/media?parent=8485"}],"wp:term":[{"taxonomy":"product_brand","embeddable":true,"href":"https:\/\/unika.sitointest.it\/fr\/wp-json\/wp\/v2\/product_brand?post=8485"},{"taxonomy":"product_cat","embeddable":true,"href":"https:\/\/unika.sitointest.it\/fr\/wp-json\/wp\/v2\/product_cat?post=8485"},{"taxonomy":"product_tag","embeddable":true,"href":"https:\/\/unika.sitointest.it\/fr\/wp-json\/wp\/v2\/product_tag?post=8485"}],"curies":[{"name":"wp","href":"https:\/\/api.w.org\/{rel}","templated":true}]}}