{"id":8470,"date":"2022-11-02T15:21:30","date_gmt":"2022-11-02T14:21:30","guid":{"rendered":"https:\/\/lineaunika.jumpgroup.it\/shop\/non%20class\u00e9\/hepa-horse\/"},"modified":"2025-06-04T13:19:36","modified_gmt":"2025-06-04T12:19:36","slug":"hepa-horse","status":"publish","type":"product","link":"https:\/\/unika.sitointest.it\/fr\/shop\/aliments-et-vitamines\/hepa-horse\/","title":{"rendered":"Hepa-Horse"},"content":{"rendered":"<h4>Compl\u00e9ment alimentaire pour chevaux<\/h4>\n<p>Hepa-Horse apporte \u00e0 l\u2019alimentation du cheval un compl\u00e9ment de Chardon-Marie (Silybum marianum), plante renomm\u00e9e. Hepa-Horse est un compl\u00e9ment alimentaire qui participe au maintien des conditions physiologiques normales du foie du cheval.<\/p>\n<h4>Quand l\u2019utiliser<\/h4>\n<p>Hepa-Horse est un compl\u00e9ment alimentaire qui peut \u00eatre utilis\u00e9 :<\/p>\n<p>&#8211; Chez les chevaux suivant des traitements pharmacologiques<br \/>\n&#8211; Apr\u00e8s une p\u00e9riode d\u2019hospitalisation<br \/>\n&#8211; Apr\u00e8s une p\u00e9riode tr\u00e8s intense d\u2019activit\u00e9 sportive<br \/>\n&#8211; Chez les chevaux mal nourris, avec des aliments mal conserv\u00e9s et\/ou contamin\u00e9s<\/p>\n<h4>Mode d\u2019emploi<\/h4>\n<p>Utiliser de 30 \u00e0 60 g d\u2019Hepa-Horse par jour, bien m\u00e9lang\u00e9s \u00e0 la ration alimentaire, pendant 25 ou 30 jours cons\u00e9cutifs (recommand\u00e9).<\/p>\n<p><strong>Misurette :<\/strong><br \/>\n\u2013 rase : 22 g<br \/>\n\u2013 pleine : 27 g<\/p>\n<p>&nbsp;<\/p>\n<p>Poids net : 1 kg<\/p>\n<p><em>(Chaque organisme \u00e9tant sp\u00e9cifique, il est toujours conseill\u00e9 de tester les nouveaux aliments en les introduisant progressivement dans l\u2019alimentation du cheval pour en \u00e9valuer la tol\u00e9rance).<\/em><\/p>\n<p><em><strong>Nous proc\u00e9dons \u00e0 un examen des \u00e9tiquettes. Si vous souhaitez recevoir l&#8217;\u00e9tiquette avant la vente, nous vous demandons de nous envoyer un e-mail \u00e0 l&#8217;adresse suivante : info@lineaunika.it . Nous nous excusons pour la g\u00eane occasionn\u00e9e.<\/strong><\/em><\/p>\n","protected":false},"excerpt":{"rendered":"<p>\u2714\ufe0f Au chardon marial, pour le bien-\u00eatre naturel du foie<br \/>\n\u2714\ufe0f Tasse \u00e0 mesurer pratique \u00e0 l&#8217;int\u00e9rieur de l&#8217;emballage<br \/>\n\u2714\ufe0f Id\u00e9al apr\u00e8s des traitements pharmacologiques et des p\u00e9riodes d&#8217;hospitalisation<\/p>\n","protected":false},"featured_media":21476,"template":"","meta":{"_acf_changed":false,"_joinchat":[]},"product_brand":[],"product_cat":[444],"product_tag":[556,618,560],"class_list":{"0":"post-8470","1":"product","2":"type-product","3":"status-publish","4":"has-post-thumbnail","6":"product_cat-aliments-et-vitamines","7":"product_tag-depuratifs","8":"product_tag-foie-et-reins","9":"product_tag-hospitalisation-et-post-interventions","11":"first","12":"outofstock","13":"taxable","14":"shipping-taxable","15":"purchasable","16":"product-type-simple"},"acf":[],"_links":{"self":[{"href":"https:\/\/unika.sitointest.it\/fr\/wp-json\/wp\/v2\/product\/8470","targetHints":{"allow":["GET"]}}],"collection":[{"href":"https:\/\/unika.sitointest.it\/fr\/wp-json\/wp\/v2\/product"}],"about":[{"href":"https:\/\/unika.sitointest.it\/fr\/wp-json\/wp\/v2\/types\/product"}],"version-history":[{"count":4,"href":"https:\/\/unika.sitointest.it\/fr\/wp-json\/wp\/v2\/product\/8470\/revisions"}],"predecessor-version":[{"id":27882,"href":"https:\/\/unika.sitointest.it\/fr\/wp-json\/wp\/v2\/product\/8470\/revisions\/27882"}],"wp:featuredmedia":[{"embeddable":true,"href":"https:\/\/unika.sitointest.it\/fr\/wp-json\/wp\/v2\/media\/21476"}],"wp:attachment":[{"href":"https:\/\/unika.sitointest.it\/fr\/wp-json\/wp\/v2\/media?parent=8470"}],"wp:term":[{"taxonomy":"product_brand","embeddable":true,"href":"https:\/\/unika.sitointest.it\/fr\/wp-json\/wp\/v2\/product_brand?post=8470"},{"taxonomy":"product_cat","embeddable":true,"href":"https:\/\/unika.sitointest.it\/fr\/wp-json\/wp\/v2\/product_cat?post=8470"},{"taxonomy":"product_tag","embeddable":true,"href":"https:\/\/unika.sitointest.it\/fr\/wp-json\/wp\/v2\/product_tag?post=8470"}],"curies":[{"name":"wp","href":"https:\/\/api.w.org\/{rel}","templated":true}]}}