{"id":8451,"date":"2022-11-02T15:12:11","date_gmt":"2022-11-02T14:12:11","guid":{"rendered":"https:\/\/lineaunika.jumpgroup.it\/shop\/non%20class\u00e9\/beta-e-muscle\/"},"modified":"2026-02-16T18:08:35","modified_gmt":"2026-02-16T17:08:35","slug":"beta-e-muscle","status":"publish","type":"product","link":"https:\/\/unika.sitointest.it\/fr\/shop\/aliments-et-vitamines\/beta-e-muscle\/","title":{"rendered":"Beta-E Muscle"},"content":{"rendered":"<h4>Compl\u00e9ment alimentaire pour chevaux destin\u00e9 \u00e0 des fins nutritionnelles particuli\u00e8res \u2013 Participe \u00e0 la pr\u00e9paration de l\u2019activit\u00e9 sportive et \u00e0 la r\u00e9cup\u00e9ration successive de l\u2019organisme<\/h4>\n<p>Beta-E Muscle est un compl\u00e9ment alimentaire pour chevaux utilis\u00e9 pour le maintien des conditions physiologiques des muscles. Beta-E Muscle est un compl\u00e9ment alimentaire qui apporte de la vitamine E, de la vitamine C, du s\u00e9l\u00e9nium organique, du curcuma et de la b\u00e9ta\u00efne au r\u00e9gime alimentaire du cheval.<\/p>\n<h4>Quand l\u2019utiliser<\/h4>\n<p>&#8211; Beta-E Muscle peut \u00eatre utilis\u00e9 pour renforcer la sant\u00e9 musculaire des chevaux de comp\u00e9tition, qui ont constamment besoin de muscles en parfaite forme, souples, \u00e9lastiques, et agiles.<br \/>\n&#8211; Beta-E Muscle peut \u00eatre utilis\u00e9 pour pr\u00e9parer l\u2019animal \u00e0 une p\u00e9riode de comp\u00e9tition importante, mais aussi les jours de comp\u00e9tition.<\/p>\n<h4>Mode d\u2019emploi<\/h4>\n<p>Utiliser de 40 \u00e0 80 g de Beta-E Muscle par jour, bien m\u00e9lang\u00e9s \u00e0 la ration quotidienne.<\/p>\n<p>P\u00e9riode d\u2019utilisation recommand\u00e9e<\/p>\n<p>Utiliser Beta-E Muscle \u00e0 partir de huit semaines avant l\u2019activit\u00e9 sportive et jusqu\u2019\u00e0 quatre semaines apr\u00e8s. Il est recommand\u00e9 de le prendre \u00e9galement les jours de comp\u00e9tition.<\/p>\n<p><em>(Chaque organisme \u00e9tant sp\u00e9cifique, il est toujours conseill\u00e9 de tester les nouveaux aliments en les introduisant progressivement dans l\u2019alimentation du cheval pour en \u00e9valuer la tol\u00e9rance).<\/em><\/p>\n<p><em><strong>Nous proc\u00e9dons \u00e0 un examen des \u00e9tiquettes. Si vous souhaitez recevoir l&#8217;\u00e9tiquette avant la vente, nous vous demandons de nous envoyer un e-mail \u00e0 l&#8217;adresse suivante : info@lineaunika.it . Nous nous excusons pour la g\u00eane occasionn\u00e9e.<\/strong><\/em><\/p>\n","protected":false},"excerpt":{"rendered":"<p>\u2714\ufe0f Avec une quantit\u00e9 \u00e9lev\u00e9e de vitamine E et de s\u00e9l\u00e9nium par rapport aux principaux concurrents<br \/>\n\u2714\ufe0f Tasse \u00e0 mesurer pratique \u00e0 l&#8217;int\u00e9rieur de l&#8217;emballage<br \/>\n\u2714\ufe0f Id\u00e9al pour soutenir la pr\u00e9paration \u00e0 l&#8217;activit\u00e9 sportive et pour la r\u00e9cup\u00e9ration ult\u00e9rieure<\/p>\n","protected":false},"featured_media":20970,"template":"","meta":{"_acf_changed":false,"_joinchat":[]},"product_brand":[],"product_cat":[444],"product_tag":[496,556,468,464,484,460,540],"class_list":{"0":"post-8451","1":"product","2":"type-product","3":"status-publish","4":"has-post-thumbnail","6":"product_cat-aliments-et-vitamines","7":"product_tag-acide-lactique","8":"product_tag-depuratifs","9":"product_tag-dressage-fr","10":"product_tag-endurance-fr","11":"product_tag-muscles-fr","12":"product_tag-saut-dobstacles","13":"product_tag-vitamine-c","15":"first","16":"instock","17":"taxable","18":"shipping-taxable","19":"purchasable","20":"product-type-variable"},"acf":[],"_links":{"self":[{"href":"https:\/\/unika.sitointest.it\/fr\/wp-json\/wp\/v2\/product\/8451","targetHints":{"allow":["GET"]}}],"collection":[{"href":"https:\/\/unika.sitointest.it\/fr\/wp-json\/wp\/v2\/product"}],"about":[{"href":"https:\/\/unika.sitointest.it\/fr\/wp-json\/wp\/v2\/types\/product"}],"version-history":[{"count":2,"href":"https:\/\/unika.sitointest.it\/fr\/wp-json\/wp\/v2\/product\/8451\/revisions"}],"predecessor-version":[{"id":15861,"href":"https:\/\/unika.sitointest.it\/fr\/wp-json\/wp\/v2\/product\/8451\/revisions\/15861"}],"wp:featuredmedia":[{"embeddable":true,"href":"https:\/\/unika.sitointest.it\/fr\/wp-json\/wp\/v2\/media\/20970"}],"wp:attachment":[{"href":"https:\/\/unika.sitointest.it\/fr\/wp-json\/wp\/v2\/media?parent=8451"}],"wp:term":[{"taxonomy":"product_brand","embeddable":true,"href":"https:\/\/unika.sitointest.it\/fr\/wp-json\/wp\/v2\/product_brand?post=8451"},{"taxonomy":"product_cat","embeddable":true,"href":"https:\/\/unika.sitointest.it\/fr\/wp-json\/wp\/v2\/product_cat?post=8451"},{"taxonomy":"product_tag","embeddable":true,"href":"https:\/\/unika.sitointest.it\/fr\/wp-json\/wp\/v2\/product_tag?post=8451"}],"curies":[{"name":"wp","href":"https:\/\/api.w.org\/{rel}","templated":true}]}}