{"id":8397,"date":"2022-11-02T14:42:42","date_gmt":"2022-11-02T13:42:42","guid":{"rendered":"https:\/\/lineaunika.jumpgroup.it\/shop\/non%20class\u00e9\/im-unika-67\/"},"modified":"2025-06-04T13:19:46","modified_gmt":"2025-06-04T12:19:46","slug":"im-unika-67","status":"publish","type":"product","link":"https:\/\/unika.sitointest.it\/fr\/shop\/aliments-et-vitamines\/im-unika-67\/","title":{"rendered":"Im-Unika 67"},"content":{"rendered":"<h4>Compl\u00e9ment alimentaire pour chevaux<\/h4>\n<p>IM-UNIKA 67 apporte des quantit\u00e9s importantes de vitamine C \u00e0 l\u2019alimentation du cheval. IM-UNIKA 67 contient \u00e9galement de l\u2019Echinacea purpurea et du ginseng sib\u00e9rien (Eleutherococcus senticosus) dans sa formulation.<\/p>\n<h4>Quand l\u2019utiliser<\/h4>\n<p>IM-UNIKA 67 est un compl\u00e9ment alimentaire qui peut \u00eatre utilis\u00e9 :<\/p>\n<p>&#8211; Chez les chevaux qui sont beaucoup transport\u00e9s (notamment lors de longs voyages, durant lesquels plusieurs arr\u00eats sont effectu\u00e9s dans diff\u00e9rentes \u00e9curies)<br \/>\n&#8211; Aux changements de saison<br \/>\n&#8211; Chez les chevaux qui ont \u00e9t\u00e9 hospitalis\u00e9s<br \/>\n&#8211; Chez les chevaux qui ont besoin d\u2019un apport suppl\u00e9mentaire en vitamine C<\/p>\n<h4>Mode d\u2019emploi<\/h4>\n<p>Utiliser de 25 \u00e0 50 g d\u2019IM-UNIKA 67 par jour, bien m\u00e9lang\u00e9s \u00e0 la ration quotidienne. La p\u00e9riode d\u2019utilisation conseill\u00e9e est de 30 \u00e0 40 jours cons\u00e9cutifs.<\/p>\n<p>&nbsp;<\/p>\n<p>Poids net : 2 kg<\/p>\n<p><em>(Chaque organisme \u00e9tant sp\u00e9cifique, il est toujours conseill\u00e9 de tester les nouveaux aliments en les introduisant progressivement dans l\u2019alimentation du cheval pour en \u00e9valuer la tol\u00e9rance).<\/em><\/p>\n<p><em><strong>Nous proc\u00e9dons \u00e0 un examen des \u00e9tiquettes. Si vous souhaitez recevoir l&#8217;\u00e9tiquette avant la vente, nous vous demandons de nous envoyer un e-mail \u00e0 l&#8217;adresse suivante : info@lineaunika.it . Nous nous excusons pour la g\u00eane occasionn\u00e9e.<\/strong><\/em><\/p>\n","protected":false},"excerpt":{"rendered":"<p>\u2714\ufe0f Id\u00e9al pour soutenir les d\u00e9fenses immunitaires naturelles du cheval<br \/>\n\u2714\ufe0fRiche en vitamine C<br \/>\n\u2714\ufe0f Tasse \u00e0 mesurer pratique \u00e0 l&#8217;int\u00e9rieur de l&#8217;emballage<\/p>\n","protected":false},"featured_media":21480,"template":"","meta":{"_acf_changed":false,"_joinchat":[]},"product_brand":[],"product_cat":[444],"product_tag":[536,500,544,540,532,552],"class_list":{"0":"post-8397","1":"product","2":"type-product","3":"status-publish","4":"has-post-thumbnail","6":"product_cat-aliments-et-vitamines","7":"product_tag-changement-de-saison","8":"product_tag-cheval-maigre","9":"product_tag-systeme-immunitaire","10":"product_tag-vitamine-c","11":"product_tag-vitamines-et-electrolytes","12":"product_tag-voyages","14":"first","15":"outofstock","16":"taxable","17":"shipping-taxable","18":"purchasable","19":"product-type-simple"},"acf":[],"_links":{"self":[{"href":"https:\/\/unika.sitointest.it\/fr\/wp-json\/wp\/v2\/product\/8397","targetHints":{"allow":["GET"]}}],"collection":[{"href":"https:\/\/unika.sitointest.it\/fr\/wp-json\/wp\/v2\/product"}],"about":[{"href":"https:\/\/unika.sitointest.it\/fr\/wp-json\/wp\/v2\/types\/product"}],"version-history":[{"count":4,"href":"https:\/\/unika.sitointest.it\/fr\/wp-json\/wp\/v2\/product\/8397\/revisions"}],"predecessor-version":[{"id":27883,"href":"https:\/\/unika.sitointest.it\/fr\/wp-json\/wp\/v2\/product\/8397\/revisions\/27883"}],"wp:featuredmedia":[{"embeddable":true,"href":"https:\/\/unika.sitointest.it\/fr\/wp-json\/wp\/v2\/media\/21480"}],"wp:attachment":[{"href":"https:\/\/unika.sitointest.it\/fr\/wp-json\/wp\/v2\/media?parent=8397"}],"wp:term":[{"taxonomy":"product_brand","embeddable":true,"href":"https:\/\/unika.sitointest.it\/fr\/wp-json\/wp\/v2\/product_brand?post=8397"},{"taxonomy":"product_cat","embeddable":true,"href":"https:\/\/unika.sitointest.it\/fr\/wp-json\/wp\/v2\/product_cat?post=8397"},{"taxonomy":"product_tag","embeddable":true,"href":"https:\/\/unika.sitointest.it\/fr\/wp-json\/wp\/v2\/product_tag?post=8397"}],"curies":[{"name":"wp","href":"https:\/\/api.w.org\/{rel}","templated":true}]}}