{"id":8350,"date":"2022-11-02T14:21:24","date_gmt":"2022-11-02T13:21:24","guid":{"rendered":"https:\/\/lineaunika.jumpgroup.it\/shop\/non%20class\u00e9\/elytes\/"},"modified":"2026-02-16T18:08:51","modified_gmt":"2026-02-16T17:08:51","slug":"elytes","status":"publish","type":"product","link":"https:\/\/unika.sitointest.it\/fr\/shop\/aliments-et-vitamines\/elytes\/","title":{"rendered":"Elytes"},"content":{"rendered":"<h4>Compl\u00e9ment alimentaire min\u00e9ral pour chevaux<\/h4>\n<p>Elytes est un compl\u00e9ment alimentaire min\u00e9ral id\u00e9al pour apporter des \u00e9lectrolytes dans l\u2019alimentation du cheval.<\/p>\n<h4>Quand l\u2019utiliser<\/h4>\n<p>Le cheval ayant une sueur hypertonique, c\u2019est-\u00e0-dire avec une concentration en sel tr\u00e8s sup\u00e9rieure \u00e0 celle du sang, une transpiration abondante induit des pertes massives de sodium, potassium, chlore, magn\u00e9sium et calcium, qui doivent \u00eatre reconstitu\u00e9es tr\u00e8s rapidement pour \u00e9viter la fatigue et les crampes musculaires.<\/p>\n<p>Elytes est conseill\u00e9 :<\/p>\n<p>&#8211; En p\u00e9riode estivale, pour apporter des \u00e9lectrolytes \u00e0 l\u2019alimentation du cheval<br \/>\n&#8211; Pendant les p\u00e9riodes d\u2019effort intense, pour compenser les sels perdus en transpirant<\/p>\n<h4>Mode d\u2019emploi<\/h4>\n<p>Utiliser 60 g d\u2019Elytes par jour, bien m\u00e9lang\u00e9s \u00e0 la ration quotidienne. En cas d\u2019efforts prolong\u00e9s, d\u2019activit\u00e9s sportives de comp\u00e9tition et, en particulier, par temps chaud, il est conseill\u00e9 d\u2019augmenter la quantit\u00e9 \u00e0 100 g par jour.<\/p>\n<p><strong>Misurette:<\/strong><br \/>\n\u2013 rase : 33 g<br \/>\n\u2013 pleine : 40 g<\/p>\n<p><em>(Chaque organisme \u00e9tant sp\u00e9cifique, il est toujours conseill\u00e9 de tester les nouveaux aliments en les introduisant progressivement dans l\u2019alimentation du cheval pour en \u00e9valuer la tol\u00e9rance).<\/em><\/p>\n<p><em><strong>Nous proc\u00e9dons \u00e0 un examen des \u00e9tiquettes. Si vous souhaitez recevoir l&#8217;\u00e9tiquette avant la vente, nous vous demandons de nous envoyer un e-mail \u00e0 l&#8217;adresse suivante : info@lineaunika.it . Nous nous excusons pour la g\u00eane occasionn\u00e9e.<\/strong><\/em><\/p>\n","protected":false},"excerpt":{"rendered":"<p>\u2714\ufe0f Tasse \u00e0 mesurer pratique \u00e0 l&#8217;int\u00e9rieur de l&#8217;emballage<br \/>\n\u2714\ufe0f Id\u00e9al pour reconstituer les sels perdus par la transpiration<br \/>\n\u2714\ufe0f Id\u00e9al pour m\u00e9langer avec des aliments ou de la pur\u00e9e<\/p>\n","protected":false},"featured_media":21005,"template":"","meta":{"_acf_changed":false,"_joinchat":[]},"product_brand":[],"product_cat":[444],"product_tag":[548,512,532],"class_list":{"0":"post-8350","1":"product","2":"type-product","3":"status-publish","4":"has-post-thumbnail","6":"product_cat-aliments-et-vitamines","7":"product_tag-ete","8":"product_tag-trekking-fr","9":"product_tag-vitamines-et-electrolytes","11":"first","12":"instock","13":"taxable","14":"shipping-taxable","15":"purchasable","16":"product-type-variable"},"acf":[],"_links":{"self":[{"href":"https:\/\/unika.sitointest.it\/fr\/wp-json\/wp\/v2\/product\/8350","targetHints":{"allow":["GET"]}}],"collection":[{"href":"https:\/\/unika.sitointest.it\/fr\/wp-json\/wp\/v2\/product"}],"about":[{"href":"https:\/\/unika.sitointest.it\/fr\/wp-json\/wp\/v2\/types\/product"}],"version-history":[{"count":3,"href":"https:\/\/unika.sitointest.it\/fr\/wp-json\/wp\/v2\/product\/8350\/revisions"}],"predecessor-version":[{"id":15877,"href":"https:\/\/unika.sitointest.it\/fr\/wp-json\/wp\/v2\/product\/8350\/revisions\/15877"}],"wp:featuredmedia":[{"embeddable":true,"href":"https:\/\/unika.sitointest.it\/fr\/wp-json\/wp\/v2\/media\/21005"}],"wp:attachment":[{"href":"https:\/\/unika.sitointest.it\/fr\/wp-json\/wp\/v2\/media?parent=8350"}],"wp:term":[{"taxonomy":"product_brand","embeddable":true,"href":"https:\/\/unika.sitointest.it\/fr\/wp-json\/wp\/v2\/product_brand?post=8350"},{"taxonomy":"product_cat","embeddable":true,"href":"https:\/\/unika.sitointest.it\/fr\/wp-json\/wp\/v2\/product_cat?post=8350"},{"taxonomy":"product_tag","embeddable":true,"href":"https:\/\/unika.sitointest.it\/fr\/wp-json\/wp\/v2\/product_tag?post=8350"}],"curies":[{"name":"wp","href":"https:\/\/api.w.org\/{rel}","templated":true}]}}