{"id":8317,"date":"2022-11-02T14:09:00","date_gmt":"2022-11-02T13:09:00","guid":{"rendered":"https:\/\/lineaunika.jumpgroup.it\/shop\/non%20class\u00e9\/elyte-k\/"},"modified":"2025-06-04T13:10:34","modified_gmt":"2025-06-04T12:10:34","slug":"elyte-k","status":"publish","type":"product","link":"https:\/\/unika.sitointest.it\/fr\/shop\/aliments-et-vitamines\/elyte-k\/","title":{"rendered":"Elyte K+"},"content":{"rendered":"<h4>Compl\u00e9ment alimentaire pour chevaux<\/h4>\n<p>Elyte K+ est un compl\u00e9ment alimentaire pr\u00eat \u00e0 l\u2019emploi. Il se pr\u00e9sente sous la forme d\u2019une seringue \u00e0 base d\u2019\u00e9lectrolytes, fournissant au cheval les sels qu\u2019il perd lorsqu\u2019il transpire. Elyte K+ est pr\u00eat \u00e0 l\u2019emploi et indispensable aux chevaux devant s\u2019entra\u00eener pour la comp\u00e9tition et perdant une grande quantit\u00e9 de liquide en transpirant.<\/p>\n<h4>Quand l\u2019utiliser<\/h4>\n<p>Elyte K+ est particuli\u00e8rement indiqu\u00e9 aux chevaux devant faire face \u00e0 de longs trajets et\/ou \u00e0 des comp\u00e9titions pendant la saison estivale. Il peut \u00eatre utilis\u00e9 dans tous les cas o\u00f9 le cheval est amen\u00e9 \u00e0 transpirer abondamment (activit\u00e9s, entra\u00eenement, trekking, etc.).<\/p>\n<h4>Propri\u00e9t\u00e9s de ses \u00e9l\u00e9ments<\/h4>\n<p>Une suppl\u00e9mentation en \u00e9lectrolytes aide le cheval \u00e0 reconstituer les sels perdus durant la sudation. La carence en \u00e9lectrolytes (sodium, potassium, chlore, calcium) dans les cellules s\u2019accompagne d\u2019une sensation de fatigue qui entrave l\u2019obtention de bons r\u00e9sultats lors d\u2019une comp\u00e9tition.<\/p>\n<h4>Mode d\u2019emploi<\/h4>\n<p>Utiliser la totalit\u00e9 de la seringue d\u2019Elyte K+ comme n\u00e9cessaire, pendant la course et pour la r\u00e9cup\u00e9ration apr\u00e8s la course.<\/p>\n<p>&nbsp;<\/p>\n<p>Poids net : 120 g<\/p>\n<p><em>(Chaque organisme \u00e9tant sp\u00e9cifique, il est toujours conseill\u00e9 de tester les nouveaux aliments en les introduisant progressivement dans l\u2019alimentation du cheval pour en \u00e9valuer la tol\u00e9rance).<\/em><\/p>\n<p><em><strong>Nous proc\u00e9dons \u00e0 un examen des \u00e9tiquettes. Si vous souhaitez recevoir l&#8217;\u00e9tiquette avant la vente, nous vous demandons de nous envoyer un e-mail \u00e0 l&#8217;adresse suivante : info@lineaunika.it . Nous nous excusons pour la g\u00eane occasionn\u00e9e.<\/strong><\/em><\/p>\n","protected":false},"excerpt":{"rendered":"<p>\u2714\ufe0f Seringue monodose pr\u00eate \u00e0 l&#8217;emploi<br \/>\n\u2714\ufe0f Id\u00e9al pour reconstituer les sels perdus par la transpiration en peu de temps<br \/>\n\u2714\ufe0f Id\u00e9al pour les longs voyages et les comp\u00e9titions en \u00e9t\u00e9<\/p>\n","protected":false},"featured_media":21767,"template":"","meta":{"_acf_changed":false,"_joinchat":[]},"product_brand":[],"product_cat":[444],"product_tag":[464,472,548,460,532],"class_list":{"0":"post-8317","1":"product","2":"type-product","3":"status-publish","4":"has-post-thumbnail","6":"product_cat-aliments-et-vitamines","7":"product_tag-endurance-fr","8":"product_tag-equitation-western","9":"product_tag-ete","10":"product_tag-saut-dobstacles","11":"product_tag-vitamines-et-electrolytes","13":"first","14":"instock","15":"taxable","16":"shipping-taxable","17":"purchasable","18":"product-type-simple"},"acf":[],"_links":{"self":[{"href":"https:\/\/unika.sitointest.it\/fr\/wp-json\/wp\/v2\/product\/8317","targetHints":{"allow":["GET"]}}],"collection":[{"href":"https:\/\/unika.sitointest.it\/fr\/wp-json\/wp\/v2\/product"}],"about":[{"href":"https:\/\/unika.sitointest.it\/fr\/wp-json\/wp\/v2\/types\/product"}],"version-history":[{"count":5,"href":"https:\/\/unika.sitointest.it\/fr\/wp-json\/wp\/v2\/product\/8317\/revisions"}],"predecessor-version":[{"id":27868,"href":"https:\/\/unika.sitointest.it\/fr\/wp-json\/wp\/v2\/product\/8317\/revisions\/27868"}],"wp:featuredmedia":[{"embeddable":true,"href":"https:\/\/unika.sitointest.it\/fr\/wp-json\/wp\/v2\/media\/21767"}],"wp:attachment":[{"href":"https:\/\/unika.sitointest.it\/fr\/wp-json\/wp\/v2\/media?parent=8317"}],"wp:term":[{"taxonomy":"product_brand","embeddable":true,"href":"https:\/\/unika.sitointest.it\/fr\/wp-json\/wp\/v2\/product_brand?post=8317"},{"taxonomy":"product_cat","embeddable":true,"href":"https:\/\/unika.sitointest.it\/fr\/wp-json\/wp\/v2\/product_cat?post=8317"},{"taxonomy":"product_tag","embeddable":true,"href":"https:\/\/unika.sitointest.it\/fr\/wp-json\/wp\/v2\/product_tag?post=8317"}],"curies":[{"name":"wp","href":"https:\/\/api.w.org\/{rel}","templated":true}]}}