{"id":8296,"date":"2022-11-02T13:55:55","date_gmt":"2022-11-02T12:55:55","guid":{"rendered":"https:\/\/lineaunika.jumpgroup.it\/shop\/non%20class\u00e9\/elyte-fast\/"},"modified":"2026-02-16T18:08:46","modified_gmt":"2026-02-16T17:08:46","slug":"elyte-fast","status":"publish","type":"product","link":"https:\/\/unika.sitointest.it\/fr\/shop\/aliments-et-vitamines\/elyte-fast\/","title":{"rendered":"Elyte Fast"},"content":{"rendered":"<h4>Compl\u00e9ment alimentaire destin\u00e9 \u00e0 des fins nutritionnelles sp\u00e9ciales \u2013 Compensation des pertes d\u2019\u00e9lectrolytes en cas de forte transpiration.<\/h4>\n<p>Elyte Fast est un compl\u00e9ment alimentaire destin\u00e9 \u00e0 des fins nutritionnelles sp\u00e9ciales visant \u00e0 compenser les pertes d\u2019\u00e9lectrolytes en cas de forte transpiration. Elyte Fast se pr\u00e9sente sous forme liquide, ce qui est \u00e9galement facile et pratique \u00e0 utiliser en comp\u00e9tition, notamment lors des courses d\u2019endurance.<\/p>\n<h4>Quand l\u2019utiliser<\/h4>\n<p>Elyte Fast est un compl\u00e9ment alimentaire \u00e0 utiliser par temps chaud, lorsque le cheval a tendance \u00e0 transpirer davantage. Elyte Fast est \u00e9galement utile lorsque le cheval sue davantage que de coutume, comme lors d\u2019entra\u00eenements intenses, de comp\u00e9titions et de longues randonn\u00e9es. Dans les courses d\u2019endurance, il est \u00e9galement tr\u00e8s pratique car il peut \u00eatre m\u00e9lang\u00e9 dans l\u2019eau des assistances et des contr\u00f4les v\u00e9t\u00e9rinaires.<\/p>\n<h4>Propri\u00e9t\u00e9s de ses \u00e9l\u00e9ments<\/h4>\n<p>Les aspartates ont \u00e9t\u00e9 inclus dans la formulation d\u2019Elyte Fast car ces substances, lorsqu\u2019elles sont ing\u00e9r\u00e9es, lib\u00e8rent des \u00e9lectrolytes et de l\u2019acide aspartique dans l\u2019organisme. L\u2019acide aspartique est un acide amin\u00e9 glycog\u00e9nique qui peut favoriser la production d\u2019\u00e9nergie par la voie m\u00e9tabolique du cycle de Krebs et am\u00e9liorer l\u2019activit\u00e9 physique. En particulier, les sels de potassium et de magn\u00e9sium font \u00e9conomiser du glycog\u00e8ne musculaire \u00e0 l\u2019organisme et en stimulent la resynth\u00e8se (59). Elyte Fast contient \u00e9galement de la L-glycine, le plus simple des acides amin\u00e9s connus, qui acc\u00e9l\u00e8re l\u2019entr\u00e9e des \u00e9lectrolytes dans les cellules et joue un r\u00f4le majeur dans la synth\u00e8se des prot\u00e9ines, de l\u2019ATP, du glutathion et du glycog\u00e8ne : c\u2019est pourquoi on le consid\u00e8re comme un nouvel antioxydant (4).<\/p>\n<h4>Mode d\u2019emploi<\/h4>\n<p>Utiliser 10 cl (= 100 ml) d\u2019Elyte Fast par jour, quantit\u00e9 correspondant \u00e0 la premi\u00e8re marque du doseur, en veillant \u00e0 augmenter la quantit\u00e9 quotidienne jusqu\u2019\u00e0 25 cl (= 250 ml) par jour en cas d\u2019efforts prolong\u00e9s et\/ou de temp\u00e9ratures ambiantes \u00e9lev\u00e9es. Convient aux chevaux qui transpirent beaucoup. Il est recommand\u00e9 de faire boire beaucoup d\u2019eau au cheval. Elyte Fast peut \u00eatre ajout\u00e9 \u00e0 l\u2019eau de boisson ou m\u00e9lang\u00e9 \u00e0 la nourriture quotidienne.<\/p>\n<p>P\u00e9riode d\u2019utilisation recommand\u00e9e : de 1 \u00e0 3 jours apr\u00e8s une forte transpiration.<\/p>\n<p><em>(Chaque organisme \u00e9tant sp\u00e9cifique, il est toujours conseill\u00e9 de tester les nouveaux aliments en les introduisant progressivement dans l\u2019alimentation du cheval pour en \u00e9valuer la tol\u00e9rance).<\/em><\/p>\n<p><em><strong>Nous proc\u00e9dons \u00e0 un examen des \u00e9tiquettes. Si vous souhaitez recevoir l&#8217;\u00e9tiquette avant la vente, nous vous demandons de nous envoyer un e-mail \u00e0 l&#8217;adresse suivante : info@lineaunika.it . Nous nous excusons pour la g\u00eane occasionn\u00e9e.<\/strong><\/em><\/p>\n","protected":false},"excerpt":{"rendered":"<p>\u2714\ufe0f Flacon avec doseur int\u00e9gr\u00e9<br \/>\n\u2714\ufe0f Produit liquide pour les chevaux qui n&#8217;aiment pas que les poudres soient m\u00e9lang\u00e9es m\u00eame dans l&#8217;eau de boisson<br \/>\n\u2714\ufe0f Id\u00e9al pour reconstituer les sels perdus par la transpiration<\/p>\n","protected":false},"featured_media":21771,"template":"","meta":{"_acf_changed":false,"_joinchat":[]},"product_brand":[],"product_cat":[444],"product_tag":[468,464,548,488,460,532],"class_list":{"0":"post-8296","1":"product","2":"type-product","3":"status-publish","4":"has-post-thumbnail","6":"product_cat-aliments-et-vitamines","7":"product_tag-dressage-fr","8":"product_tag-endurance-fr","9":"product_tag-ete","10":"product_tag-pas-de-dopage","11":"product_tag-saut-dobstacles","12":"product_tag-vitamines-et-electrolytes","14":"first","15":"instock","16":"taxable","17":"shipping-taxable","18":"purchasable","19":"product-type-variable"},"acf":[],"_links":{"self":[{"href":"https:\/\/unika.sitointest.it\/fr\/wp-json\/wp\/v2\/product\/8296","targetHints":{"allow":["GET"]}}],"collection":[{"href":"https:\/\/unika.sitointest.it\/fr\/wp-json\/wp\/v2\/product"}],"about":[{"href":"https:\/\/unika.sitointest.it\/fr\/wp-json\/wp\/v2\/types\/product"}],"version-history":[{"count":4,"href":"https:\/\/unika.sitointest.it\/fr\/wp-json\/wp\/v2\/product\/8296\/revisions"}],"predecessor-version":[{"id":15885,"href":"https:\/\/unika.sitointest.it\/fr\/wp-json\/wp\/v2\/product\/8296\/revisions\/15885"}],"wp:featuredmedia":[{"embeddable":true,"href":"https:\/\/unika.sitointest.it\/fr\/wp-json\/wp\/v2\/media\/21771"}],"wp:attachment":[{"href":"https:\/\/unika.sitointest.it\/fr\/wp-json\/wp\/v2\/media?parent=8296"}],"wp:term":[{"taxonomy":"product_brand","embeddable":true,"href":"https:\/\/unika.sitointest.it\/fr\/wp-json\/wp\/v2\/product_brand?post=8296"},{"taxonomy":"product_cat","embeddable":true,"href":"https:\/\/unika.sitointest.it\/fr\/wp-json\/wp\/v2\/product_cat?post=8296"},{"taxonomy":"product_tag","embeddable":true,"href":"https:\/\/unika.sitointest.it\/fr\/wp-json\/wp\/v2\/product_tag?post=8296"}],"curies":[{"name":"wp","href":"https:\/\/api.w.org\/{rel}","templated":true}]}}