{"id":8238,"date":"2022-11-02T11:46:23","date_gmt":"2022-11-02T10:46:23","guid":{"rendered":"https:\/\/lineaunika.jumpgroup.it\/shop\/non%20class\u00e9\/complete-vitamin\/"},"modified":"2026-02-16T18:08:42","modified_gmt":"2026-02-16T17:08:42","slug":"complete-vitamin","status":"publish","type":"product","link":"https:\/\/unika.sitointest.it\/fr\/shop\/aliments-et-vitamines\/complete-vitamin\/","title":{"rendered":"Complete Vitamin"},"content":{"rendered":"<h4>Compl\u00e9ment alimentaire pour chevaux<\/h4>\n<p>Complete Vitamin est un aliment liquide compl\u00e9mentaire contenant des vitamines importantes pour le bien-\u00eatre de l\u2019organisme, id\u00e9al pour optimiser l\u2019alimentation du cheval. Complete Vitamin contient toutes les vitamines connues, liposolubles comme hydrosolubles. Complete Vitamin contient \u00e9galement 7 oligo-\u00e9l\u00e9ments autoris\u00e9s par la l\u00e9gislation europ\u00e9enne en vigueur (Fe, I, Co, Cu, Mn, Zn, Se) et apporte notamment un niveau \u00e9lev\u00e9 de fer et d\u2019acide folique.<\/p>\n<h4>Quand l\u2019utiliser<\/h4>\n<p>Complete Vitamin est un excellent compl\u00e9ment alimentaire pour chevaux qui procure des vitamines et des oligo-\u00e9l\u00e9ments essentiels \u00e0 la nutrition des chevaux. Complete Vitamin peut \u00eatre excellent dans les situations suivantes :<\/p>\n<p>&#8211; Chevaux dont le pelage est terne et dru,<br \/>\n&#8211; Chevaux pr\u00e9sentant des carences en vitamines,<br \/>\n&#8211; Chevaux ayant un faible app\u00e9tit,<br \/>\n&#8211; Chevaux dont les analyses de sang r\u00e9v\u00e8lent une carence en vitamines,<br \/>\n&#8211; Chevaux fatigu\u00e9s et peu enclins \u00e0 l\u2019activit\u00e9 sportive,<br \/>\n&#8211; Chevaux \u00e2g\u00e9s,<br \/>\n&#8211; Chevaux ayant eu un accident ou apr\u00e8s une p\u00e9riode d\u2019hospitalisation,<br \/>\n&#8211; Chevaux qui doivent faire un changement important dans leur alimentation,<br \/>\n&#8211; Chevaux changeant d\u2019\u00e9curie<br \/>\n&#8211; Chevaux devant r\u00e9sister \u00e0 des changements de saison.<\/p>\n<h4>Propri\u00e9t\u00e9s de ses \u00e9l\u00e9ments<\/h4>\n<p>Le complexe de vitamines B entra\u00eene une augmentation de l\u2019app\u00e9tit et de l\u2019ingestion volontaire d\u2019aliments. La pr\u00e9sence de fer, d\u2019acide folique et de vitamine B12 entra\u00eene une augmentation des globules rouges (h\u00e9matopo\u00ef\u00e8se) (60,70). La vitamine E, le s\u00e9l\u00e9nium et la vitamine C ont un effet antioxydant important (5,6).<\/p>\n<h4>Mode d\u2019emploi<\/h4>\n<p>Utiliser 5 cl (=50 ml, \u00e9quivalent \u00e0 la premi\u00e8re marque du doseur) de Complete Vitamin par jour pendant une p\u00e9riode de 30 jours cons\u00e9cutifs. Bien m\u00e9langer \u00e0 la ration quotidienne.<\/p>\n<p><em>(Chaque organisme \u00e9tant sp\u00e9cifique, il est toujours conseill\u00e9 de tester les nouveaux aliments en les introduisant progressivement dans l\u2019alimentation du cheval pour en \u00e9valuer la tol\u00e9rance).<\/em><\/p>\n<p><strong><em>Nous proc\u00e9dons \u00e0 un examen des \u00e9tiquettes. Si vous souhaitez recevoir l&#8217;\u00e9tiquette avant la vente, nous vous demandons de nous envoyer un e-mail \u00e0 l&#8217;adresse suivante : info@lineaunika.it . Nous nous excusons pour la g\u00eane occasionn\u00e9e.<\/em><\/strong><\/p>\n","protected":false},"excerpt":{"rendered":"<p>\u2714\ufe0f Flacon avec doseur int\u00e9gr\u00e9<br \/>\n\u2714\ufe0f Produit liquide facile \u00e0 m\u00e9langer dans le doseur<br \/>\n\u2714\ufe0f Un m\u00e9lange complet de vitamines et d&#8217;oligo-\u00e9l\u00e9ments pour tous les besoins<\/p>\n","protected":false},"featured_media":21364,"template":"","meta":{"_acf_changed":false,"_joinchat":[]},"product_brand":[],"product_cat":[444],"product_tag":[536,500,548,544,540,532],"class_list":{"0":"post-8238","1":"product","2":"type-product","3":"status-publish","4":"has-post-thumbnail","6":"product_cat-aliments-et-vitamines","7":"product_tag-changement-de-saison","8":"product_tag-cheval-maigre","9":"product_tag-ete","10":"product_tag-systeme-immunitaire","11":"product_tag-vitamine-c","12":"product_tag-vitamines-et-electrolytes","14":"first","15":"instock","16":"taxable","17":"shipping-taxable","18":"purchasable","19":"product-type-variable"},"acf":[],"_links":{"self":[{"href":"https:\/\/unika.sitointest.it\/fr\/wp-json\/wp\/v2\/product\/8238","targetHints":{"allow":["GET"]}}],"collection":[{"href":"https:\/\/unika.sitointest.it\/fr\/wp-json\/wp\/v2\/product"}],"about":[{"href":"https:\/\/unika.sitointest.it\/fr\/wp-json\/wp\/v2\/types\/product"}],"version-history":[{"count":3,"href":"https:\/\/unika.sitointest.it\/fr\/wp-json\/wp\/v2\/product\/8238\/revisions"}],"predecessor-version":[{"id":15893,"href":"https:\/\/unika.sitointest.it\/fr\/wp-json\/wp\/v2\/product\/8238\/revisions\/15893"}],"wp:featuredmedia":[{"embeddable":true,"href":"https:\/\/unika.sitointest.it\/fr\/wp-json\/wp\/v2\/media\/21364"}],"wp:attachment":[{"href":"https:\/\/unika.sitointest.it\/fr\/wp-json\/wp\/v2\/media?parent=8238"}],"wp:term":[{"taxonomy":"product_brand","embeddable":true,"href":"https:\/\/unika.sitointest.it\/fr\/wp-json\/wp\/v2\/product_brand?post=8238"},{"taxonomy":"product_cat","embeddable":true,"href":"https:\/\/unika.sitointest.it\/fr\/wp-json\/wp\/v2\/product_cat?post=8238"},{"taxonomy":"product_tag","embeddable":true,"href":"https:\/\/unika.sitointest.it\/fr\/wp-json\/wp\/v2\/product_tag?post=8238"}],"curies":[{"name":"wp","href":"https:\/\/api.w.org\/{rel}","templated":true}]}}