{"id":8211,"date":"2022-11-02T11:30:16","date_gmt":"2022-11-02T10:30:16","guid":{"rendered":"https:\/\/lineaunika.jumpgroup.it\/shop\/non%20class\u00e9\/red\/"},"modified":"2023-06-20T13:04:41","modified_gmt":"2023-06-20T13:04:41","slug":"red","status":"publish","type":"product","link":"https:\/\/unika.sitointest.it\/fr\/shop\/aliments-et-vitamines\/red\/","title":{"rendered":"Red"},"content":{"rendered":"<h4>Compl\u00e9ment alimentaire pour chevaux<\/h4>\n<p>Red est un compl\u00e9ment alimentaire liquide \u00e0 base de vitamines et d\u2019oligo-\u00e9l\u00e9ments, notamment du fer, du cobalt, du cuivre et du mangan\u00e8se. Red fournit tous ces \u00e9l\u00e9ments dans un format hautement biodisponible, facilement absorbable par l\u2019organisme. Red est une excellente source de vitamines et d\u2019oligo-\u00e9l\u00e9ments, id\u00e9ale pour tous les chevaux qui ont des carences.<\/p>\n<h4>Quand l\u2019utiliser<\/h4>\n<p>Red est un compl\u00e9ment alimentaire id\u00e9al pour tous les chevaux qui ont besoin d\u2019un compl\u00e9ment alimentaire en oligo\u00e9l\u00e9ments essentiels comme le fer, le cuivre, le cobalt, le zinc et le mangan\u00e8se. En outre, Red procure un apport important en vitamine A, vitamine E, vitamine B1, vitamine B6 et en acide folique dans l\u2019alimentation quotidienne.<br \/>\nRed joue un r\u00f4le dans le r\u00e9\u00e9quilibrage des niveaux physiologiques d\u2019oligo\u00e9l\u00e9ments essentiels, indispensables pour garder un organisme sain. Pour les chevaux dont le taux de globules rouges est faible, il est conseill\u00e9 de leur fournir un apport en fer, acide folique, cuivre et zinc.<br \/>\nRed est \u00e9galement recommand\u00e9 lorsque les chevaux ont un manque de volont\u00e9 et de pr\u00e9paration au travail.<\/p>\n<h4>Propri\u00e9t\u00e9s de ses \u00e9l\u00e9ments<\/h4>\n<p>L\u2019acide folique est une vitamine tr\u00e8s importante du groupe B, \u00e9galement connue sous le nom de folate ou vitamine B9. Il appartient au monde v\u00e9g\u00e9tal (les \u00e9pinards en sont tr\u00e8s riches), mais sous sa forme chimique naturelle, il est peu disponible pour l\u2019organisme (on parle environ de 50 % de biodisponibilit\u00e9). Il est tr\u00e8s difficile de couvrir les besoins en acide folique d\u2019un cheval avec les aliments de sa ration. Aujourd\u2019hui, son action dans la production de globules rouges ayant une tr\u00e8s grande importance, il est pr\u00e9f\u00e9rable de toujours incorporer de l\u2019acide folique dans l\u2019alimentation du cheval athl\u00e8te.<br \/>\nLa vitamine B12 participe, avec l\u2019acide folique, \u00e0 la synth\u00e8se de l\u2019ADN et de l\u2019ARN et joue un r\u00f4le important dans l\u2019int\u00e9grit\u00e9 du syst\u00e8me nerveux, le m\u00e9tabolisme, et la production d\u2019\u00e9nergie.<\/p>\n<h4>Mode d\u2019emploi<\/h4>\n<p>Utiliser de 30 \u00e0 50 ml de Red par jour pendant une p\u00e9riode de 25-30 jours (recommand\u00e9). Bien m\u00e9langer le produit \u00e0 la ration alimentaire.<\/p>\n<p><em>(Chaque organisme \u00e9tant sp\u00e9cifique, il est toujours conseill\u00e9 de tester les nouveaux aliments en les introduisant progressivement dans l\u2019alimentation du cheval pour en \u00e9valuer la tol\u00e9rance).<\/em><\/p>\n<p><em><strong>Nous proc\u00e9dons \u00e0 un examen des \u00e9tiquettes. Si vous souhaitez recevoir l&#8217;\u00e9tiquette avant la vente, nous vous demandons de nous envoyer un e-mail \u00e0 l&#8217;adresse suivante : info@lineaunika.it . Nous nous excusons pour la g\u00eane occasionn\u00e9e.<\/strong><\/em><\/p>\n","protected":false},"excerpt":{"rendered":"<p>\u2714\ufe0f Produit liquide pour les chevaux qui n&#8217;aiment pas les poudres<br \/>\n\u2714\ufe0f Id\u00e9al pour soutenir la production naturelle de globules rouges<br \/>\n\u2714\ufe0f Riche en vitamines et oligo-\u00e9l\u00e9ments<\/p>\n","protected":false},"featured_media":21407,"template":"","meta":{"_acf_changed":false,"_joinchat":[]},"product_brand":[],"product_cat":[444],"product_tag":[476,528,468,464,480,472,460],"class_list":{"0":"post-8211","1":"product","2":"type-product","3":"status-publish","4":"has-post-thumbnail","6":"product_cat-aliments-et-vitamines","7":"product_tag-cheval-de-course","8":"product_tag-coeur-et-circulation","9":"product_tag-dressage-fr","10":"product_tag-endurance-fr","11":"product_tag-energie","12":"product_tag-equitation-western","13":"product_tag-saut-dobstacles","15":"first","16":"outofstock","17":"taxable","18":"shipping-taxable","19":"purchasable","20":"product-type-variable"},"acf":[],"_links":{"self":[{"href":"https:\/\/unika.sitointest.it\/fr\/wp-json\/wp\/v2\/product\/8211","targetHints":{"allow":["GET"]}}],"collection":[{"href":"https:\/\/unika.sitointest.it\/fr\/wp-json\/wp\/v2\/product"}],"about":[{"href":"https:\/\/unika.sitointest.it\/fr\/wp-json\/wp\/v2\/types\/product"}],"version-history":[{"count":3,"href":"https:\/\/unika.sitointest.it\/fr\/wp-json\/wp\/v2\/product\/8211\/revisions"}],"predecessor-version":[{"id":15897,"href":"https:\/\/unika.sitointest.it\/fr\/wp-json\/wp\/v2\/product\/8211\/revisions\/15897"}],"wp:featuredmedia":[{"embeddable":true,"href":"https:\/\/unika.sitointest.it\/fr\/wp-json\/wp\/v2\/media\/21407"}],"wp:attachment":[{"href":"https:\/\/unika.sitointest.it\/fr\/wp-json\/wp\/v2\/media?parent=8211"}],"wp:term":[{"taxonomy":"product_brand","embeddable":true,"href":"https:\/\/unika.sitointest.it\/fr\/wp-json\/wp\/v2\/product_brand?post=8211"},{"taxonomy":"product_cat","embeddable":true,"href":"https:\/\/unika.sitointest.it\/fr\/wp-json\/wp\/v2\/product_cat?post=8211"},{"taxonomy":"product_tag","embeddable":true,"href":"https:\/\/unika.sitointest.it\/fr\/wp-json\/wp\/v2\/product_tag?post=8211"}],"curies":[{"name":"wp","href":"https:\/\/api.w.org\/{rel}","templated":true}]}}