{"id":8168,"date":"2022-11-02T11:04:33","date_gmt":"2022-11-02T10:04:33","guid":{"rendered":"https:\/\/lineaunika.jumpgroup.it\/shop\/non%20class\u00e9\/no-more\/"},"modified":"2026-02-16T18:09:09","modified_gmt":"2026-02-16T17:09:09","slug":"no-more","status":"publish","type":"product","link":"https:\/\/unika.sitointest.it\/fr\/shop\/aliments-et-vitamines\/no-more\/","title":{"rendered":"No More"},"content":{"rendered":"<h4>Compl\u00e9ment alimentaire pour chevaux<\/h4>\n<p>No More est un compl\u00e9ment alimentaire en forme de seringue en gel-p\u00e2te destin\u00e9 \u00e0 pr\u00e9server les conditions physiologiques de la circulation.<\/p>\n<h4>Quand l\u2019utiliser<\/h4>\n<p>No More est un compl\u00e9ment alimentaire recommand\u00e9 aux chevaux n\u00e9cessitant un apport pour le maintien des conditions physiologiques de la circulation sanguine.<\/p>\n<h4>Propri\u00e9t\u00e9s de ses \u00e9l\u00e9ments<\/h4>\n<p>No More contient du Schisandra chinensis, utilis\u00e9 dans la m\u00e9decine chinoise depuis de nombreuses ann\u00e9es. Schisandra chinensis contient des lignanes, recommand\u00e9s pour la r\u00e9sistance des parois des vaisseaux sanguins (71,81,69).<\/p>\n<h4>Mode d\u2019emploi<\/h4>\n<p>Utiliser une seringue de No More la veille de la comp\u00e9tition et une autre 4 \u00e0 5 heures avant la comp\u00e9tition.<\/p>\n<p><em>(Chaque organisme \u00e9tant sp\u00e9cifique, il est toujours conseill\u00e9 de tester les nouveaux aliments en les introduisant progressivement dans l\u2019alimentation du cheval pour en \u00e9valuer la tol\u00e9rance).<\/em><\/p>\n<p><em><strong>Nous proc\u00e9dons \u00e0 un examen des \u00e9tiquettes. Si vous souhaitez recevoir l&#8217;\u00e9tiquette avant la vente, nous vous demandons de nous envoyer un e-mail \u00e0 l&#8217;adresse suivante : info@lineaunika.it . Nous nous excusons pour la g\u00eane occasionn\u00e9e.<\/strong><\/em><\/p>\n","protected":false},"excerpt":{"rendered":"<p>\u2714\ufe0f Seringue monodose pr\u00eate \u00e0 l&#8217;emploi<br \/>\n\u2714\ufe0f Convient aux chevaux faisant des efforts intenses<br \/>\n\u2714\ufe0f Soutient l&#8217;int\u00e9grit\u00e9 naturelle des vaisseaux sanguins<\/p>\n","protected":false},"featured_media":21604,"template":"","meta":{"_acf_changed":false,"_joinchat":[]},"product_brand":[],"product_cat":[444],"product_tag":[476,528,464,472,488,460],"class_list":{"0":"post-8168","1":"product","2":"type-product","3":"status-publish","4":"has-post-thumbnail","6":"product_cat-aliments-et-vitamines","7":"product_tag-cheval-de-course","8":"product_tag-coeur-et-circulation","9":"product_tag-endurance-fr","10":"product_tag-equitation-western","11":"product_tag-pas-de-dopage","12":"product_tag-saut-dobstacles","14":"first","15":"instock","16":"taxable","17":"shipping-taxable","18":"purchasable","19":"product-type-simple"},"acf":[],"_links":{"self":[{"href":"https:\/\/unika.sitointest.it\/fr\/wp-json\/wp\/v2\/product\/8168","targetHints":{"allow":["GET"]}}],"collection":[{"href":"https:\/\/unika.sitointest.it\/fr\/wp-json\/wp\/v2\/product"}],"about":[{"href":"https:\/\/unika.sitointest.it\/fr\/wp-json\/wp\/v2\/types\/product"}],"version-history":[{"count":3,"href":"https:\/\/unika.sitointest.it\/fr\/wp-json\/wp\/v2\/product\/8168\/revisions"}],"predecessor-version":[{"id":15906,"href":"https:\/\/unika.sitointest.it\/fr\/wp-json\/wp\/v2\/product\/8168\/revisions\/15906"}],"wp:featuredmedia":[{"embeddable":true,"href":"https:\/\/unika.sitointest.it\/fr\/wp-json\/wp\/v2\/media\/21604"}],"wp:attachment":[{"href":"https:\/\/unika.sitointest.it\/fr\/wp-json\/wp\/v2\/media?parent=8168"}],"wp:term":[{"taxonomy":"product_brand","embeddable":true,"href":"https:\/\/unika.sitointest.it\/fr\/wp-json\/wp\/v2\/product_brand?post=8168"},{"taxonomy":"product_cat","embeddable":true,"href":"https:\/\/unika.sitointest.it\/fr\/wp-json\/wp\/v2\/product_cat?post=8168"},{"taxonomy":"product_tag","embeddable":true,"href":"https:\/\/unika.sitointest.it\/fr\/wp-json\/wp\/v2\/product_tag?post=8168"}],"curies":[{"name":"wp","href":"https:\/\/api.w.org\/{rel}","templated":true}]}}