{"id":8142,"date":"2022-11-02T10:53:57","date_gmt":"2022-11-02T10:53:57","guid":{"rendered":"https:\/\/lineaunika.jumpgroup.it\/shop\/non%20class\u00e9\/haemofolic\/"},"modified":"2026-02-16T18:09:04","modified_gmt":"2026-02-16T17:09:04","slug":"haemofolic","status":"publish","type":"product","link":"https:\/\/unika.sitointest.it\/fr\/shop\/aliments-et-vitamines\/haemofolic\/","title":{"rendered":"Haemofolic"},"content":{"rendered":"<h4>Compl\u00e9ment alimentaire pour chevaux<\/h4>\n<p>Haemofolic est un compl\u00e9ment alimentaire con\u00e7u pour apporter \u00e0 l\u2019alimentation du cheval des vitamines et des oligo-\u00e9l\u00e9ments importants, et qui participe au maintien du nombre de globules rouges dans l\u2019organisme. Haemofolic contient \u00e9galement du Curcuma longa et de l\u2019Echinacea purpurea.<\/p>\n<h4>Quand l\u2019utiliser<\/h4>\n<p>Haemofolic est un compl\u00e9ment alimentaire qui peut \u00eatre utilis\u00e9 :<br \/>\n\u2013 Chez les chevaux n\u00e9cessitant une suppl\u00e9mentation en acide folique, en fer et en vitamines essentielles du groupe B<br \/>\n\u2013 Chez les chevaux qui doivent faire face \u00e0 des p\u00e9riodes intenses de travail sportif<br \/>\nChez les chevaux qui sont peu dispos\u00e9s au travail.<\/p>\n<h4>Mode d\u2019emploi<\/h4>\n<p>Utiliser de 50 \u00e0 60 g d\u2019Haemofolic par jour, en le m\u00e9langeant bien \u00e0 la ration quotidienne. Utilisation recommand\u00e9e, au minimum 30 \u00e0 40 jours cons\u00e9cutifs.<\/p>\n<p><strong>Misurette:<\/strong><br \/>\n\u2013 rase : 25 g<br \/>\n\u2013 pleine : 30 g<\/p>\n<p><em>(Chaque organisme \u00e9tant sp\u00e9cifique, il est toujours conseill\u00e9 de tester les nouveaux aliments en les introduisant progressivement dans l\u2019alimentation du cheval pour en \u00e9valuer la tol\u00e9rance).<\/em><\/p>\n<p><em><strong>Nous proc\u00e9dons \u00e0 un examen des \u00e9tiquettes. Si vous souhaitez recevoir l&#8217;\u00e9tiquette avant la vente, nous vous demandons de nous envoyer un e-mail \u00e0 l&#8217;adresse suivante : info@lineaunika.it . Nous nous excusons pour la g\u00eane occasionn\u00e9e.<\/strong><\/em><\/p>\n","protected":false},"excerpt":{"rendered":"<p>\u2714\ufe0f Tasse \u00e0 mesurer pratique \u00e0 l&#8217;int\u00e9rieur de l&#8217;emballage<br \/>\n\u2714\ufe0f Id\u00e9al pour soutenir la production de globules rouges<br \/>\n\u2714\ufe0f Riche en vitamines et oligo-\u00e9l\u00e9ments<\/p>\n","protected":false},"featured_media":21443,"template":"","meta":{"_acf_changed":false,"_joinchat":[]},"product_brand":[],"product_cat":[444],"product_tag":[476,528,468,464,480,488,460],"class_list":{"0":"post-8142","1":"product","2":"type-product","3":"status-publish","4":"has-post-thumbnail","6":"product_cat-aliments-et-vitamines","7":"product_tag-cheval-de-course","8":"product_tag-coeur-et-circulation","9":"product_tag-dressage-fr","10":"product_tag-endurance-fr","11":"product_tag-energie","12":"product_tag-pas-de-dopage","13":"product_tag-saut-dobstacles","15":"first","16":"instock","17":"taxable","18":"shipping-taxable","19":"purchasable","20":"product-type-variable"},"acf":[],"_links":{"self":[{"href":"https:\/\/unika.sitointest.it\/fr\/wp-json\/wp\/v2\/product\/8142","targetHints":{"allow":["GET"]}}],"collection":[{"href":"https:\/\/unika.sitointest.it\/fr\/wp-json\/wp\/v2\/product"}],"about":[{"href":"https:\/\/unika.sitointest.it\/fr\/wp-json\/wp\/v2\/types\/product"}],"version-history":[{"count":2,"href":"https:\/\/unika.sitointest.it\/fr\/wp-json\/wp\/v2\/product\/8142\/revisions"}],"predecessor-version":[{"id":15910,"href":"https:\/\/unika.sitointest.it\/fr\/wp-json\/wp\/v2\/product\/8142\/revisions\/15910"}],"wp:featuredmedia":[{"embeddable":true,"href":"https:\/\/unika.sitointest.it\/fr\/wp-json\/wp\/v2\/media\/21443"}],"wp:attachment":[{"href":"https:\/\/unika.sitointest.it\/fr\/wp-json\/wp\/v2\/media?parent=8142"}],"wp:term":[{"taxonomy":"product_brand","embeddable":true,"href":"https:\/\/unika.sitointest.it\/fr\/wp-json\/wp\/v2\/product_brand?post=8142"},{"taxonomy":"product_cat","embeddable":true,"href":"https:\/\/unika.sitointest.it\/fr\/wp-json\/wp\/v2\/product_cat?post=8142"},{"taxonomy":"product_tag","embeddable":true,"href":"https:\/\/unika.sitointest.it\/fr\/wp-json\/wp\/v2\/product_tag?post=8142"}],"curies":[{"name":"wp","href":"https:\/\/api.w.org\/{rel}","templated":true}]}}