{"id":8100,"date":"2022-11-02T10:32:51","date_gmt":"2022-11-02T09:32:51","guid":{"rendered":"https:\/\/lineaunika.jumpgroup.it\/shop\/non%20class\u00e9\/flavosid\/"},"modified":"2026-02-16T18:08:52","modified_gmt":"2026-02-16T17:08:52","slug":"flavosid","status":"publish","type":"product","link":"https:\/\/unika.sitointest.it\/fr\/shop\/aliments-et-vitamines\/flavosid\/","title":{"rendered":"Flavosid"},"content":{"rendered":"<h4>Compl\u00e9ment alimentaire pour chevaux<\/h4>\n<p>Flavosid est un compl\u00e9ment alimentaire pour chevaux \u00e0 base de nombreux extraits v\u00e9g\u00e9taux et de plantes officinales visant \u00e0 maintenir en bonne condition le syst\u00e8me circulatoire et les parois des vaisseaux sanguins. Flavosid apporte \u00e0 l\u2019alimentation du cheval des sources importantes de flavono\u00efdes, de vitamines et d\u2019oligo-\u00e9l\u00e9ments.<\/p>\n<h4>Quand l\u2019utiliser<\/h4>\n<p>Flavosid est un compl\u00e9ment alimentaire qui peut \u00eatre utilis\u00e9 :<\/p>\n<p>&#8211; Chez les chevaux pratiquant des sports comme le trot et le galop<br \/>\n&#8211; Chez les chevaux ayant une fragilit\u00e9 capillaire<\/p>\n<h4>Propri\u00e9t\u00e9s de ses \u00e9l\u00e9ments<\/h4>\n<p>Les \u00e9l\u00e9ments contenus dans Flavosid apportent \u00e0 l\u2019alimentation quotidienne du cheval de nombreuses sources de flavono\u00efdes. La litt\u00e9rature scientifique reconna\u00eet que les flavono\u00efdes ont un effet positif sur la microcirculation sanguine et lymphatique, et la protection des petits vaisseaux sanguins.<\/p>\n<h4>Mode d\u2019emploi<\/h4>\n<p>Use 100 g de Flavosid par jour pendant 40 \u00e0 45 jours cons\u00e9cutifs (recommand\u00e9) bien m\u00e9lang\u00e9s \u00e0 la ration alimentaire.<\/p>\n<p><strong>Misurette:<\/strong><\/p>\n<p>rase : 60 g<br \/>\npleine : 75 g<\/p>\n<p><em>(Chaque organisme \u00e9tant sp\u00e9cifique, il est toujours conseill\u00e9 de tester les nouveaux aliments en les introduisant progressivement dans l\u2019alimentation du cheval pour en \u00e9valuer la tol\u00e9rance).<\/em><\/p>\n<p><em><strong>Nous proc\u00e9dons \u00e0 un examen des \u00e9tiquettes. Si vous souhaitez recevoir l&#8217;\u00e9tiquette avant la vente, nous vous demandons de nous envoyer un e-mail \u00e0 l&#8217;adresse suivante : info@lineaunika.it . Nous nous excusons pour la g\u00eane occasionn\u00e9e.<\/strong><\/em><\/p>\n","protected":false},"excerpt":{"rendered":"<p>\u2714\ufe0f Riche en flavono\u00efdes<br \/>\n\u2714\ufe0f Favorise la microcirculation sanguine et lymphatique<br \/>\n\u2714\ufe0f Convient aux chevaux faisant des efforts intenses<br \/>\n\u2714\ufe0f Tasse \u00e0 mesurer pratique \u00e0 l&#8217;int\u00e9rieur de l&#8217;emballage<\/p>\n","protected":false},"featured_media":21415,"template":"","meta":{"_acf_changed":false,"_joinchat":[]},"product_brand":[],"product_cat":[444],"product_tag":[476,528,464,472,488,460],"class_list":{"0":"post-8100","1":"product","2":"type-product","3":"status-publish","4":"has-post-thumbnail","6":"product_cat-aliments-et-vitamines","7":"product_tag-cheval-de-course","8":"product_tag-coeur-et-circulation","9":"product_tag-endurance-fr","10":"product_tag-equitation-western","11":"product_tag-pas-de-dopage","12":"product_tag-saut-dobstacles","14":"first","15":"instock","16":"taxable","17":"shipping-taxable","18":"purchasable","19":"product-type-variable"},"acf":[],"_links":{"self":[{"href":"https:\/\/unika.sitointest.it\/fr\/wp-json\/wp\/v2\/product\/8100","targetHints":{"allow":["GET"]}}],"collection":[{"href":"https:\/\/unika.sitointest.it\/fr\/wp-json\/wp\/v2\/product"}],"about":[{"href":"https:\/\/unika.sitointest.it\/fr\/wp-json\/wp\/v2\/types\/product"}],"version-history":[{"count":4,"href":"https:\/\/unika.sitointest.it\/fr\/wp-json\/wp\/v2\/product\/8100\/revisions"}],"predecessor-version":[{"id":16757,"href":"https:\/\/unika.sitointest.it\/fr\/wp-json\/wp\/v2\/product\/8100\/revisions\/16757"}],"wp:featuredmedia":[{"embeddable":true,"href":"https:\/\/unika.sitointest.it\/fr\/wp-json\/wp\/v2\/media\/21415"}],"wp:attachment":[{"href":"https:\/\/unika.sitointest.it\/fr\/wp-json\/wp\/v2\/media?parent=8100"}],"wp:term":[{"taxonomy":"product_brand","embeddable":true,"href":"https:\/\/unika.sitointest.it\/fr\/wp-json\/wp\/v2\/product_brand?post=8100"},{"taxonomy":"product_cat","embeddable":true,"href":"https:\/\/unika.sitointest.it\/fr\/wp-json\/wp\/v2\/product_cat?post=8100"},{"taxonomy":"product_tag","embeddable":true,"href":"https:\/\/unika.sitointest.it\/fr\/wp-json\/wp\/v2\/product_tag?post=8100"}],"curies":[{"name":"wp","href":"https:\/\/api.w.org\/{rel}","templated":true}]}}