{"id":8048,"date":"2022-11-02T10:20:06","date_gmt":"2022-11-02T09:20:06","guid":{"rendered":"https:\/\/lineaunika.jumpgroup.it\/shop\/non%20class\u00e9\/biotin-pro-3-000\/"},"modified":"2026-02-16T18:08:36","modified_gmt":"2026-02-16T17:08:36","slug":"biotin-pro-3-000","status":"publish","type":"product","link":"https:\/\/unika.sitointest.it\/fr\/shop\/aliments-et-vitamines\/biotin-pro-3-000\/","title":{"rendered":"Biotin Pro 3.000"},"content":{"rendered":"<h4>Compl\u00e9ment alimentaire pour chevaux destin\u00e9 \u00e0 des fins nutritionnelles particuli\u00e8res \u2013 Participe \u00e0 la r\u00e9g\u00e9n\u00e9ration des sabots, des pattes et de<br \/>\nla robe.<\/h4>\n<p>Biotin Pro 3.000 est un compl\u00e9ment alimentaire pour chevaux utilis\u00e9 pour apporter des quantit\u00e9s importantes de biotine dans l\u2019alimentation du cheval, \u00e9l\u00e9ment essentiel \u00e0 la croissance des sabots, du pelage, et de la crini\u00e8re. Chaque kg de Biotin Pro 3.000 contient 3 000 mg de biotine.<\/p>\n<h4>Quand l\u2019utiliser<\/h4>\n<p>On peut utiliser Biotin Plus 3.000 :<\/p>\n<p>&#8211; Chez les chevaux dont la croissance des ongles est insuffisante<br \/>\n&#8211; Chez les chevaux dont les sabots sont fragiles et\/ou mous<br \/>\n&#8211; Chez les chevaux dont la croissance du pelage est pauvre<br \/>\n&#8211; Chez les chevaux dont le pelage et la crini\u00e8re sont clairsem\u00e9s<\/p>\n<h4>Propri\u00e9t\u00e9s de ses \u00e9l\u00e9ments<\/h4>\n<p>La biotine est une vitamine reconnue depuis toujours pour son action d\u00e9terminante dans l\u2019entretien des sabots, des pelages et des crini\u00e8res.<\/p>\n<p>Comme elle est synth\u00e9tis\u00e9e par des champignons, des levures, des algues et certaines bact\u00e9ries (aliments non pr\u00e9sents dans l\u2019alimentation du cheval) (46), il arrive souvent que la quantit\u00e9 de biotine autoproduite par l\u2019intestin du cheval soit insuffisante. En outre, les c\u00e9r\u00e9ales contiennent des niveaux tr\u00e8s faibles de biotine disponible, de sorte que les rations alimentaires actuelles des chevaux de comp\u00e9tition induisent souvent une carence (80).<\/p>\n<h4>P\u00e9riode d\u2019utilisation recommand\u00e9e<\/h4>\n<p>Utiliser de 30 \u00e0 50 g de Biotin Pro 3.000 par jour, bien m\u00e9lang\u00e9s \u00e0 la ration alimentaire, pendant un maximum de 8 semaines.<\/p>\n<p><strong>Mesurette:<\/strong><br \/>\n\u2013 rase: 28 g<br \/>\n\u2013 pleine: 35 g<\/p>\n<p><em>(Chaque organisme \u00e9tant sp\u00e9cifique, il est toujours conseill\u00e9 de tester les nouveaux aliments en les introduisant progressivement dans l\u2019alimentation du cheval pour en \u00e9valuer la tol\u00e9rance).<\/em><\/p>\n<p><em><strong>Nous proc\u00e9dons \u00e0 un examen des \u00e9tiquettes. Si vous souhaitez recevoir l&#8217;\u00e9tiquette avant la vente, nous vous demandons de nous envoyer un e-mail \u00e0 l&#8217;adresse suivante : info@lineaunika.it . Nous nous excusons pour la g\u00eane occasionn\u00e9e.<\/strong><\/em><\/p>\n","protected":false},"excerpt":{"rendered":"<p>\u2714\ufe0f Id\u00e9al comme traitement d&#8217;entretien apr\u00e8s Biotin Plus 10 000<br \/>\n\u2714\ufe0f Tasse \u00e0 mesurer pratique \u00e0 l&#8217;int\u00e9rieur de l&#8217;emballage<br \/>\n\u2714\ufe0f Id\u00e9al pour soutenir la croissance des sabots, du pelage et du poil<\/p>\n","protected":false},"featured_media":20982,"template":"","meta":{"_acf_changed":false,"_joinchat":[]},"product_brand":[],"product_cat":[444],"product_tag":[524],"class_list":{"0":"post-8048","1":"product","2":"type-product","3":"status-publish","4":"has-post-thumbnail","6":"product_cat-aliments-et-vitamines","7":"product_tag-sabots-de-chevaux","9":"first","10":"instock","11":"taxable","12":"shipping-taxable","13":"purchasable","14":"product-type-variable"},"acf":[],"_links":{"self":[{"href":"https:\/\/unika.sitointest.it\/fr\/wp-json\/wp\/v2\/product\/8048","targetHints":{"allow":["GET"]}}],"collection":[{"href":"https:\/\/unika.sitointest.it\/fr\/wp-json\/wp\/v2\/product"}],"about":[{"href":"https:\/\/unika.sitointest.it\/fr\/wp-json\/wp\/v2\/types\/product"}],"version-history":[{"count":3,"href":"https:\/\/unika.sitointest.it\/fr\/wp-json\/wp\/v2\/product\/8048\/revisions"}],"predecessor-version":[{"id":15921,"href":"https:\/\/unika.sitointest.it\/fr\/wp-json\/wp\/v2\/product\/8048\/revisions\/15921"}],"wp:featuredmedia":[{"embeddable":true,"href":"https:\/\/unika.sitointest.it\/fr\/wp-json\/wp\/v2\/media\/20982"}],"wp:attachment":[{"href":"https:\/\/unika.sitointest.it\/fr\/wp-json\/wp\/v2\/media?parent=8048"}],"wp:term":[{"taxonomy":"product_brand","embeddable":true,"href":"https:\/\/unika.sitointest.it\/fr\/wp-json\/wp\/v2\/product_brand?post=8048"},{"taxonomy":"product_cat","embeddable":true,"href":"https:\/\/unika.sitointest.it\/fr\/wp-json\/wp\/v2\/product_cat?post=8048"},{"taxonomy":"product_tag","embeddable":true,"href":"https:\/\/unika.sitointest.it\/fr\/wp-json\/wp\/v2\/product_tag?post=8048"}],"curies":[{"name":"wp","href":"https:\/\/api.w.org\/{rel}","templated":true}]}}