{"id":7992,"date":"2022-11-02T10:03:55","date_gmt":"2022-11-02T09:03:55","guid":{"rendered":"https:\/\/lineaunika.jumpgroup.it\/shop\/non%20class\u00e9\/biotin-plus-10-000\/"},"modified":"2026-02-16T18:08:35","modified_gmt":"2026-02-16T17:08:35","slug":"biotin-plus-10-000","status":"publish","type":"product","link":"https:\/\/unika.sitointest.it\/fr\/shop\/aliments-et-vitamines\/biotin-plus-10-000\/","title":{"rendered":"Biotin Plus 10.000"},"content":{"rendered":"<h4>Compl\u00e9ment alimentaire pour chevaux destin\u00e9 \u00e0 des fins nutritionnelles particuli\u00e8res \u2013 Participe \u00e0 la r\u00e9g\u00e9n\u00e9ration des sabots, des pattes et de<br \/>\nla robe.<\/h4>\n<p>Biotin Plus 10.000 est un compl\u00e9ment alimentaire pour chevaux utilis\u00e9 pour apporter des quantit\u00e9s importantes de biotine dans l\u2019alimentation du cheval, \u00e9l\u00e9ment fondamental pour la croissance des sabots, du pelage et de la crini\u00e8re. Chaque kg de Biotin Plus 10.000 contient 10 000 mg de biotine.<\/p>\n<h4>Quand l\u2019utiliser<\/h4>\n<p>On peut utiliser Biotin Plus 10.000 :<\/p>\n<p>&#8211; Chez les chevaux dont la croissance des ongles est insuffisante<br \/>\n&#8211; Chez les chevaux dont les sabots sont fragiles et\/ou mous<br \/>\n&#8211; Chez les chevaux dont la croissance du pelage est pauvre<br \/>\n&#8211; Chez les chevaux dont le pelage et la crini\u00e8re sont clairsem\u00e9s<\/p>\n<h4>Propri\u00e9t\u00e9s de ses \u00e9l\u00e9ments<\/h4>\n<p>La biotine est une vitamine reconnue depuis toujours pour son action d\u00e9terminante dans l\u2019entretien des sabots, des pelages et des crini\u00e8res.<br \/>\nComme elle est synth\u00e9tis\u00e9e par des champignons, des levures, des algues et certaines bact\u00e9ries (aliments non pr\u00e9sents dans l\u2019alimentation du cheval) (46), il arrive souvent que la quantit\u00e9 de biotine autoproduite par l\u2019intestin du cheval soit insuffisante. En outre, les c\u00e9r\u00e9ales contiennent des niveaux tr\u00e8s faibles de biotine disponible, de sorte que les rations alimentaires actuelles des chevaux de comp\u00e9tition induisent souvent une carence (80).<\/p>\n<h4>P\u00e9riode d\u2019utilisation recommand\u00e9e<\/h4>\n<p>Utiliser de 20 \u00e0 40 g de Biotin Plus 10.000 par jour, bien m\u00e9lang\u00e9s \u00e0 la ration alimentaire, pendant un maximum de 8 semaines.<\/p>\n<p><strong>Mesurette:<\/strong><br \/>\n\u2013 rase: 33 g<br \/>\n\u2013 pleine: 43 g<\/p>\n<p>&nbsp;<\/p>\n<p>Poids net : 1 kg<\/p>\n<p><em>(Chaque organisme \u00e9tant sp\u00e9cifique, il est toujours conseill\u00e9 de tester les nouveaux aliments en les introduisant progressivement dans l\u2019alimentation du cheval pour en \u00e9valuer la tol\u00e9rance).<\/em><\/p>\n<p><em><strong>Nous proc\u00e9dons \u00e0 un examen des \u00e9tiquettes. Si vous souhaitez recevoir l&#8217;\u00e9tiquette avant la vente, nous vous demandons de nous envoyer un e-mail \u00e0 l&#8217;adresse suivante : info@lineaunika.it . Nous nous excusons pour la g\u00eane occasionn\u00e9e.<\/strong><\/em><\/p>\n","protected":false},"excerpt":{"rendered":"<p>\u2714\ufe0f Avec une quantit\u00e9 \u00e9lev\u00e9e de biotine par rapport aux principaux concurrents<br \/>\n\u2714\ufe0f Tasse \u00e0 mesurer pratique \u00e0 l&#8217;int\u00e9rieur de l&#8217;emballage<br \/>\n\u2714\ufe0f Id\u00e9al pour soutenir la croissance des sabots, de la fourrure et des poils<\/p>\n","protected":false},"featured_media":20978,"template":"","meta":{"_acf_changed":false,"_joinchat":[]},"product_brand":[],"product_cat":[444],"product_tag":[564,524],"class_list":{"0":"post-7992","1":"product","2":"type-product","3":"status-publish","4":"has-post-thumbnail","6":"product_cat-aliments-et-vitamines","7":"product_tag-manteau-et-peau","8":"product_tag-sabots-de-chevaux","10":"first","11":"instock","12":"taxable","13":"shipping-taxable","14":"purchasable","15":"product-type-simple"},"acf":[],"_links":{"self":[{"href":"https:\/\/unika.sitointest.it\/fr\/wp-json\/wp\/v2\/product\/7992","targetHints":{"allow":["GET"]}}],"collection":[{"href":"https:\/\/unika.sitointest.it\/fr\/wp-json\/wp\/v2\/product"}],"about":[{"href":"https:\/\/unika.sitointest.it\/fr\/wp-json\/wp\/v2\/types\/product"}],"version-history":[{"count":5,"href":"https:\/\/unika.sitointest.it\/fr\/wp-json\/wp\/v2\/product\/7992\/revisions"}],"predecessor-version":[{"id":27860,"href":"https:\/\/unika.sitointest.it\/fr\/wp-json\/wp\/v2\/product\/7992\/revisions\/27860"}],"wp:featuredmedia":[{"embeddable":true,"href":"https:\/\/unika.sitointest.it\/fr\/wp-json\/wp\/v2\/media\/20978"}],"wp:attachment":[{"href":"https:\/\/unika.sitointest.it\/fr\/wp-json\/wp\/v2\/media?parent=7992"}],"wp:term":[{"taxonomy":"product_brand","embeddable":true,"href":"https:\/\/unika.sitointest.it\/fr\/wp-json\/wp\/v2\/product_brand?post=7992"},{"taxonomy":"product_cat","embeddable":true,"href":"https:\/\/unika.sitointest.it\/fr\/wp-json\/wp\/v2\/product_cat?post=7992"},{"taxonomy":"product_tag","embeddable":true,"href":"https:\/\/unika.sitointest.it\/fr\/wp-json\/wp\/v2\/product_tag?post=7992"}],"curies":[{"name":"wp","href":"https:\/\/api.w.org\/{rel}","templated":true}]}}