{"id":7946,"date":"2022-11-02T09:25:53","date_gmt":"2022-11-02T08:25:53","guid":{"rendered":"https:\/\/lineaunika.jumpgroup.it\/shop\/non%20class\u00e9\/osteofoals\/"},"modified":"2025-06-04T13:25:20","modified_gmt":"2025-06-04T12:25:20","slug":"osteofoals","status":"publish","type":"product","link":"https:\/\/unika.sitointest.it\/fr\/shop\/aliments-et-vitamines\/osteofoals\/","title":{"rendered":"Osteofoals"},"content":{"rendered":"<h4>Compl\u00e9ment alimentaire pour chevaux<\/h4>\n<p>Osteofoals est un compl\u00e9ment alimentaire qui apporte un compl\u00e9ment de calcium et de phosphore \u00e0 l\u2019alimentation quotidienne des poulini\u00e8res et des poulains, des \u00e9l\u00e9ments essentiels au bon d\u00e9veloppement du poulain et \u00e0 la protection de la poulini\u00e8re.<br \/>\nOsteofoals est une pr\u00e9paration \u00e9quilibr\u00e9e sp\u00e9cialement con\u00e7ue pour pourvoir aux carences alimentaires du poulain, qui ne peuvent \u00eatre compens\u00e9es par une alimentation compos\u00e9e uniquement de foins et de c\u00e9r\u00e9ales.<\/p>\n<h4>Quand l\u2019utiliser<\/h4>\n<p>Osteofoals est un compl\u00e9ment alimentaire qui peut \u00eatre utilis\u00e9 :<\/p>\n<p>&#8211; Pour enrichir l\u2019alimentation de la poulini\u00e8re en calcium et en phosphore, surtout \u00e0 partir du 7e mois de gestation<br \/>\n&#8211; Pour enrichir l\u2019alimentation du poulain en calcium et en phosphore<br \/>\n&#8211; Pour tous les chevaux qui ont besoin d\u2019un compl\u00e9ment de calcium et de phosphore dans leur alimentation.<\/p>\n<h4>Mode d\u2019emploi<\/h4>\n<p>Pour les juments gestantes : \u00e0 partir du septi\u00e8me mois de grossesse, utiliser de 30 \u00e0 35 g d\u2019Osteofoals par jour, bien m\u00e9lang\u00e9s \u00e0 la ration quotidienne, pendant une p\u00e9riode de 6 mois\/ 1 an.<br \/>\nPour les poulains : utiliser de 30 \u00e0 50 g d\u2019Osteofoals par jour, bien m\u00e9lang\u00e9s \u00e0 la ration quotidienne, pendant une p\u00e9riode de 6 mois\/ 1 an.<br \/>\nPour les chevaux adultes : utiliser 40 g d\u2019Osteofoals par jour, bien m\u00e9lang\u00e9s \u00e0 la ration quotidienne.<\/p>\n<p><strong>Misurette :<\/strong><\/p>\n<p>rase : 30 g<br \/>\npleine : 39 g<\/p>\n<p>&nbsp;<\/p>\n<p>Poids net : 5 kg<\/p>\n<p><em>(Chaque organisme \u00e9tant sp\u00e9cifique, il est toujours conseill\u00e9 de tester les nouveaux aliments en les introduisant progressivement dans l\u2019alimentation du cheval pour en \u00e9valuer la tol\u00e9rance).<\/em><\/p>\n<p><em><strong>Nous proc\u00e9dons \u00e0 un examen des \u00e9tiquettes. Si vous souhaitez recevoir l&#8217;\u00e9tiquette avant la vente, nous vous demandons de nous envoyer un e-mail \u00e0 l&#8217;adresse suivante : info@lineaunika.it . Nous nous excusons pour la g\u00eane occasionn\u00e9e.<\/strong><\/em><\/p>\n","protected":false},"excerpt":{"rendered":"<p>\u2714\ufe0f Tasse \u00e0 mesurer pratique \u00e0 l&#8217;int\u00e9rieur de l&#8217;emballage<br \/>\n\u2714\ufe0f Id\u00e9al pour le bon d\u00e9veloppement ost\u00e9o-articulaire du poulain<br \/>\n\u2714\ufe0f \u00c9tudi\u00e9 pour apporter du calcium et du phosphore dans l&#8217;alimentation du cheval<\/p>\n","protected":false},"featured_media":21508,"template":"","meta":{"_acf_changed":false,"_joinchat":[]},"product_brand":[],"product_cat":[444],"product_tag":[678,520,504],"class_list":{"0":"post-7946","1":"product","2":"type-product","3":"status-publish","4":"has-post-thumbnail","6":"product_cat-aliments-et-vitamines","7":"product_tag-articulations","8":"product_tag-elevage-de-chevaux","9":"product_tag-juments-et-poulains","11":"first","12":"instock","13":"taxable","14":"shipping-taxable","15":"purchasable","16":"product-type-simple"},"acf":[],"_links":{"self":[{"href":"https:\/\/unika.sitointest.it\/fr\/wp-json\/wp\/v2\/product\/7946","targetHints":{"allow":["GET"]}}],"collection":[{"href":"https:\/\/unika.sitointest.it\/fr\/wp-json\/wp\/v2\/product"}],"about":[{"href":"https:\/\/unika.sitointest.it\/fr\/wp-json\/wp\/v2\/types\/product"}],"version-history":[{"count":4,"href":"https:\/\/unika.sitointest.it\/fr\/wp-json\/wp\/v2\/product\/7946\/revisions"}],"predecessor-version":[{"id":27890,"href":"https:\/\/unika.sitointest.it\/fr\/wp-json\/wp\/v2\/product\/7946\/revisions\/27890"}],"wp:featuredmedia":[{"embeddable":true,"href":"https:\/\/unika.sitointest.it\/fr\/wp-json\/wp\/v2\/media\/21508"}],"wp:attachment":[{"href":"https:\/\/unika.sitointest.it\/fr\/wp-json\/wp\/v2\/media?parent=7946"}],"wp:term":[{"taxonomy":"product_brand","embeddable":true,"href":"https:\/\/unika.sitointest.it\/fr\/wp-json\/wp\/v2\/product_brand?post=7946"},{"taxonomy":"product_cat","embeddable":true,"href":"https:\/\/unika.sitointest.it\/fr\/wp-json\/wp\/v2\/product_cat?post=7946"},{"taxonomy":"product_tag","embeddable":true,"href":"https:\/\/unika.sitointest.it\/fr\/wp-json\/wp\/v2\/product_tag?post=7946"}],"curies":[{"name":"wp","href":"https:\/\/api.w.org\/{rel}","templated":true}]}}