{"id":7812,"date":"2022-10-28T14:12:20","date_gmt":"2022-10-28T13:12:20","guid":{"rendered":"https:\/\/lineaunika.jumpgroup.it\/shop\/non%20class\u00e9\/calciumphos\/"},"modified":"2026-02-16T18:08:38","modified_gmt":"2026-02-16T17:08:38","slug":"calciumphos","status":"publish","type":"product","link":"https:\/\/unika.sitointest.it\/fr\/shop\/aliments-et-vitamines\/calciumphos\/","title":{"rendered":"Calciumphos"},"content":{"rendered":"<h4>Compl\u00e9ment alimentaire pour chevaux<\/h4>\n<p>Calciumphos est un compl\u00e9ment alimentaire id\u00e9al pour procurer aux poulini\u00e8res et aux poulains des sources importantes de calcium et de phosphore, indispensables \u00e0 la formation du squelette du poulain. Calciumphos est un m\u00e9lange de calcium (provenant du lactate de calcium) et de phosphore (provenant du phosphate monocalcique, unique source de phosphore soluble dans l\u2019eau), avec un apport de vitamine B12 et d\u2019acides amin\u00e9s comme la L-lysine et la L-thr\u00e9onine.<\/p>\n<h4>Quand l\u2019utiliser<\/h4>\n<p>Calciumphos est un compl\u00e9ment alimentaire id\u00e9al \u00e0 utiliser :<\/p>\n<p>&#8211; Pendant la p\u00e9riode de gestation de la jument, pour apporter des sources importantes de calcium et de phosphore \u00e0 son r\u00e9gime alimentaire<br \/>\n&#8211; Pendant les premiers mois du poulain, pour enrichir son alimentation en calcium et en phosphore, essentiels \u00e0 la sant\u00e9 du squelette.<br \/>\n&#8211; Chez la poulini\u00e8re en p\u00e9riode de lactation afin d\u2019enrichir le lait en calcium et en phosphore.<\/p>\n<h4>Propri\u00e9t\u00e9s de ses \u00e9l\u00e9ments<\/h4>\n<p>Calciumphos utilise des sources de calcium et de phosphore hautement disponibles, comme le lactate de calcium et le phosphate monocalcique. En outre, une suppl\u00e9mentation en vitamine B12, vitamine E, vitamine D3 et en acides amin\u00e9s, comme la thr\u00e9onine, la m\u00e9thionine et la lysine apporte au poulain et \u00e0 la poulini\u00e8re des \u00e9l\u00e9ments nutritionnels importants.<\/p>\n<h4>Mode d\u2019emploi<\/h4>\n<p>&#8211; Pour les poulains : Utiliser de 50 \u00e0 100 g de Calciumphos par jour, bien m\u00e9lang\u00e9s \u00e0 la ration quotidienne, pendant une p\u00e9riode minimale de 90 \u00e0 120 jours cons\u00e9cutifs. Calciumphos doit \u00eatre utilis\u00e9 apr\u00e8s le sevrage du poulain pendant une p\u00e9riode minimale de 3 ou 4 mois.<br \/>\n&#8211; Pour les juments en p\u00e9riode de gestation : \u00e0 partir du 6\/7e mois de gestation, utiliser 100 g de Calciumphos par jour, bien m\u00e9lang\u00e9s \u00e0 la ration quotidienne.<br \/>\n&#8211; Pour les juments en p\u00e9riode de lactation : Utiliser 150 g de Calciumphos par jour, bien m\u00e9lang\u00e9s \u00e0 la ration quotidienne. Calciumphos doit \u00eatre utilis\u00e9 pendant une p\u00e9riode minimale de 90 jours cons\u00e9cutifs et jusqu\u2019au sevrage du poulain.<\/p>\n<p><strong>Mesurette:<\/strong><\/p>\n<p>rase: 31 g<br \/>\npleine: 39 g<\/p>\n<p>&nbsp;<\/p>\n<p>Poids net : 5 kg<\/p>\n<p><em>(Chaque organisme \u00e9tant sp\u00e9cifique, il est toujours conseill\u00e9 de tester les nouveaux aliments en les introduisant progressivement dans l\u2019alimentation du cheval pour en \u00e9valuer la tol\u00e9rance).<\/em><\/p>\n<p><em><strong>Nous proc\u00e9dons \u00e0 un examen des \u00e9tiquettes. Si vous souhaitez recevoir l&#8217;\u00e9tiquette avant la vente, nous vous demandons de nous envoyer un e-mail \u00e0 l&#8217;adresse suivante : info@lineaunika.it . Nous nous excusons pour la g\u00eane occasionn\u00e9e.<\/strong><\/em><\/p>\n","protected":false},"excerpt":{"rendered":"<p>\u2714\ufe0f Tasse \u00e0 mesurer pratique \u00e0 l&#8217;int\u00e9rieur de l&#8217;emballage<br \/>\n\u2714\ufe0f Id\u00e9al pour les juments et poulains<br \/>\n\u2714\ufe0f \u00c9tudi\u00e9 pour apporter du calcium et du phosphore dans l&#8217;alimentation du cheval<\/p>\n","protected":false},"featured_media":25658,"template":"","meta":{"_acf_changed":false,"_joinchat":[]},"product_brand":[],"product_cat":[444],"product_tag":[678,520,504],"class_list":{"0":"post-7812","1":"product","2":"type-product","3":"status-publish","4":"has-post-thumbnail","6":"product_cat-aliments-et-vitamines","7":"product_tag-articulations","8":"product_tag-elevage-de-chevaux","9":"product_tag-juments-et-poulains","11":"first","12":"instock","13":"taxable","14":"shipping-taxable","15":"purchasable","16":"product-type-simple"},"acf":[],"_links":{"self":[{"href":"https:\/\/unika.sitointest.it\/fr\/wp-json\/wp\/v2\/product\/7812","targetHints":{"allow":["GET"]}}],"collection":[{"href":"https:\/\/unika.sitointest.it\/fr\/wp-json\/wp\/v2\/product"}],"about":[{"href":"https:\/\/unika.sitointest.it\/fr\/wp-json\/wp\/v2\/types\/product"}],"version-history":[{"count":5,"href":"https:\/\/unika.sitointest.it\/fr\/wp-json\/wp\/v2\/product\/7812\/revisions"}],"predecessor-version":[{"id":27862,"href":"https:\/\/unika.sitointest.it\/fr\/wp-json\/wp\/v2\/product\/7812\/revisions\/27862"}],"wp:featuredmedia":[{"embeddable":true,"href":"https:\/\/unika.sitointest.it\/fr\/wp-json\/wp\/v2\/media\/25658"}],"wp:attachment":[{"href":"https:\/\/unika.sitointest.it\/fr\/wp-json\/wp\/v2\/media?parent=7812"}],"wp:term":[{"taxonomy":"product_brand","embeddable":true,"href":"https:\/\/unika.sitointest.it\/fr\/wp-json\/wp\/v2\/product_brand?post=7812"},{"taxonomy":"product_cat","embeddable":true,"href":"https:\/\/unika.sitointest.it\/fr\/wp-json\/wp\/v2\/product_cat?post=7812"},{"taxonomy":"product_tag","embeddable":true,"href":"https:\/\/unika.sitointest.it\/fr\/wp-json\/wp\/v2\/product_tag?post=7812"}],"curies":[{"name":"wp","href":"https:\/\/api.w.org\/{rel}","templated":true}]}}