{"id":7795,"date":"2022-10-28T14:02:30","date_gmt":"2022-10-28T13:02:30","guid":{"rendered":"https:\/\/lineaunika.jumpgroup.it\/shop\/non%20class\u00e9\/glutamix\/"},"modified":"2026-02-16T18:08:59","modified_gmt":"2026-02-16T17:08:59","slug":"glutamix","status":"publish","type":"product","link":"https:\/\/unika.sitointest.it\/fr\/shop\/aliments-et-vitamines\/glutamix\/","title":{"rendered":"Glutamix"},"content":{"rendered":"<h4>Complement alimentaire pour chevaux<\/h4>\n<p>Glutamix est un compl\u00e9ment alimentaire visant au maintien, du point de vue nutritionnel, de la qualit\u00e9 du sperme de l\u2019\u00e9talon.<\/p>\n<h4>Quand l\u2019utiliser<\/h4>\n<p>Glutamix est un compl\u00e9ment alimentaire qui peut \u00eatre utilis\u00e9 :<\/p>\n<p>Chez les \u00e9talons pr\u00eats pour la reproduction<br \/>\nChez les \u00e9talons qui doivent maintenir le bien-\u00eatre physiologique du liquide s\u00e9minal<\/p>\n<h4>Mode d\u2019emploi<\/h4>\n<p>Utiliser 50 g de Glutamix par jour, bien m\u00e9lang\u00e9s \u00e0 la ration quotidienne de 55 \u00e0 60 jours (recommand\u00e9).<\/p>\n<p><strong>Misurette:<\/strong><br \/>\n\u2013 rase : 18 g<br \/>\n\u2013 pleine : 22 g<\/p>\n<p>&nbsp;<\/p>\n<p>Poids net : 1 kg<\/p>\n<p><em>(Chaque organisme \u00e9tant sp\u00e9cifique, il est toujours conseill\u00e9 de tester les nouveaux aliments en les introduisant progressivement dans l\u2019alimentation du cheval pour en \u00e9valuer la tol\u00e9rance).<\/em><\/p>\n<p><em><strong>Nous proc\u00e9dons \u00e0 un examen des \u00e9tiquettes. Si vous souhaitez recevoir l&#8217;\u00e9tiquette avant la vente, nous vous demandons de nous envoyer un e-mail \u00e0 l&#8217;adresse suivante : info@lineaunika.it . Nous nous excusons pour la g\u00eane occasionn\u00e9e.<\/strong><\/em><\/p>\n","protected":false},"excerpt":{"rendered":"<p>\u2714\ufe0f Id\u00e9al pour soutenir la pr\u00e9paration et la reproduction de l&#8217;\u0153strus<br \/>\n\u2714\ufe0f Tasse \u00e0 mesurer pratique \u00e0 l&#8217;int\u00e9rieur de l&#8217;emballage<br \/>\n\u2714\ufe0f Id\u00e9al pour maintenir une bonne qualit\u00e9 de sperme<\/p>\n","protected":false},"featured_media":21439,"template":"","meta":{"_acf_changed":false,"_joinchat":[]},"product_brand":[],"product_cat":[444],"product_tag":[520,516],"class_list":{"0":"post-7795","1":"product","2":"type-product","3":"status-publish","4":"has-post-thumbnail","6":"product_cat-aliments-et-vitamines","7":"product_tag-elevage-de-chevaux","8":"product_tag-etalon","10":"first","11":"instock","12":"taxable","13":"shipping-taxable","14":"purchasable","15":"product-type-simple"},"acf":[],"_links":{"self":[{"href":"https:\/\/unika.sitointest.it\/fr\/wp-json\/wp\/v2\/product\/7795","targetHints":{"allow":["GET"]}}],"collection":[{"href":"https:\/\/unika.sitointest.it\/fr\/wp-json\/wp\/v2\/product"}],"about":[{"href":"https:\/\/unika.sitointest.it\/fr\/wp-json\/wp\/v2\/types\/product"}],"version-history":[{"count":5,"href":"https:\/\/unika.sitointest.it\/fr\/wp-json\/wp\/v2\/product\/7795\/revisions"}],"predecessor-version":[{"id":27880,"href":"https:\/\/unika.sitointest.it\/fr\/wp-json\/wp\/v2\/product\/7795\/revisions\/27880"}],"wp:featuredmedia":[{"embeddable":true,"href":"https:\/\/unika.sitointest.it\/fr\/wp-json\/wp\/v2\/media\/21439"}],"wp:attachment":[{"href":"https:\/\/unika.sitointest.it\/fr\/wp-json\/wp\/v2\/media?parent=7795"}],"wp:term":[{"taxonomy":"product_brand","embeddable":true,"href":"https:\/\/unika.sitointest.it\/fr\/wp-json\/wp\/v2\/product_brand?post=7795"},{"taxonomy":"product_cat","embeddable":true,"href":"https:\/\/unika.sitointest.it\/fr\/wp-json\/wp\/v2\/product_cat?post=7795"},{"taxonomy":"product_tag","embeddable":true,"href":"https:\/\/unika.sitointest.it\/fr\/wp-json\/wp\/v2\/product_tag?post=7795"}],"curies":[{"name":"wp","href":"https:\/\/api.w.org\/{rel}","templated":true}]}}