{"id":7763,"date":"2022-10-28T13:34:03","date_gmt":"2022-10-28T12:34:03","guid":{"rendered":"https:\/\/lineaunika.jumpgroup.it\/shop\/non%20class\u00e9\/redulact\/"},"modified":"2023-06-20T13:56:30","modified_gmt":"2023-06-20T13:56:30","slug":"redulact","status":"publish","type":"product","link":"https:\/\/unika.sitointest.it\/fr\/shop\/aliments-et-vitamines\/redulact\/","title":{"rendered":"Redulact"},"content":{"rendered":"<h4>Compl\u00e9ment alimentaire pour chevaux destin\u00e9 \u00e0 des fins nutritionnelles particuli\u00e8res \u2013 Participe \u00e0 la pr\u00e9paration \u00e0 l\u2019activit\u00e9 sportive et \u00e0 la r\u00e9cup\u00e9ration successive<\/h4>\n<p>Redulact est un compl\u00e9ment alimentaire pour chevaux avec des objectifs nutritionnels sp\u00e9ciaux permettant de l\u2019aider \u00e0 se pr\u00e9parer \u00e0 l\u2019activit\u00e9 sportive et \u00e0 la r\u00e9cup\u00e9ration successive. Redulact se pr\u00e9sente sous forme de sachets individuels pratiques, id\u00e9aux pour les jours de course. Redulact est n\u00e9 du besoin de nos cavaliers de haut niveau de r\u00e9pondre aux besoins de leurs chevaux les jours de comp\u00e9tition.<\/p>\n<h4>Quand l\u2019utiliser<\/h4>\n<p>Redulact est un compl\u00e9ment alimentaire qui peut \u00eatre utilis\u00e9 :<\/p>\n<p>&#8211; Les jours de course et les jours pr\u00e9c\u00e9dant une course importante<br \/>\n&#8211; Pour apporter \u00e0 l\u2019alimentation du cheval athl\u00e8te tous les \u00e9l\u00e9ments n\u00e9cessaires \u00e0 la comp\u00e9tition.<\/p>\n<h4>Mode d\u2019emploi<\/h4>\n<p>Redulact est un sachet de 220 g en portion individuelle. M\u00e9langer Redulact directement dans la mangeoire avec la ration quotidienne.<\/p>\n<p><strong>Chaque sachet apporte :<\/strong> 7 g de L-Carnitine, 6 000 mg de vitamine E, 16 000 mg de sodium, 1 600 mg de potassium, 900 mg de magn\u00e9sium et 880 mg de calcium.<\/p>\n<p><strong>P\u00e9riode d\u2019utilisation recommand\u00e9e :<\/strong> jusqu\u2019\u00e0 huit semaines avant l\u2019activit\u00e9 sportive et jusqu\u2019\u00e0 quatre semaines apr\u00e8s l\u2019activit\u00e9 sportive.<\/p>\n<p><em>(Chaque organisme \u00e9tant sp\u00e9cifique, il est toujours conseill\u00e9 de tester les nouveaux aliments en les introduisant progressivement dans l\u2019alimentation du cheval pour en \u00e9valuer la tol\u00e9rance).<\/em><\/p>\n<p><em><strong>Nous proc\u00e9dons \u00e0 un examen des \u00e9tiquettes. Si vous souhaitez recevoir l&#8217;\u00e9tiquette avant la vente, nous vous demandons de nous envoyer un e-mail \u00e0 l&#8217;adresse suivante : info@lineaunika.it . Nous nous excusons pour la g\u00eane occasionn\u00e9e.<\/strong><\/em><\/p>\n","protected":false},"excerpt":{"rendered":"<p>\u2714\ufe0f Simple \u00e0 utiliser : 1 sachet par jour<br \/>\n\u2714\ufe0f Id\u00e9al pour les chevaux de comp\u00e9tition<br \/>\n\u2714\ufe0f Id\u00e9al pour la pr\u00e9paration \u00e0 l&#8217;activit\u00e9 sportive et pour la r\u00e9cup\u00e9ration ult\u00e9rieure<\/p>\n","protected":false},"featured_media":21528,"template":"","meta":{"_acf_changed":false,"_joinchat":[]},"product_brand":[],"product_cat":[444],"product_tag":[496,476,468,464,472,484,488,460],"class_list":{"0":"post-7763","1":"product","2":"type-product","3":"status-publish","4":"has-post-thumbnail","6":"product_cat-aliments-et-vitamines","7":"product_tag-acide-lactique","8":"product_tag-cheval-de-course","9":"product_tag-dressage-fr","10":"product_tag-endurance-fr","11":"product_tag-equitation-western","12":"product_tag-muscles-fr","13":"product_tag-pas-de-dopage","14":"product_tag-saut-dobstacles","16":"first","17":"instock","18":"taxable","19":"shipping-taxable","20":"purchasable","21":"product-type-simple"},"acf":[],"_links":{"self":[{"href":"https:\/\/unika.sitointest.it\/fr\/wp-json\/wp\/v2\/product\/7763","targetHints":{"allow":["GET"]}}],"collection":[{"href":"https:\/\/unika.sitointest.it\/fr\/wp-json\/wp\/v2\/product"}],"about":[{"href":"https:\/\/unika.sitointest.it\/fr\/wp-json\/wp\/v2\/types\/product"}],"version-history":[{"count":3,"href":"https:\/\/unika.sitointest.it\/fr\/wp-json\/wp\/v2\/product\/7763\/revisions"}],"predecessor-version":[{"id":7767,"href":"https:\/\/unika.sitointest.it\/fr\/wp-json\/wp\/v2\/product\/7763\/revisions\/7767"}],"wp:featuredmedia":[{"embeddable":true,"href":"https:\/\/unika.sitointest.it\/fr\/wp-json\/wp\/v2\/media\/21528"}],"wp:attachment":[{"href":"https:\/\/unika.sitointest.it\/fr\/wp-json\/wp\/v2\/media?parent=7763"}],"wp:term":[{"taxonomy":"product_brand","embeddable":true,"href":"https:\/\/unika.sitointest.it\/fr\/wp-json\/wp\/v2\/product_brand?post=7763"},{"taxonomy":"product_cat","embeddable":true,"href":"https:\/\/unika.sitointest.it\/fr\/wp-json\/wp\/v2\/product_cat?post=7763"},{"taxonomy":"product_tag","embeddable":true,"href":"https:\/\/unika.sitointest.it\/fr\/wp-json\/wp\/v2\/product_tag?post=7763"}],"curies":[{"name":"wp","href":"https:\/\/api.w.org\/{rel}","templated":true}]}}