{"id":7743,"date":"2022-10-28T13:22:07","date_gmt":"2022-10-28T12:22:07","guid":{"rendered":"https:\/\/lineaunika.jumpgroup.it\/shop\/non%20class\u00e9\/r-aminoacid\/"},"modified":"2026-02-16T18:09:16","modified_gmt":"2026-02-16T17:09:16","slug":"r-aminoacid","status":"publish","type":"product","link":"https:\/\/unika.sitointest.it\/fr\/shop\/aliments-et-vitamines\/r-aminoacid\/","title":{"rendered":"R-Aminoacid"},"content":{"rendered":"<h4>Compl\u00e9ment alimentaire pour chevaux<\/h4>\n<p>R-Aminoacid est un compl\u00e9ment alimentaire qui apporte des acides amin\u00e9s \u00e0 cha\u00eene ramifi\u00e9e et des sources de prot\u00e9ines nobles dans le r\u00e9gime alimentaire du cheval et aide au maintien de la masse musculaire. R-Aminoacid contient des acides amin\u00e9s \u00e0 cha\u00eene ramifi\u00e9e comme la L-valine, la L-isoleucine et la L-leucine et des acides amin\u00e9s carentiels comme la L-lysine, la L-thr\u00e9onine, la DL-m\u00e9thionine.<\/p>\n<h4>Quand l&#8217;utiliser<\/h4>\n<p>R-aminoacid est un compl\u00e9ment alimentaire qui peut \u00eatre utilis\u00e9 :<\/p>\n<p>&#8211; Pour entretenir la masse musculaire<br \/>\n&#8211; Pour augmenter la part de prot\u00e9ines dans l&#8217;alimentation du cheval<br \/>\n&#8211; Pour apporter au cheval des acides amin\u00e9s carentiels<\/p>\n<h4>Mode d&#8217;emploi<\/h4>\n<p>Pour les chevaux de saut d&#8217;obstacles, de dressage et de concours d&#8217;\u00e9quitation complet : utiliser 80 g de R-Aminoacid par jour, bien m\u00e9lang\u00e9s \u00e0 la ration quotidienne.<br \/>\nPour les chevaux arabes et les Quarter horses : utiliser 50 g de R-Aminoacid par jour, bien m\u00e9lang\u00e9s \u00e0 la ration quotidienne.<br \/>\nPour les poneys : utiliser 40 g de R-Aminoacid par jour, bien m\u00e9lang\u00e9s \u00e0 la ration quotidienne.<\/p>\n<p><strong>Misurette :<\/strong><br \/>\nrase : 20 g<br \/>\npleine : 26 g<\/p>\n<p><em>(Chaque organisme \u00e9tant sp\u00e9cifique, il est toujours conseill\u00e9 de tester les nouveaux aliments en les introduisant progressivement dans l&#8217;alimentation du cheval pour en \u00e9valuer la tol\u00e9rance).<\/em><\/p>\n<p><em><strong>Nous proc\u00e9dons \u00e0 un examen des \u00e9tiquettes. Si vous souhaitez recevoir l&#8217;\u00e9tiquette avant la vente, nous vous demandons de nous envoyer un e-mail \u00e0 l&#8217;adresse suivante : info@lineaunika.it . Nous nous excusons pour la g\u00eane occasionn\u00e9e.<\/strong><\/em><\/p>\n","protected":false},"excerpt":{"rendered":"<p>\u2714\ufe0f Id\u00e9al pour ajouter des acides amin\u00e9s et des sources de prot\u00e9ines nobles \u00e0 l&#8217;alimentation du cheval<br \/>\n\u2714\ufe0f Tasse \u00e0 mesurer pratique \u00e0 l&#8217;int\u00e9rieur de l&#8217;emballage<br \/>\n\u2714\ufe0f Id\u00e9al pour soutenir le d\u00e9veloppement naturel de la masse musculaire<\/p>\n","protected":false},"featured_media":21520,"template":"","meta":{"_acf_changed":false,"_joinchat":[]},"product_brand":[],"product_cat":[444],"product_tag":[484,488],"class_list":{"0":"post-7743","1":"product","2":"type-product","3":"status-publish","4":"has-post-thumbnail","6":"product_cat-aliments-et-vitamines","7":"product_tag-muscles-fr","8":"product_tag-pas-de-dopage","10":"first","11":"instock","12":"taxable","13":"shipping-taxable","14":"purchasable","15":"product-type-variable"},"acf":[],"_links":{"self":[{"href":"https:\/\/unika.sitointest.it\/fr\/wp-json\/wp\/v2\/product\/7743","targetHints":{"allow":["GET"]}}],"collection":[{"href":"https:\/\/unika.sitointest.it\/fr\/wp-json\/wp\/v2\/product"}],"about":[{"href":"https:\/\/unika.sitointest.it\/fr\/wp-json\/wp\/v2\/types\/product"}],"version-history":[{"count":5,"href":"https:\/\/unika.sitointest.it\/fr\/wp-json\/wp\/v2\/product\/7743\/revisions"}],"predecessor-version":[{"id":15951,"href":"https:\/\/unika.sitointest.it\/fr\/wp-json\/wp\/v2\/product\/7743\/revisions\/15951"}],"wp:featuredmedia":[{"embeddable":true,"href":"https:\/\/unika.sitointest.it\/fr\/wp-json\/wp\/v2\/media\/21520"}],"wp:attachment":[{"href":"https:\/\/unika.sitointest.it\/fr\/wp-json\/wp\/v2\/media?parent=7743"}],"wp:term":[{"taxonomy":"product_brand","embeddable":true,"href":"https:\/\/unika.sitointest.it\/fr\/wp-json\/wp\/v2\/product_brand?post=7743"},{"taxonomy":"product_cat","embeddable":true,"href":"https:\/\/unika.sitointest.it\/fr\/wp-json\/wp\/v2\/product_cat?post=7743"},{"taxonomy":"product_tag","embeddable":true,"href":"https:\/\/unika.sitointest.it\/fr\/wp-json\/wp\/v2\/product_tag?post=7743"}],"curies":[{"name":"wp","href":"https:\/\/api.w.org\/{rel}","templated":true}]}}