{"id":7710,"date":"2022-10-28T12:51:41","date_gmt":"2022-10-28T11:51:41","guid":{"rendered":"https:\/\/lineaunika.jumpgroup.it\/shop\/non%20class\u00e9\/neutra-liquid\/"},"modified":"2026-02-16T18:09:09","modified_gmt":"2026-02-16T17:09:09","slug":"neutra-liquid","status":"publish","type":"product","link":"https:\/\/unika.sitointest.it\/fr\/shop\/aliments-et-vitamines\/neutra-liquid\/","title":{"rendered":"Neutra Liquid"},"content":{"rendered":"<h4>Compl\u00e9ment alimentaire pour chevaux<\/h4>\n<p>Neutra Liquid est un compl\u00e9ment alimentaire sous forme liquide \u00e0 base d\u2019\u00e9l\u00e9ments qui \u00e9quilibrent le pH dans l\u2019organisme.<\/p>\n<h4>Quand l\u2019utiliser<\/h4>\n<p>Neutra Liquid est un compl\u00e9ment alimentaire destin\u00e9 aux chevaux sportifs n\u00e9cessitant de maintenir leurs muscles en parfaite forme, m\u00eame apr\u00e8s un effort intense. Neutra Liquid est id\u00e9al comme compl\u00e9ment alimentaire \u00e0 utiliser tous les jours, m\u00eame les jours de course. Son format liquide l\u00e9g\u00e8rement \u00e9pais permet de le m\u00e9langer parfaitement \u00e0 la ration quotidienne. Il est particuli\u00e8rement adapt\u00e9 dans les r\u00e9gimes \u00e0 base de c\u00e9r\u00e9ales, o\u00f9 il est n\u00e9cessaire de neutraliser l\u2019acidit\u00e9 intestinale excessive due aux grandes quantit\u00e9s d\u2019amidon que le cheval doit dig\u00e9rer. Les di\u00e8tes \u00e0 forts apports de c\u00e9r\u00e9ales en flocons devraient toujours \u00eatre compens\u00e9es par un compl\u00e9ment alimentaire comme Neutra Liquid.<\/p>\n<h4>Propri\u00e9t\u00e9s de ses \u00e9l\u00e9ments<\/h4>\n<p>Neutra Liquid consiste en un m\u00e9lange de citrate de sodium enrichi d\u2019importantes vitamines du groupe B et de b\u00e9ta\u00efne (trim\u00e9thylglycine). La trim\u00e9thylglycine contribue \u00e0 l\u2019\u00e9limination de l\u2019acide lactique dans les muscles, et favorise sa conversion en \u00e9nergie rapidement disponible pour les muscles (26).<\/p>\n<h4>Mode d\u2019emploi<\/h4>\n<p>Utiliser 50-60 ml de Neutra Liquid par jour, bien m\u00e9lang\u00e9s \u00e0 la ration quotidienne. La quantit\u00e9 correspond \u00e0 une petite tasse \u00e0 caf\u00e9. Neutra Liquid est un produit qui doit \u00eatre int\u00e9gr\u00e9 \u00e0 l\u2019alimentation du cheval athl\u00e8te de fa\u00e7on r\u00e9p\u00e9t\u00e9e, tout au long de la p\u00e9riode de pr\u00e9paration \u00e0 la comp\u00e9tition. Les jours de comp\u00e9tition, il est recommand\u00e9 de doubler la quantit\u00e9 quotidienne de Neutra Liquid si les seringues de Lactic Control ne sont pas utilis\u00e9es concomitamment.<\/p>\n<p><em>(Chaque organisme \u00e9tant sp\u00e9cifique, il est toujours conseill\u00e9 de tester les nouveaux aliments en les introduisant progressivement dans l\u2019alimentation du cheval pour en \u00e9valuer la tol\u00e9rance).<\/em><\/p>\n<p><em><strong>Nous proc\u00e9dons \u00e0 un examen des \u00e9tiquettes. Si vous souhaitez recevoir l&#8217;\u00e9tiquette avant la vente, nous vous demandons de nous envoyer un e-mail \u00e0 l&#8217;adresse suivante : info@lineaunika.it . Nous nous excusons pour la g\u00eane occasionn\u00e9e.<\/strong><\/em><\/p>\n","protected":false},"excerpt":{"rendered":"<p>\u2714\ufe0f Produit liquide pour les chevaux qui n&#8217;aiment pas les poudres<br \/>\n\u2714\ufe0f Id\u00e9al pour toutes les disciplines<br \/>\n\u2714\ufe0f Enrichi en \u00e9l\u00e9ments utiles dans la gestion de l&#8217;acide lactique<\/p>\n","protected":false},"featured_media":25682,"template":"","meta":{"_acf_changed":false,"_joinchat":[]},"product_brand":[],"product_cat":[444],"product_tag":[496,476,468,464,480,472,484,488,460],"class_list":{"0":"post-7710","1":"product","2":"type-product","3":"status-publish","4":"has-post-thumbnail","6":"product_cat-aliments-et-vitamines","7":"product_tag-acide-lactique","8":"product_tag-cheval-de-course","9":"product_tag-dressage-fr","10":"product_tag-endurance-fr","11":"product_tag-energie","12":"product_tag-equitation-western","13":"product_tag-muscles-fr","14":"product_tag-pas-de-dopage","15":"product_tag-saut-dobstacles","17":"first","18":"instock","19":"taxable","20":"shipping-taxable","21":"purchasable","22":"product-type-variable"},"acf":[],"_links":{"self":[{"href":"https:\/\/unika.sitointest.it\/fr\/wp-json\/wp\/v2\/product\/7710","targetHints":{"allow":["GET"]}}],"collection":[{"href":"https:\/\/unika.sitointest.it\/fr\/wp-json\/wp\/v2\/product"}],"about":[{"href":"https:\/\/unika.sitointest.it\/fr\/wp-json\/wp\/v2\/types\/product"}],"version-history":[{"count":3,"href":"https:\/\/unika.sitointest.it\/fr\/wp-json\/wp\/v2\/product\/7710\/revisions"}],"predecessor-version":[{"id":15955,"href":"https:\/\/unika.sitointest.it\/fr\/wp-json\/wp\/v2\/product\/7710\/revisions\/15955"}],"wp:featuredmedia":[{"embeddable":true,"href":"https:\/\/unika.sitointest.it\/fr\/wp-json\/wp\/v2\/media\/25682"}],"wp:attachment":[{"href":"https:\/\/unika.sitointest.it\/fr\/wp-json\/wp\/v2\/media?parent=7710"}],"wp:term":[{"taxonomy":"product_brand","embeddable":true,"href":"https:\/\/unika.sitointest.it\/fr\/wp-json\/wp\/v2\/product_brand?post=7710"},{"taxonomy":"product_cat","embeddable":true,"href":"https:\/\/unika.sitointest.it\/fr\/wp-json\/wp\/v2\/product_cat?post=7710"},{"taxonomy":"product_tag","embeddable":true,"href":"https:\/\/unika.sitointest.it\/fr\/wp-json\/wp\/v2\/product_tag?post=7710"}],"curies":[{"name":"wp","href":"https:\/\/api.w.org\/{rel}","templated":true}]}}