{"id":7692,"date":"2022-10-28T12:37:21","date_gmt":"2022-10-28T11:37:21","guid":{"rendered":"https:\/\/lineaunika.jumpgroup.it\/shop\/non%20class\u00e9\/maltoenergy\/"},"modified":"2026-02-16T18:09:06","modified_gmt":"2026-02-16T17:09:06","slug":"maltoenergy","status":"publish","type":"product","link":"https:\/\/unika.sitointest.it\/fr\/shop\/aliments-et-vitamines\/maltoenergy\/","title":{"rendered":"Maltoenergy"},"content":{"rendered":"<h4>Compl\u00e9ment alimentaire pour chevaux<\/h4>\n<p>Maltoenergy est un compl\u00e9ment alimentaire en forme de seringue en gel-p\u00e2te procurant un apport en \u00e9nergie au cheval durant la comp\u00e9tition. Maltoenergy est compos\u00e9 de maltodextrine et de vitamine C, \u00e9l\u00e9ments importants pour les chevaux qui ont besoin d\u2019\u00e9nergie pour r\u00e9pondre \u00e0 un effort (entra\u00eenement, comp\u00e9tition, randonn\u00e9e, etc.).<\/p>\n<h4>Quand l\u2019utiliser<\/h4>\n<p>Maltoenergy est un compl\u00e9ment alimentaire pr\u00eat \u00e0 l\u2019emploi, id\u00e9al pour procurer un apport \u00e9nerg\u00e9tique au cheval avant la comp\u00e9tition.<\/p>\n<h4>Propri\u00e9t\u00e9s de ses \u00e9l\u00e9ments<\/h4>\n<p>Les maltodextrines sont des glucides pouvant fournir de l\u2019\u00e9nergie \u00e0 l\u2019organisme en un laps de temps tr\u00e8s court. En effet, il s\u2019agit de sucres qui ne n\u00e9cessitent pas d\u2019\u00eatre dig\u00e9r\u00e9s par le syst\u00e8me gastro-intestinal, mais qui entrent directement dans la circulation sanguine.<\/p>\n<h4>Mode d\u2019emploi<\/h4>\n<p>Utiliser une seringue de Maltoenergy 1 heure avant la comp\u00e9tition.<br \/>\n&#8211; Pour les chevaux de saut d\u2019obstacles : Maltoenergy peut \u00eatre utilis\u00e9 avant la comp\u00e9tition (1 heure avant), mais aussi entre la premi\u00e8re manche et le barrage.<br \/>\n&#8211; Pour les chevaux d\u2019endurance : Maltoenergy peut \u00eatre utilis\u00e9 avant la course (1 heure avant) et pendant les arr\u00eats aux contr\u00f4les v\u00e9t\u00e9rinaires.<\/p>\n<p>&nbsp;<\/p>\n<p>Poids net : 120 g<\/p>\n<p><em>(Chaque organisme \u00e9tant sp\u00e9cifique, il est toujours conseill\u00e9 de tester les nouveaux aliments en les introduisant progressivement dans l\u2019alimentation du cheval pour en \u00e9valuer la tol\u00e9rance).<\/em><\/p>\n<p><em><strong>Nous proc\u00e9dons \u00e0 un examen des \u00e9tiquettes. Si vous souhaitez recevoir l&#8217;\u00e9tiquette avant la vente, nous vous demandons de nous envoyer un e-mail \u00e0 l&#8217;adresse suivante : info@lineaunika.it . Nous nous excusons pour la g\u00eane occasionn\u00e9e.<\/strong><\/em><\/p>\n","protected":false},"excerpt":{"rendered":"<p>\u2714\ufe0f Seringue monodose pr\u00eate \u00e0 l&#8217;emploi<br \/>\n\u2714\ufe0f Convient \u00e0 toutes les disciplines<br \/>\n\u2714\ufe0f De l&#8217;\u00e9nergie en peu de temps<\/p>\n","protected":false},"featured_media":21600,"template":"","meta":{"_acf_changed":false,"_joinchat":[]},"product_brand":[],"product_cat":[444],"product_tag":[464,480,472,484,488,460],"class_list":{"0":"post-7692","1":"product","2":"type-product","3":"status-publish","4":"has-post-thumbnail","6":"product_cat-aliments-et-vitamines","7":"product_tag-endurance-fr","8":"product_tag-energie","9":"product_tag-equitation-western","10":"product_tag-muscles-fr","11":"product_tag-pas-de-dopage","12":"product_tag-saut-dobstacles","14":"first","15":"instock","16":"taxable","17":"shipping-taxable","18":"purchasable","19":"product-type-simple"},"acf":[],"_links":{"self":[{"href":"https:\/\/unika.sitointest.it\/fr\/wp-json\/wp\/v2\/product\/7692","targetHints":{"allow":["GET"]}}],"collection":[{"href":"https:\/\/unika.sitointest.it\/fr\/wp-json\/wp\/v2\/product"}],"about":[{"href":"https:\/\/unika.sitointest.it\/fr\/wp-json\/wp\/v2\/types\/product"}],"version-history":[{"count":4,"href":"https:\/\/unika.sitointest.it\/fr\/wp-json\/wp\/v2\/product\/7692\/revisions"}],"predecessor-version":[{"id":27886,"href":"https:\/\/unika.sitointest.it\/fr\/wp-json\/wp\/v2\/product\/7692\/revisions\/27886"}],"wp:featuredmedia":[{"embeddable":true,"href":"https:\/\/unika.sitointest.it\/fr\/wp-json\/wp\/v2\/media\/21600"}],"wp:attachment":[{"href":"https:\/\/unika.sitointest.it\/fr\/wp-json\/wp\/v2\/media?parent=7692"}],"wp:term":[{"taxonomy":"product_brand","embeddable":true,"href":"https:\/\/unika.sitointest.it\/fr\/wp-json\/wp\/v2\/product_brand?post=7692"},{"taxonomy":"product_cat","embeddable":true,"href":"https:\/\/unika.sitointest.it\/fr\/wp-json\/wp\/v2\/product_cat?post=7692"},{"taxonomy":"product_tag","embeddable":true,"href":"https:\/\/unika.sitointest.it\/fr\/wp-json\/wp\/v2\/product_tag?post=7692"}],"curies":[{"name":"wp","href":"https:\/\/api.w.org\/{rel}","templated":true}]}}