{"id":7673,"date":"2022-10-28T12:23:05","date_gmt":"2022-10-28T11:23:05","guid":{"rendered":"https:\/\/lineaunika.jumpgroup.it\/shop\/non%20class\u00e9\/lactic-control\/"},"modified":"2026-02-16T18:09:05","modified_gmt":"2026-02-16T17:09:05","slug":"lactic-control","status":"publish","type":"product","link":"https:\/\/unika.sitointest.it\/fr\/shop\/aliments-et-vitamines\/lactic-control\/","title":{"rendered":"Lactic Control"},"content":{"rendered":"<h4>Compl\u00e9ment alimentaire pour chevaux<\/h4>\n<p>Lactic Control est un compl\u00e9ment alimentaire en forme de seringue en gel-p\u00e2te utile pour maintenir les muscles en parfaite forme apr\u00e8s la comp\u00e9tition.<\/p>\n<h4>Quand l\u2019utiliser<\/h4>\n<p>Lactic Control est un compl\u00e9ment alimentaire id\u00e9al pour maintenir les conditions physiologiques des muscles du cheval. Lactic Control est utile les jours de comp\u00e9tition pour maintenir les muscles en parfaite condition, pr\u00eats \u00e0 concourir \u00e9galement les jours suivants. L\u2019acide lactique est l\u2019ennemi num\u00e9ro un des chevaux de sport et maintenir les conditions physiologiques des muscles, est l\u2019un des secrets pour avoir toujours des chevaux performants.<\/p>\n<h4>Propri\u00e9t\u00e9s de ses \u00e9l\u00e9ments<\/h4>\n<p>Lactic Control contient de la L-carnitine et du citrate de sodium, des substances qui aident l\u2019organisme \u00e0 g\u00e9rer l\u2019acide lactique.<\/p>\n<h4>Mode d\u2019emploi<\/h4>\n<p>Utiliser une seringue compl\u00e8te de Lactic Control 3 \u00e0 4 heures avant une comp\u00e9tition. Utiliser une seringue de Lactic Control \u00e9galement apr\u00e8s la fatigue de la comp\u00e9tition si le cheval doit \u00e9galement concourir le jour suivant.<\/p>\n<p>&nbsp;<\/p>\n<p>Poids net : 120 g<\/p>\n<p><em>(Chaque organisme \u00e9tant sp\u00e9cifique, il est toujours conseill\u00e9 de tester les nouveaux aliments en les introduisant progressivement dans l\u2019alimentation du cheval pour en \u00e9valuer la tol\u00e9rance).<\/em><\/p>\n<p><em><strong>Nous proc\u00e9dons \u00e0 un examen des \u00e9tiquettes. Si vous souhaitez recevoir l&#8217;\u00e9tiquette avant la vente, nous vous demandons de nous envoyer un e-mail \u00e0 l&#8217;adresse suivante : info@lineaunika.it . Nous nous excusons pour la g\u00eane occasionn\u00e9e.<\/strong><\/em><\/p>\n","protected":false},"excerpt":{"rendered":"<p>\u2714\ufe0f Seringue monodose pr\u00eate \u00e0 l&#8217;emploi<br \/>\n\u2714\ufe0f Convient \u00e0 toutes les disciplines<br \/>\n\u2714\ufe0f Avec des substances utiles pour la gestion de l&#8217;acide lactique<\/p>\n","protected":false},"featured_media":21596,"template":"","meta":{"_acf_changed":false,"_joinchat":[]},"product_brand":[],"product_cat":[444],"product_tag":[496,476,468,464,472,484,488,460],"class_list":{"0":"post-7673","1":"product","2":"type-product","3":"status-publish","4":"has-post-thumbnail","6":"product_cat-aliments-et-vitamines","7":"product_tag-acide-lactique","8":"product_tag-cheval-de-course","9":"product_tag-dressage-fr","10":"product_tag-endurance-fr","11":"product_tag-equitation-western","12":"product_tag-muscles-fr","13":"product_tag-pas-de-dopage","14":"product_tag-saut-dobstacles","16":"first","17":"instock","18":"taxable","19":"shipping-taxable","20":"purchasable","21":"product-type-simple"},"acf":[],"_links":{"self":[{"href":"https:\/\/unika.sitointest.it\/fr\/wp-json\/wp\/v2\/product\/7673","targetHints":{"allow":["GET"]}}],"collection":[{"href":"https:\/\/unika.sitointest.it\/fr\/wp-json\/wp\/v2\/product"}],"about":[{"href":"https:\/\/unika.sitointest.it\/fr\/wp-json\/wp\/v2\/types\/product"}],"version-history":[{"count":6,"href":"https:\/\/unika.sitointest.it\/fr\/wp-json\/wp\/v2\/product\/7673\/revisions"}],"predecessor-version":[{"id":27885,"href":"https:\/\/unika.sitointest.it\/fr\/wp-json\/wp\/v2\/product\/7673\/revisions\/27885"}],"wp:featuredmedia":[{"embeddable":true,"href":"https:\/\/unika.sitointest.it\/fr\/wp-json\/wp\/v2\/media\/21596"}],"wp:attachment":[{"href":"https:\/\/unika.sitointest.it\/fr\/wp-json\/wp\/v2\/media?parent=7673"}],"wp:term":[{"taxonomy":"product_brand","embeddable":true,"href":"https:\/\/unika.sitointest.it\/fr\/wp-json\/wp\/v2\/product_brand?post=7673"},{"taxonomy":"product_cat","embeddable":true,"href":"https:\/\/unika.sitointest.it\/fr\/wp-json\/wp\/v2\/product_cat?post=7673"},{"taxonomy":"product_tag","embeddable":true,"href":"https:\/\/unika.sitointest.it\/fr\/wp-json\/wp\/v2\/product_tag?post=7673"}],"curies":[{"name":"wp","href":"https:\/\/api.w.org\/{rel}","templated":true}]}}