{"id":7504,"date":"2022-10-27T14:25:25","date_gmt":"2022-10-27T13:25:25","guid":{"rendered":"https:\/\/lineaunika.jumpgroup.it\/shop\/non%20class\u00e9\/fortion-200\/"},"modified":"2026-02-16T18:08:55","modified_gmt":"2026-02-16T17:08:55","slug":"fortion-200","status":"publish","type":"product","link":"https:\/\/unika.sitointest.it\/fr\/shop\/aliments-et-vitamines\/fortion-200\/","title":{"rendered":"Fortion 200"},"content":{"rendered":"<h4>Compl\u00e9ment alimentaire pour chevaux destin\u00e9 \u00e0 des fins nutritionnelles particuli\u00e8res \u2013 Participe \u00e0 la pr\u00e9paration de l\u2019activit\u00e9 sportive et \u00e0 la r\u00e9cup\u00e9ration successive<\/h4>\n<p>Fortion 200 est un compl\u00e9ment alimentaire pour chevaux destin\u00e9 \u00e0 des fins nutritionnelles sp\u00e9ciales, \u00e9labor\u00e9 pour aider le cheval dans sa pr\u00e9paration \u00e0 l\u2019activit\u00e9 sportive et \u00e0 la r\u00e9cup\u00e9ration successive. Fortion 200 est un compl\u00e9ment alimentaire id\u00e9al pour l\u2019apport d\u2019acides amin\u00e9s \u00e0 cha\u00eene ramifi\u00e9e, de vitamines, d\u2019oligo-\u00e9l\u00e9ments et de maltodextrine dans l\u2019alimentation de votre champion. Fortion 200 contient 30 sachets \u00e0 dosage unique, pr\u00eats \u00e0 \u00eatre utilis\u00e9s et plac\u00e9s dans la mangeoire sans l\u2019utilisation de la mesurette. Fortion 200 est un compl\u00e9ment alimentaire pratique et rapide \u00e0 utiliser, id\u00e9al pour les comp\u00e9titions.<\/p>\n<h4>Quand l\u2019utiliser<\/h4>\n<p>Fortion 200 est un compl\u00e9ment alimentaire destin\u00e9 \u00e0 des fins nutritionnelles sp\u00e9ciales, pour apporter des \u00e9l\u00e9ments importants \u00e0 la nutrition du cheval de sport. Fortion 200 est recommand\u00e9 aux :<\/p>\n<p>&#8211; chevaux de saut d\u2019obstacles pour la pr\u00e9paration \u00e0 la comp\u00e9tition<br \/>\n&#8211; chevaux d\u2019endurance pour la pr\u00e9paration \u00e0 la comp\u00e9tition<br \/>\n&#8211; chevaux de sport de l\u2019\u00e9cole Monta Western pour la pr\u00e9paration \u00e0 la comp\u00e9tition<br \/>\n&#8211; chevaux de dressage pour l\u2019entra\u00eenement athl\u00e9tique<br \/>\n&#8211; chevaux participant \u00e0 un concours complet d\u2019\u00e9quitation pour l\u2019entra\u00eenement athl\u00e9tique<\/p>\n<h4>Propri\u00e9t\u00e9s de ses \u00e9l\u00e9ments<\/h4>\n<p>Fortion 200 apporte une juste quantit\u00e9 de vitamine E et de s\u00e9l\u00e9nium, importants pour la pr\u00e9paration athl\u00e9tique du cheval de comp\u00e9tition. Par rapport \u00e0 Fortion 100, Fortion 200 contient \u00e9galement des acides amin\u00e9s essentiels importants pour l\u2019alimentation quotidienne du cheval de sport. Il inclut \u00e9galement de la vitamine C et de la maltodextrine pour aider l\u2019organisme \u00e0 suivre l\u2019entra\u00eenement athl\u00e9tique.<\/p>\n<h4>Mode d\u2019emploi<\/h4>\n<p>&#8211; Pour les chevaux de saut d\u2019obstacles, de concours complet, de dressage et d\u2019endurance : utiliser un sachet par jour, bien m\u00e9lang\u00e9 \u00e0 la ration quotidienne. Utiliser Fortion 200 \u00e9galement les jours de comp\u00e9tition.<br \/>\n&#8211; Pour les Quarter Horses : Utiliser trois quarts de sachet par jour, bien m\u00e9lang\u00e9 \u00e0 la ration quotidienne. Utiliser Fortion 200 \u00e9galement les jours de comp\u00e9tition.<\/p>\n<p>P\u00e9riode d\u2019utilisation recommand\u00e9e : Jusqu\u2019\u00e0 huit semaines avant l\u2019activit\u00e9 sportive et jusqu\u2019\u00e0 quatre semaines apr\u00e8s l\u2019activit\u00e9 sportive.<\/p>\n<p>&nbsp;<\/p>\n<p>Poids net : 30 sachets x 220 g<\/p>\n<p><em>(Chaque organisme \u00e9tant sp\u00e9cifique, il est toujours conseill\u00e9 de tester les nouveaux aliments en les introduisant progressivement dans l\u2019alimentation du cheval pour en \u00e9valuer la tol\u00e9rance).<\/em><\/p>\n<p><em><strong>Nous proc\u00e9dons \u00e0 un examen des \u00e9tiquettes. Si vous souhaitez recevoir l&#8217;\u00e9tiquette avant la vente, nous vous demandons de nous envoyer un e-mail \u00e0 l&#8217;adresse suivante : info@lineaunika.it . Nous nous excusons pour la g\u00eane occasionn\u00e9e.<\/strong><\/em><\/p>\n","protected":false},"excerpt":{"rendered":"<p>\u2714\ufe0f Particuli\u00e8rement adapt\u00e9 aux chevaux de comp\u00e9tition<br \/>\n\u2714\ufe0f Simple \u00e0 utiliser : 1 sachet par jour<br \/>\n\u2714\ufe0f Avec toutes les substances n\u00e9cessaires \u00e0 l&#8217;entra\u00eenement sportif<\/p>\n","protected":false},"featured_media":31207,"template":"","meta":{"_acf_changed":false,"_joinchat":[]},"product_brand":[],"product_cat":[444],"product_tag":[468,464,480,472,484,488,460],"class_list":{"0":"post-7504","1":"product","2":"type-product","3":"status-publish","4":"has-post-thumbnail","6":"product_cat-aliments-et-vitamines","7":"product_tag-dressage-fr","8":"product_tag-endurance-fr","9":"product_tag-energie","10":"product_tag-equitation-western","11":"product_tag-muscles-fr","12":"product_tag-pas-de-dopage","13":"product_tag-saut-dobstacles","15":"first","16":"instock","17":"taxable","18":"shipping-taxable","19":"purchasable","20":"product-type-simple"},"acf":[],"_links":{"self":[{"href":"https:\/\/unika.sitointest.it\/fr\/wp-json\/wp\/v2\/product\/7504","targetHints":{"allow":["GET"]}}],"collection":[{"href":"https:\/\/unika.sitointest.it\/fr\/wp-json\/wp\/v2\/product"}],"about":[{"href":"https:\/\/unika.sitointest.it\/fr\/wp-json\/wp\/v2\/types\/product"}],"version-history":[{"count":4,"href":"https:\/\/unika.sitointest.it\/fr\/wp-json\/wp\/v2\/product\/7504\/revisions"}],"predecessor-version":[{"id":27873,"href":"https:\/\/unika.sitointest.it\/fr\/wp-json\/wp\/v2\/product\/7504\/revisions\/27873"}],"wp:featuredmedia":[{"embeddable":true,"href":"https:\/\/unika.sitointest.it\/fr\/wp-json\/wp\/v2\/media\/31207"}],"wp:attachment":[{"href":"https:\/\/unika.sitointest.it\/fr\/wp-json\/wp\/v2\/media?parent=7504"}],"wp:term":[{"taxonomy":"product_brand","embeddable":true,"href":"https:\/\/unika.sitointest.it\/fr\/wp-json\/wp\/v2\/product_brand?post=7504"},{"taxonomy":"product_cat","embeddable":true,"href":"https:\/\/unika.sitointest.it\/fr\/wp-json\/wp\/v2\/product_cat?post=7504"},{"taxonomy":"product_tag","embeddable":true,"href":"https:\/\/unika.sitointest.it\/fr\/wp-json\/wp\/v2\/product_tag?post=7504"}],"curies":[{"name":"wp","href":"https:\/\/api.w.org\/{rel}","templated":true}]}}