{"id":7487,"date":"2022-10-27T14:10:13","date_gmt":"2022-10-27T13:10:13","guid":{"rendered":"https:\/\/lineaunika.jumpgroup.it\/shop\/non%20class\u00e9\/fortion-100\/"},"modified":"2026-02-16T18:08:54","modified_gmt":"2026-02-16T17:08:54","slug":"fortion-100","status":"publish","type":"product","link":"https:\/\/unika.sitointest.it\/fr\/shop\/aliments-et-vitamines\/fortion-100\/","title":{"rendered":"Fortion 100"},"content":{"rendered":"<h4>Compl\u00e9ment alimentaire pour chevaux destin\u00e9 \u00e0 des fins nutritionnelles particuli\u00e8res -Participe \u00e0 la pr\u00e9paration de l\u2019activit\u00e9 sportive et \u00e0 la r\u00e9cup\u00e9ration successive.<\/h4>\n<p>Fortion 100 est un compl\u00e9ment alimentaire pour chevaux destin\u00e9 \u00e0 des fins nutritionnelles sp\u00e9ciales, \u00e9labor\u00e9 pour aider le cheval dans sa pr\u00e9paration \u00e0 l\u2019activit\u00e9 sportive et \u00e0 la r\u00e9cup\u00e9ration successive. Fortion 100 contient 30 sachets \u00e0 dosage unique pr\u00eats \u00e0 \u00eatre utilis\u00e9s et plac\u00e9s dans la mangeoire sans l\u2019utilisation de la mesurette. Fortion 100 est un compl\u00e9ment alimentaire pratique et rapide \u00e0 utiliser, id\u00e9al pour les comp\u00e9titions.<\/p>\n<h4>Quand l\u2019utiliser<\/h4>\n<p>Fortion 100 est un compl\u00e9ment alimentaire destin\u00e9 \u00e0 des fins nutritionnelles sp\u00e9ciales, pour apporter des \u00e9l\u00e9ments importants \u00e0 la nutrition du cheval de sport. Fortion 100 est recommand\u00e9 pour:<\/p>\n<p>&#8211; Pr\u00e9paration physique des chevaux<br \/>\n&#8211; Pr\u00e9paration physique des poneys<br \/>\n&#8211; Pr\u00e9paration physique des chevaux arabes<\/p>\n<h4>Propri\u00e9t\u00e9s de ses \u00e9l\u00e9ments<\/h4>\n<p>Fortion 100 apporte une quantit\u00e9 ad\u00e9quate de vitamine E et de s\u00e9l\u00e9nium, qui sont importants pour la pr\u00e9paration athl\u00e9tique du cheval de comp\u00e9tition. Il inclut \u00e9galement de la vitamine C et de la maltodextrine pour aider l\u2019organisme \u00e0 suivre l\u2019entra\u00eenement athl\u00e9tique.<\/p>\n<h4>Mode d\u2019emploi<\/h4>\n<p>&#8211; Pour les chevaux adultes (arabes et non-arabes) : Utiliser un sachet par jour, bien m\u00e9lang\u00e9 \u00e0 la ration quotidienne. Utiliser Fortion 100 \u00e9galement les jours de course.<br \/>\n&#8211; Pour les poneys : Utiliser un demi-sachet par jour, bien m\u00e9lang\u00e9 \u00e0 la ration quotidienne. Utiliser Fortion 100 \u00e9galement les jours de course.<\/p>\n<p>P\u00e9riode d\u2019utilisation recommand\u00e9e : Jusqu\u2019\u00e0 huit semaines avant l\u2019activit\u00e9 sportive et jusqu\u2019\u00e0 quatre semaines apr\u00e8s l\u2019activit\u00e9 sportive.<\/p>\n<p>&nbsp;<\/p>\n<p>Poids net : 30 sachets x 100 g<\/p>\n<p><em>(Chaque organisme \u00e9tant sp\u00e9cifique, il est toujours conseill\u00e9 de tester les nouveaux aliments en les introduisant progressivement dans l\u2019alimentation du cheval pour en \u00e9valuer la tol\u00e9rance).<\/em><\/p>\n<p><em><strong>Nous proc\u00e9dons \u00e0 un examen des \u00e9tiquettes. Si vous souhaitez recevoir l&#8217;\u00e9tiquette avant la vente, nous vous demandons de nous envoyer un e-mail \u00e0 l&#8217;adresse suivante : info@lineaunika.it . Nous nous excusons pour la g\u00eane occasionn\u00e9e.<\/strong><\/em><\/p>\n","protected":false},"excerpt":{"rendered":"<p>\u2714\ufe0f Particuli\u00e8rement adapt\u00e9 aux chevaux de comp\u00e9tition<br \/>\n\u2714\ufe0f Simple \u00e0 utiliser : 1 sachet par jour<br \/>\n\u2714\ufe0f Avec toutes les substances n\u00e9cessaires \u00e0 l&#8217;entra\u00eenement sportif<\/p>\n","protected":false},"featured_media":21423,"template":"","meta":{"_acf_changed":false,"_joinchat":[]},"product_brand":[],"product_cat":[444],"product_tag":[480,484],"class_list":{"0":"post-7487","1":"product","2":"type-product","3":"status-publish","4":"has-post-thumbnail","6":"product_cat-aliments-et-vitamines","7":"product_tag-energie","8":"product_tag-muscles-fr","10":"first","11":"instock","12":"taxable","13":"shipping-taxable","14":"purchasable","15":"product-type-simple"},"acf":[],"_links":{"self":[{"href":"https:\/\/unika.sitointest.it\/fr\/wp-json\/wp\/v2\/product\/7487","targetHints":{"allow":["GET"]}}],"collection":[{"href":"https:\/\/unika.sitointest.it\/fr\/wp-json\/wp\/v2\/product"}],"about":[{"href":"https:\/\/unika.sitointest.it\/fr\/wp-json\/wp\/v2\/types\/product"}],"version-history":[{"count":4,"href":"https:\/\/unika.sitointest.it\/fr\/wp-json\/wp\/v2\/product\/7487\/revisions"}],"predecessor-version":[{"id":27872,"href":"https:\/\/unika.sitointest.it\/fr\/wp-json\/wp\/v2\/product\/7487\/revisions\/27872"}],"wp:featuredmedia":[{"embeddable":true,"href":"https:\/\/unika.sitointest.it\/fr\/wp-json\/wp\/v2\/media\/21423"}],"wp:attachment":[{"href":"https:\/\/unika.sitointest.it\/fr\/wp-json\/wp\/v2\/media?parent=7487"}],"wp:term":[{"taxonomy":"product_brand","embeddable":true,"href":"https:\/\/unika.sitointest.it\/fr\/wp-json\/wp\/v2\/product_brand?post=7487"},{"taxonomy":"product_cat","embeddable":true,"href":"https:\/\/unika.sitointest.it\/fr\/wp-json\/wp\/v2\/product_cat?post=7487"},{"taxonomy":"product_tag","embeddable":true,"href":"https:\/\/unika.sitointest.it\/fr\/wp-json\/wp\/v2\/product_tag?post=7487"}],"curies":[{"name":"wp","href":"https:\/\/api.w.org\/{rel}","templated":true}]}}