{"id":7467,"date":"2022-10-27T13:42:26","date_gmt":"2022-10-27T12:42:26","guid":{"rendered":"https:\/\/lineaunika.jumpgroup.it\/shop\/non%20class\u00e9\/ener-tmg\/"},"modified":"2025-06-04T13:10:51","modified_gmt":"2025-06-04T12:10:51","slug":"ener-tmg","status":"publish","type":"product","link":"https:\/\/unika.sitointest.it\/fr\/shop\/aliments-et-vitamines\/ener-tmg\/","title":{"rendered":"Ener TMG"},"content":{"rendered":"<h4>Compl\u00e9ment alimentaire pour chevaux<\/h4>\n<p>Ener TMG est un compl\u00e9ment alimentaire pour chevaux sp\u00e9cialement con\u00e7u pour les chevaux de comp\u00e9tition. Il est compos\u00e9 d\u2019\u00e9l\u00e9ments vertueux qui en font un compl\u00e9ment alimentaire id\u00e9al pour supporter et r\u00e9sister aux efforts physiques.<\/p>\n<h4>Quand l\u2019utiliser<\/h4>\n<p>Le compl\u00e9ment alimentaire Ener TMG est conseill\u00e9 aux :<\/p>\n<p>&#8211;\u00a0 Chevaux confront\u00e9s \u00e0 des p\u00e9riodes intenses d\u2019entra\u00eenement et de comp\u00e9titions<br \/>\n&#8211;\u00a0 Chevaux qui ont peu d\u2019\u00e9nergie<\/p>\n<h4>Mode d\u2019emploi<\/h4>\n<p>Utiliser 30 g d\u2019Ener TMG par jour, bien m\u00e9lang\u00e9s \u00e0 la ration quotidienne, pendant un minimum de 20 \u00e0 30 jours.<\/p>\n<p>&nbsp;<\/p>\n<p>Poids net : 1 kg<\/p>\n<p><em>(Chaque organisme \u00e9tant sp\u00e9cifique, il est toujours conseill\u00e9 de tester les nouveaux aliments en les introduisant progressivement dans l\u2019alimentation du cheval pour en \u00e9valuer la tol\u00e9rance).<\/em><\/p>\n<p><em><strong>Nous proc\u00e9dons \u00e0 un examen des \u00e9tiquettes. Si vous souhaitez recevoir l&#8217;\u00e9tiquette avant la vente, nous vous demandons de nous envoyer un e-mail \u00e0 l&#8217;adresse suivante : info@lineaunika.it . Nous nous excusons pour la g\u00eane occasionn\u00e9e.<\/strong><\/em><\/p>\n","protected":false},"excerpt":{"rendered":"<p>\u2714\ufe0f Particuli\u00e8rement adapt\u00e9 aux chevaux de comp\u00e9tition<br \/>\n\u2714\ufe0f Id\u00e9al pour soutenir les efforts physiques<br \/>\n\u2714\ufe0f Tasse \u00e0 mesurer pratique \u00e0 l&#8217;int\u00e9rieur de l&#8217;emballage<\/p>\n","protected":false},"featured_media":21017,"template":"","meta":{"_acf_changed":false,"_joinchat":[]},"product_brand":[],"product_cat":[444],"product_tag":[476,468,464,480,472,484,488,460],"class_list":{"0":"post-7467","1":"product","2":"type-product","3":"status-publish","4":"has-post-thumbnail","6":"product_cat-aliments-et-vitamines","7":"product_tag-cheval-de-course","8":"product_tag-dressage-fr","9":"product_tag-endurance-fr","10":"product_tag-energie","11":"product_tag-equitation-western","12":"product_tag-muscles-fr","13":"product_tag-pas-de-dopage","14":"product_tag-saut-dobstacles","16":"first","17":"outofstock","18":"taxable","19":"shipping-taxable","20":"purchasable","21":"product-type-simple"},"acf":[],"_links":{"self":[{"href":"https:\/\/unika.sitointest.it\/fr\/wp-json\/wp\/v2\/product\/7467","targetHints":{"allow":["GET"]}}],"collection":[{"href":"https:\/\/unika.sitointest.it\/fr\/wp-json\/wp\/v2\/product"}],"about":[{"href":"https:\/\/unika.sitointest.it\/fr\/wp-json\/wp\/v2\/types\/product"}],"version-history":[{"count":6,"href":"https:\/\/unika.sitointest.it\/fr\/wp-json\/wp\/v2\/product\/7467\/revisions"}],"predecessor-version":[{"id":27870,"href":"https:\/\/unika.sitointest.it\/fr\/wp-json\/wp\/v2\/product\/7467\/revisions\/27870"}],"wp:featuredmedia":[{"embeddable":true,"href":"https:\/\/unika.sitointest.it\/fr\/wp-json\/wp\/v2\/media\/21017"}],"wp:attachment":[{"href":"https:\/\/unika.sitointest.it\/fr\/wp-json\/wp\/v2\/media?parent=7467"}],"wp:term":[{"taxonomy":"product_brand","embeddable":true,"href":"https:\/\/unika.sitointest.it\/fr\/wp-json\/wp\/v2\/product_brand?post=7467"},{"taxonomy":"product_cat","embeddable":true,"href":"https:\/\/unika.sitointest.it\/fr\/wp-json\/wp\/v2\/product_cat?post=7467"},{"taxonomy":"product_tag","embeddable":true,"href":"https:\/\/unika.sitointest.it\/fr\/wp-json\/wp\/v2\/product_tag?post=7467"}],"curies":[{"name":"wp","href":"https:\/\/api.w.org\/{rel}","templated":true}]}}