{"id":7449,"date":"2022-10-27T13:29:59","date_gmt":"2022-10-27T12:29:59","guid":{"rendered":"https:\/\/lineaunika.jumpgroup.it\/shop\/non%20class\u00e9\/endurace\/"},"modified":"2026-02-16T18:08:51","modified_gmt":"2026-02-16T17:08:51","slug":"endurace","status":"publish","type":"product","link":"https:\/\/unika.sitointest.it\/fr\/shop\/aliments-et-vitamines\/endurace\/","title":{"rendered":"Endurace"},"content":{"rendered":"<h4>Compl\u00e9ment alimentaire pour chevaux<\/h4>\n<p>Endurace est un compl\u00e9ment alimentaire en forme de seringue pr\u00eat \u00e0 l\u2019emploi, con\u00e7u pour aider le cheval d\u2019endurance pendant les comp\u00e9titions. Endurace fournit un apport d\u2019\u00e9nergie gr\u00e2ce aux acides amin\u00e9s, qui accompagnera le cheval en comp\u00e9tition.<\/p>\n<h4>Quand l\u2019utiliser<\/h4>\n<p>Endurace est tr\u00e8s efficace pour le cheval lors des comp\u00e9titions d\u2019endurance, notamment sur de longues distances. Ce peut \u00eatre un bon alli\u00e9 pour les chevaux qui participent \u00e0 leurs premi\u00e8res courses avec peu de pr\u00e9paration.<\/p>\n<h4>Propri\u00e9t\u00e9s de ses \u00e9l\u00e9ments<\/h4>\n<p>Les acides amin\u00e9s sont transform\u00e9s dans l\u2019organisme en sources d\u2019\u00e9nergie de haute qualit\u00e9 particuli\u00e8rement n\u00e9cessaires pour r\u00e9pondre aux besoins \u00e9nerg\u00e9tiques des comp\u00e9titions de longue distance.<\/p>\n<h4>Mode d\u2019emploi<\/h4>\n<p>Pour les courses d\u2019endurance, utiliser une seringue pleine \u00e0 partir du 30e-60e km et 2 ou 3 seringues suppl\u00e9mentaires pendant la course. Il peut \u00e9galement \u00eatre pris 2 \u00e0 3 heures avant le d\u00e9part et aux contr\u00f4les v\u00e9t\u00e9rinaires successifs, en fonction de la condition \u00e9nerg\u00e9tique du cheval.<\/p>\n<p>&nbsp;<\/p>\n<p>Poids net : 100 g<\/p>\n<p><em>(Chaque organisme \u00e9tant sp\u00e9cifique, il est toujours conseill\u00e9 de tester les nouveaux aliments en les introduisant progressivement dans l\u2019alimentation du cheval pour en \u00e9valuer la tol\u00e9rance).<\/em><\/p>\n<p><em><strong>Nous proc\u00e9dons \u00e0 un examen des \u00e9tiquettes. Si vous souhaitez recevoir l&#8217;\u00e9tiquette avant la vente, nous vous demandons de nous envoyer un e-mail \u00e0 l&#8217;adresse suivante : info@lineaunika.it . Nous nous excusons pour la g\u00eane occasionn\u00e9e.<\/strong><\/em><\/p>\n","protected":false},"excerpt":{"rendered":"<p>\u2714\ufe0f Seringue monodose pr\u00eate \u00e0 l&#8217;emploi<br \/>\n\u2714\ufe0f Id\u00e9al pour les comp\u00e9titions d&#8217;endurance<br \/>\n\u2714\ufe0f Avec des acides amin\u00e9s et des vitamines<\/p>\n","protected":false},"featured_media":21578,"template":"","meta":{"_acf_changed":false,"_joinchat":[]},"product_brand":[],"product_cat":[444],"product_tag":[464,480,492,484,488],"class_list":{"0":"post-7449","1":"product","2":"type-product","3":"status-publish","4":"has-post-thumbnail","6":"product_cat-aliments-et-vitamines","7":"product_tag-endurance-fr","8":"product_tag-energie","9":"product_tag-estomac-et-intestin","10":"product_tag-muscles-fr","11":"product_tag-pas-de-dopage","13":"first","14":"instock","15":"taxable","16":"shipping-taxable","17":"purchasable","18":"product-type-simple"},"acf":[],"_links":{"self":[{"href":"https:\/\/unika.sitointest.it\/fr\/wp-json\/wp\/v2\/product\/7449","targetHints":{"allow":["GET"]}}],"collection":[{"href":"https:\/\/unika.sitointest.it\/fr\/wp-json\/wp\/v2\/product"}],"about":[{"href":"https:\/\/unika.sitointest.it\/fr\/wp-json\/wp\/v2\/types\/product"}],"version-history":[{"count":7,"href":"https:\/\/unika.sitointest.it\/fr\/wp-json\/wp\/v2\/product\/7449\/revisions"}],"predecessor-version":[{"id":28165,"href":"https:\/\/unika.sitointest.it\/fr\/wp-json\/wp\/v2\/product\/7449\/revisions\/28165"}],"wp:featuredmedia":[{"embeddable":true,"href":"https:\/\/unika.sitointest.it\/fr\/wp-json\/wp\/v2\/media\/21578"}],"wp:attachment":[{"href":"https:\/\/unika.sitointest.it\/fr\/wp-json\/wp\/v2\/media?parent=7449"}],"wp:term":[{"taxonomy":"product_brand","embeddable":true,"href":"https:\/\/unika.sitointest.it\/fr\/wp-json\/wp\/v2\/product_brand?post=7449"},{"taxonomy":"product_cat","embeddable":true,"href":"https:\/\/unika.sitointest.it\/fr\/wp-json\/wp\/v2\/product_cat?post=7449"},{"taxonomy":"product_tag","embeddable":true,"href":"https:\/\/unika.sitointest.it\/fr\/wp-json\/wp\/v2\/product_tag?post=7449"}],"curies":[{"name":"wp","href":"https:\/\/api.w.org\/{rel}","templated":true}]}}